{"id":644,"date":"2013-05-26T19:24:04","date_gmt":"2013-05-26T17:24:04","guid":{"rendered":"http:\/\/www.auto-coaching.fr\/?page_id=644"},"modified":"2016-04-28T15:11:24","modified_gmt":"2016-04-28T13:11:24","slug":"petit-jeu-entre-nous","status":"publish","type":"page","link":"https:\/\/auto-coaching.fr\/index.php\/petit-jeu-entre-nous\/","title":{"rendered":"Petit jeu entre nous"},"content":{"rendered":"<p>D\u00e9sormais, de temps en temps, je vous proposerai de participer \u00e0 des test ou des sondages. Il n\u2019y a aucun caract\u00e8re obligatoire, et sauf indication contraire aucune r\u00e9compense particuli\u00e8re. C\u2019est juste pour le plaisir de participer.<\/p>\n<p>Le test suivant (qui vous prendra 3 minutes) est destin\u00e9 \u00e0 vous expliquer le principe de \u00abla grille de lecture\u00bb. Vous en saurez davantage demain, car l&#8217;article tiendra compte des r\u00e9sultats obtenus.<\/p>\n<p>Merci d\u2019avance pour votre participation :<\/p>\n<p><iframe loading=\"lazy\" src=\"https:\/\/docs.google.com\/forms\/d\/1fAF5PdN9VNuSFXIwwk6HDBHAFvfzy3X1sNwaKHZOCRA\/viewform?embedded=true\" width=\"600\" height=\"840\" frameborder=\"0\" marginwidth=\"0\" marginheight=\"0\">Loading&#8230;<\/iframe><\/p>\n<p>Pensez \u00e0 valider vos r\u00e9ponses (avec le bouton [Envoyer] ou [Submit]). Les r\u00e9ponses sont anonymes et seules les statistiques globales seront affich\u00e9es.<\/p>\n<p>D\u00e8s demain, vous pourrez consulter les statistiques, et les comparer aux bonnes r\u00e9ponses.<\/p>\n<p>A demain<\/p>\n<p><strong>St\u00e9phane SOLOMON<\/strong><\/p>\n<!--themify_builder_content-->\n<div id=\"themify_builder_content-644\" data-postid=\"644\" class=\"themify_builder_content themify_builder_content-644 themify_builder tf_clear\">\n    <\/div>\n<!--\/themify_builder_content-->\n","protected":false},"excerpt":{"rendered":"<p>D\u00e9sormais, de temps en temps, je vous proposerai de participer \u00e0 des test ou des sondages. Il n\u2019y a aucun caract\u00e8re obligatoire, et sauf indication contraire aucune r\u00e9compense particuli\u00e8re. C\u2019est juste pour le plaisir de participer. Le test suivant (qui vous prendra 3 minutes) est destin\u00e9 \u00e0 vous expliquer le principe de \u00abla grille de [&hellip;]<\/p>\n","protected":false},"author":1,"featured_media":0,"parent":0,"menu_order":0,"comment_status":"closed","ping_status":"closed","template":"","meta":[],"builder_content":"","_links":{"self":[{"href":"https:\/\/auto-coaching.fr\/index.php\/wp-json\/wp\/v2\/pages\/644"}],"collection":[{"href":"https:\/\/auto-coaching.fr\/index.php\/wp-json\/wp\/v2\/pages"}],"about":[{"href":"https:\/\/auto-coaching.fr\/index.php\/wp-json\/wp\/v2\/types\/page"}],"author":[{"embeddable":true,"href":"https:\/\/auto-coaching.fr\/index.php\/wp-json\/wp\/v2\/users\/1"}],"replies":[{"embeddable":true,"href":"https:\/\/auto-coaching.fr\/index.php\/wp-json\/wp\/v2\/comments?post=644"}],"version-history":[{"count":18,"href":"https:\/\/auto-coaching.fr\/index.php\/wp-json\/wp\/v2\/pages\/644\/revisions"}],"predecessor-version":[{"id":2665,"href":"https:\/\/auto-coaching.fr\/index.php\/wp-json\/wp\/v2\/pages\/644\/revisions\/2665"}],"wp:attachment":[{"href":"https:\/\/auto-coaching.fr\/index.php\/wp-json\/wp\/v2\/media?parent=644"}],"curies":[{"name":"wp","href":"https:\/\/api.w.org\/{rel}","templated":true}]}}