{"id":690,"date":"2013-06-14T18:11:56","date_gmt":"2013-06-14T16:11:56","guid":{"rendered":"http:\/\/www.auto-coaching.fr\/?page_id=690"},"modified":"2013-07-03T09:47:26","modified_gmt":"2013-07-03T07:47:26","slug":"l-agneau-et-le-loup","status":"publish","type":"page","link":"https:\/\/auto-coaching.fr\/index.php\/l-agneau-et-le-loup\/","title":{"rendered":"L&rsquo;agneau et le loup"},"content":{"rendered":"<p>Saviez-vous que Jean de La Fontaine est \u00e0 l\u2019origine de nombreuses croyances limitantes&nbsp;? Il m\u2019en donne du boulot ! C\u2019est m\u00eame mon principal apporteur d\u2019affaires ! J\u2019ai parfois l\u2019impression qu\u2019il travaille depuis 350 ans pour m\u2019apporter des clients !<\/p>\n<p>Les fables que nous apprenons \u00e0 l\u2019\u00e9cole g\u00e9n\u00e8rent des paradigmes. Elles inscrivent des lois dans notre inconscient. Ajoutez-y un mot fort comme \u00abmorale\u00bb, r\u00e9p\u00e9tez-la comme un texte sacr\u00e9, et vous voil\u00e0 sous conditionnement pour accomplir ce pour quoi on vous a programm\u00e9&#8230; A moins, bien s\u00fbr de changer de paradigmes en vous autorisant \u00e0 penser autrement, et \u00e0 sacraliser vos propres aspirations. C\u2019est \u00e0 votre port\u00e9e.<\/p>\n<p>Prenons un exemple :<\/p>\n<h2>Le loup et l\u2019agneau<\/h2>\n<p>Cette fable \u00e0 laquelle vous n\u2019avez pas pu \u00e9chapper et \u00e0 laquelle vos enfants n\u2019\u00e9chapperont pas est introduite par une morale qui dit ceci :<\/p>\n<blockquote>\n<p>La raison du plus fort est toujours la meilleure !<\/p>\n<\/blockquote>\n<p>Ca peut donner des id\u00e9es bizarres ! Je me souviens que certains \u00e9l\u00e8ves de coll\u00e8ge et du lyc\u00e9e faisaient du \u00abmartial\u00bb. C\u2019est \u00e0 dire un art martial sans art&#8230; Ils \u00e9taient les plus forts, ils avaient souvent raison !<\/p>\n<p>Avec du recul, je me dis que leur fa\u00e7on d\u2019appr\u00e9hender les fables de La Fontaine y \u00e9tait pour quelque chose&#8230;<\/p>\n<p>Mais \u00e0 mon humble avis, ces fables ne sont pas transmises d&#8217;une fa\u00e7on conforme aux v\u00e9ritables souhaits de l&#8217;auteur. Je crois que l&#8217;Education Nationale se trompe en banalisant cet enseignement. Serait-il possible d\u2019imaginer que Jean de La Fontaine, cet homme allusif et g\u00e9nial ait cach\u00e9 un secret d\u2019initi\u00e9s dans cette fable ? Et si nous envisagions les choses sous cet angle :<\/p>\n<p><strong>La raison de celui qui a l\u2019objectif le plus fort est toujours la meilleur !<\/strong><\/p>\n<p>Ca change le \u00abprincipe actif\u00bb, car finalement, on peut observer l\u2019histoire sous cet angle: le plus fort entre le loup et l&#8217;agneau est celui qui a la plus forte raison de vivre. Cette raison s&#8217;exprime, s&#8217;affirme, se d\u00e9finit, s&#8217;affine, se fixe&#8230; Ca n&#8217;a rien \u00e0 voir avec la masse musculaire, ni avec la taille des canines :<\/p>\n<p>Entre <b>un loup qui cherche aventure<\/b> et <b>un agneau qui se d\u00e9salt\u00e8re dans le courant d&#8217;une onde pure<\/b>, il n&#8217;y a pas photo ! Le loup a un objectif, l\u2019agneau n\u2019a rien demand\u00e9 ! Lorsqu\u2019ils se retrouvent face \u00e0 face, ils ob\u00e9issent tous les deux \u00e0 l\u2019objectif le plus fort. L\u2019agneau a beau avancer quelques arguments pour envisager une sortie de secours, il a perdu d\u2019avance&#8230; Voyez, c\u2019est simple !<\/p>\n<p>La question qu\u2019il convient de se poser est la suivante :<\/p>\n<p><strong>Pourquoi laisser les objectifs aux loups ?<\/strong> Les agneaux aussi y ont droit ! Non seulement ils y ont droit, mais s\u2019ils s\u2019autorisaient \u00e0 les exprimer et \u00e0 les affirmer, leurs objectifs seraient bien plus forts que ceux des loups.<\/p>\n<p>Je n&#8217;ai jamais fait parler d\u2019animaux dans mes articles, mais c&#8217;est tentant&#8230; Allez, je me lance :<\/p>\n<div style=\"text-align: center\">\n<p><b><u>L\u2019agneau et le loup<\/u><\/b><\/p>\n<p>Un agneau se d\u00e9salt\u00e9rait dans le courant d&#8217;une onde pure.<br \/>Chaque matin, il remerciait la rivi\u00e8re, la nature&#8230;<br \/>Il observait le ciel, avec la Gratitude<br \/>De celui qui jamais ne perd son altitude.<\/p>\n<p>Un loup survint \u00e0 jeun qui cherchait aventure.<br \/>Il portait en son c\u0153ur tromperie et dictature.<br \/>Alors qu&#8217;entre ses dents coulait un sang douteux,<br \/>Il pr\u00e9tendait encore avoir le ventre creux<\/p>\n<p>\u00abQui te rend si hardi de troubler mon breuvage ?\u00bb<br \/>Dit cet animal plein de rage !<\/p>\n<p>\u00abSire, r\u00e9pond l&#8217;agneau, ne criez pas si fort !<br \/>Car derri\u00e8re le fourr\u00e9 se cache un labrador.<br \/>Si vous vous montrez haineux \u00e0 mon \u00e9gard<br \/>Il vous pourchassera, lui et ses b\u00e2tards<br \/>Jusqu&#8217;au fond des for\u00eats, avec l&#8217;appui des Ma\u00eetres,<br \/>Ces bergers qui se donnent pour que je puisse pa\u00eetre.<br \/>Ils connaissent tous vos tours et sont de fins strat\u00e8ges<br \/>Je ne sortirais point sans mon pr\u00e9cieux cort\u00e8ge.<\/p>\n<p>\u00abTu troubles mon eau et tu oses feinter ?\u00bb<br \/>Reprit le loup furieux, et ne put r\u00e9sister<br \/>De pousser son hurlement, ce cri qui pr\u00e9c\u00e8de<br \/>L&#8217;assaut de celui qui jamais rien ne c\u00e8de.<\/p>\n<p>L&#8217;agneau le regarda sans bouger de sa place<br \/>\u00abSi vous souhaitez me voir tenir posture basse<br \/>Il faudra revenir un jour ou je suis seul<br \/>Aujourd&#8217;hui le c\u0153ur est plus fort que la gueule !\u00bb<\/p>\n<p>L\u00e0 dessus, le loup ne se sent plus de Foi,<br \/>Il avance, il recule, par r\u00e9flexe beffroi,<br \/>Puis il cherche une issue, puis il baisse le yeux,<br \/>Puis il p\u00eache un poisson pour partir victorieux&#8230;<\/p>\n<p>5 ann\u00e9es plus tard, un b\u00e9lier \u00e0 fi\u00e8re allure<br \/>Vint finir ses jours en se baignant dans l&#8217;onde pure<br \/>12 agneaux observ\u00e8rent leur a\u00efeul insoumis<br \/>Partir avec panache&#8230; Il fit ce qu&#8217;il promit :<br \/>Il leur conta l&#8217;histoire, o\u00f9 dans ce m\u00eame d\u00e9cor<br \/>La meilleure des raisons d\u00e9signa le plus fort.<\/p>\n<\/div>\n<p style=\"text-align: center; line-height: 18pt; font-size: 14pt\"><a style=\"font-size: 10pt\" href=\"http:\/\/www.inscription-minute.fr\/solution.aspx?code=OC07RI91&amp;origine=OC-Agneau\"><img decoding=\"async\" style=\"border-right-width: 0px; border-top-width: 0px; border-bottom-width: 0px; border-left-width: 0px\" alt=\"Inscrivez-vous !\" src=\"http:\/\/www.inscription-minute.fr\/adherents\/bandeauObjectifsCoach.jpg\" width=\"540\"><br \/>Acc\u00e8s au formulaire d&#8217;inscription<\/a><\/p>\n<p>A++<\/p>\n<p><b>St\u00e9phane SOLOMON<\/b><br \/>(fortement inspir\u00e9 par Jean de La Fontaine)<\/p>\n<!--themify_builder_content-->\n<div id=\"themify_builder_content-690\" data-postid=\"690\" class=\"themify_builder_content themify_builder_content-690 themify_builder tf_clear\">\n    <\/div>\n<!--\/themify_builder_content-->\n","protected":false},"excerpt":{"rendered":"<p>Saviez-vous que Jean de La Fontaine est \u00e0 l\u2019origine de nombreuses croyances limitantes&nbsp;? Il m\u2019en donne du boulot ! C\u2019est m\u00eame mon principal apporteur d\u2019affaires ! J\u2019ai parfois l\u2019impression qu\u2019il travaille depuis 350 ans pour m\u2019apporter des clients ! Les fables que nous apprenons \u00e0 l\u2019\u00e9cole g\u00e9n\u00e8rent des paradigmes. Elles inscrivent des lois dans notre [&hellip;]<\/p>\n","protected":false},"author":1,"featured_media":0,"parent":0,"menu_order":0,"comment_status":"open","ping_status":"open","template":"","meta":[],"builder_content":"","_links":{"self":[{"href":"https:\/\/auto-coaching.fr\/index.php\/wp-json\/wp\/v2\/pages\/690"}],"collection":[{"href":"https:\/\/auto-coaching.fr\/index.php\/wp-json\/wp\/v2\/pages"}],"about":[{"href":"https:\/\/auto-coaching.fr\/index.php\/wp-json\/wp\/v2\/types\/page"}],"author":[{"embeddable":true,"href":"https:\/\/auto-coaching.fr\/index.php\/wp-json\/wp\/v2\/users\/1"}],"replies":[{"embeddable":true,"href":"https:\/\/auto-coaching.fr\/index.php\/wp-json\/wp\/v2\/comments?post=690"}],"version-history":[{"count":20,"href":"https:\/\/auto-coaching.fr\/index.php\/wp-json\/wp\/v2\/pages\/690\/revisions"}],"predecessor-version":[{"id":731,"href":"https:\/\/auto-coaching.fr\/index.php\/wp-json\/wp\/v2\/pages\/690\/revisions\/731"}],"wp:attachment":[{"href":"https:\/\/auto-coaching.fr\/index.php\/wp-json\/wp\/v2\/media?parent=690"}],"curies":[{"name":"wp","href":"https:\/\/api.w.org\/{rel}","templated":true}]}}