{"id":696,"date":"2013-06-21T17:02:56","date_gmt":"2013-06-21T15:02:56","guid":{"rendered":"http:\/\/www.auto-coaching.fr\/?page_id=696"},"modified":"2013-07-24T10:26:16","modified_gmt":"2013-07-24T08:26:16","slug":"la-peau-de-banane","status":"publish","type":"page","link":"https:\/\/auto-coaching.fr\/index.php\/la-peau-de-banane\/","title":{"rendered":"La peau de banane"},"content":{"rendered":"<p>Lorsque j&#8217;ai eu 5 ans, mon p\u00e8re m&#8217;a dit pour la premi\u00e8re fois :  <\/p>\n<p>&#8211; Si tu vois une peau de banane par terre, ramasse-la et jette-la dans une poubelle !  <\/p>\n<p>C&#8217;est le premier paradigme dont je me souviens. Je n&#8217;avais pas besoin d&#8217;analyser le pourquoi du comment. Le fait que mon p\u00e8re me le demande \u00e9tait suffisant. Je crois que tous les enfants ont envie de faire plaisir \u00e0 leurs parents et d&#8217;exister \u00e0 travers leur regard.  <\/p>\n<p>Il y avait beaucoup de peaux de bananes qui trainaient \u00e0 l&#8217;\u00e9poque, lorsque je me promenais avec mon p\u00e8re, j&#8217;\u00e9tais content de lui l\u00e2cher la main quelques secondes, le temps de ramasser une peau de banane puis de revenir vers lui une fois ma mission accomplie. Il me caressait alors le bout des doigts avec son pouce pour exprimer sa fiert\u00e9. Il m&#8217;aimait, et comme je voulais lui ressembler, je m&#8217;aimais aussi&#8230;  <\/p>\n<p>Parfois, je me promenais tout seul dans le centre commercial \u00e0 ciel ouvert o\u00f9 mon p\u00e8re avait son atelier d&#8217;imprimerie, et d\u00e8s qu\u2019une peau de banane apparaissait, je la ramassais pour la d\u00e9poser dans l&#8217;une des cinq poubelles qui d\u00e9coraient le lieu. Ensuite je jetais un coup d&#8217;\u0153il vers le petit local&#8230; On ne sait jamais : peut-\u00eatre mon p\u00e8re me surveillait-il en prenant sa pause&#8230; Mais m\u00eame si je ne le voyais pas, m\u00eame s&#8217;il ne me voyait pas, je savais que cet acte \u00e9tait une source de fiert\u00e9 pour mon p\u00e8re, et il cr\u00e9ait une aura d\u2019Amour autour de moi, \u00e0 chaque fois&#8230;  <\/p>\n<p>Parfois je sortais de son cadre d&#8217;influence. J&#8217;allais au centre ville avec ma m\u00e8re, mon grand fr\u00e8re ou mes grands-parents, et j&#8217;ob\u00e9issais toujours \u00e0 cette loi&#8230; J&#8217;\u00e9tais connect\u00e9 \u00e0 mon p\u00e8re, m\u00eame \u00e0 distance et hors de son champ de vision.  <\/p>\n<p>Lorsque j&#8217;avais un doute ou une tristesse \u00e0 cause d&#8217;un copain de classe, d&#8217;un passant grincheux, ou d&#8217;une quelconque d\u00e9ception, j&#8217;\u00e9num\u00e9rais \u00e0 mon p\u00e8re, le soir venu, la liste de mes peaux de bananes ramass\u00e9es. Il me regardait en souriant, et \u00e7a suffisait pour me rendre la part d\u2019Amour Propre que les autres m\u2019avaient vol\u00e9. Il m&#8217;arrivait m\u00eame de r\u00eaver que je ramassais des peaux de banane, et mes r\u00e9veils ces matins-l\u00e0 \u00e9taient d\u00e9licieux.  <\/p>\n<p>S\u2019agissait-il uniquement d\u2019un acte civique ? A partir de l\u2019\u00e2ge de 7 ans, j\u2019ai commenc\u00e9 \u00e0 me poser la question. Mais en devenant adulte et p\u00e8re \u00e0 mon tour, j\u2019ai pris conscience que ramasser une peau de banane avait d\u2019autres vertus. C\u2019\u00e9tait le plus beau cadeau que mon p\u00e8re m\u2019a offert : une technique qui me permettait de me sentir prot\u00e9g\u00e9 par une aura d\u2019Amour, quand je le souhaitais, juste en faisant quelque chose qui plaisait \u00e0 ceux que j&#8217;aimais. C\u2019\u00e9tait une technique d\u2019estime de soi&#8230; pratique, rapide, facile, sublime&#8230;  <\/p>\n<p>Il \u00e9tait fort en Amour, mon papa !  <\/p>\n<p>Aujourd&#8217;hui, je transmets \u00e0 mes enfants cette capacit\u00e9 de s&#8217;aimer. C&#8217;est tellement simple : il leur suffit de me faire plaisir \u00e0 travers un acte transcendant. Un acte qui nous d\u00e9passe&#8230; Une multitude de choses magiques et inexplicables apparaissent et font le reste. Elles nous caressent et nous prot\u00e8gent : tout devient doux.  <\/p>\n<p>La peau de banane a continu\u00e9 \u00e0 me surprendre d&#8217;ann\u00e9e en ann\u00e9e. A chaque \u00e9tape de ma vie elle m&#8217;a apport\u00e9 de nouvelles sensations. A l&#8217;\u00e2ge de 7 ans, 10 ans, 14 ans, 25 ans, 40 ans&#8230; elle a chang\u00e9 de signification, de lieu, de forme, de port\u00e9e&#8230; Et lorsque la douleur de perdre mon p\u00e8re fut \u00e0 son comble, c&#8217;est encore elle qui m&#8217;a donn\u00e9 acc\u00e8s \u00e0 la force qui m&#8217;habite et qui m&#8217;anime.  <\/p>\n<p>Chaque ann\u00e9e en comm\u00e9morant le d\u00e9c\u00e8s de mon p\u00e8re, l&#8217;histoire de la peau de banane me revient en m\u00e9moire et m&#8217;offre encore ses secrets. J&#8217;ai envie de partager cette histoire avec vous, or je sais que vous n&#8217;avez pas adh\u00e9r\u00e9 \u00e0 un programme appel\u00e9 \u00abLa peau de banane\u00bb. Je ne vais donc pas vous ennuyer avec \u00e7a dans TIME-COACH.  <\/p>\n<p>Si la suite vous int\u00e9resse, vous pourrez recevoir ces 5 messages d&#8217;hommage cette semaine. Il vous suffit de vous inscrire gratuitement en cliquant ci-dessous :  <\/p>\n<p style=\"text-align: center\"><a href=\"http:\/\/www.inscription-minute.fr\/solution.aspx?code=PB07RI91\" target=\"_blank\"><img decoding=\"async\" title=\"Inscription gratuite au programme &laquo;La peau de banane&raquo;\" border=\"0\" alt=\"Inscription gratuite au programme &laquo;La peau de banane&raquo;\" src=\"http:\/\/www.coupon-reponse.fr\/adherents\/bandeauPeauBanane.gif\" width=\"420\"><\/a><br \/><a href=\"http:\/\/www.inscription-minute.fr\/solution.aspx?code=PB07RI91\" target=\"_blank\">Cliquez ici pour vous inscrire gratuitement<\/a>  <\/p>\n<p>C&#8217;est un programme d\u2019\u00e9veil d&#8217;une semaine (un article court chaque matin). Si cette introduction vous a apport\u00e9 quelque chose, quoi que ce soit, je suis s\u00fbr que la suite vous donnera de multiples satisfactions.  <\/p>\n<p>A travers diff\u00e9rentes d\u00e9couvertes, sous le regard du coach, parfois adulte parfois enfant, j\u2019explorerai avec vous les diff\u00e9rentes facettes de cette simple mission, qui d\u2019ann\u00e9e en ann\u00e9e m\u2019a permis de Devenir.  <\/p>\n<p>Et surtout, ce sera pour moi l&#8217;occasion de rendre hommage \u00e0 mon p\u00e8re, mon rep\u00e8re&#8230;  <\/p>\n<p>Vous pouvez y inviter vos amis, en prenant soin de ne pas leur forcer la main (ne les inscrivez pas sans leur consentement). Envoyez-leur juste un courrier \u00e9lectronique avec un lien vers cette page. Ils prendront ensuite leur d\u00e9cision librement.  <\/p>\n<p>Au plaisir ++prenom++,  <\/p>\n<p><b>St\u00e9phane SOLOMON<\/b><\/p>\n<!--themify_builder_content-->\n<div id=\"themify_builder_content-696\" data-postid=\"696\" class=\"themify_builder_content themify_builder_content-696 themify_builder tf_clear\">\n    <\/div>\n<!--\/themify_builder_content-->\n","protected":false},"excerpt":{"rendered":"<p>Lorsque j&#8217;ai eu 5 ans, mon p\u00e8re m&#8217;a dit pour la premi\u00e8re fois : &#8211; Si tu vois une peau de banane par terre, ramasse-la et jette-la dans une poubelle ! C&#8217;est le premier paradigme dont je me souviens. Je n&#8217;avais pas besoin d&#8217;analyser le pourquoi du comment. Le fait que mon p\u00e8re me le [&hellip;]<\/p>\n","protected":false},"author":1,"featured_media":0,"parent":0,"menu_order":0,"comment_status":"open","ping_status":"open","template":"","meta":[],"builder_content":"","_links":{"self":[{"href":"https:\/\/auto-coaching.fr\/index.php\/wp-json\/wp\/v2\/pages\/696"}],"collection":[{"href":"https:\/\/auto-coaching.fr\/index.php\/wp-json\/wp\/v2\/pages"}],"about":[{"href":"https:\/\/auto-coaching.fr\/index.php\/wp-json\/wp\/v2\/types\/page"}],"author":[{"embeddable":true,"href":"https:\/\/auto-coaching.fr\/index.php\/wp-json\/wp\/v2\/users\/1"}],"replies":[{"embeddable":true,"href":"https:\/\/auto-coaching.fr\/index.php\/wp-json\/wp\/v2\/comments?post=696"}],"version-history":[{"count":6,"href":"https:\/\/auto-coaching.fr\/index.php\/wp-json\/wp\/v2\/pages\/696\/revisions"}],"predecessor-version":[{"id":775,"href":"https:\/\/auto-coaching.fr\/index.php\/wp-json\/wp\/v2\/pages\/696\/revisions\/775"}],"wp:attachment":[{"href":"https:\/\/auto-coaching.fr\/index.php\/wp-json\/wp\/v2\/media?parent=696"}],"curies":[{"name":"wp","href":"https:\/\/api.w.org\/{rel}","templated":true}]}}