{"id":707,"date":"2013-07-02T14:04:28","date_gmt":"2013-07-02T12:04:28","guid":{"rendered":"http:\/\/www.auto-coaching.fr\/?page_id=707"},"modified":"2013-07-04T11:55:27","modified_gmt":"2013-07-04T09:55:27","slug":"declenchez-la-gratitude","status":"publish","type":"page","link":"https:\/\/auto-coaching.fr\/index.php\/declenchez-la-gratitude\/","title":{"rendered":"D&eacute;clenchez la Gratitude"},"content":{"rendered":"<p>Mon pr\u00e9c\u00e9dent article (<a href=\"http:\/\/www.auto-coaching.fr\/index.php\/l-agneau-et-le-loup\/\" target=\"_blank\">l\u2019agneau et le loup<\/a>) a fait un bel effet. Je vous propose de continuer sur la m\u00eame lanc\u00e9e :<\/p>\n<p>Je vous expliquais que Jean de La Fontaine, ou du moins la fa\u00e7on de banaliser sont enseignement, pouvait programmer l\u2019esprit, et lui insuffler des codes de conduite inadapt\u00e9s. Si vous voulez atteindre une certaine performance (c\u2019est le but d\u2019un coaching), il convient de reprogrammer tout \u00e7a&#8230; Et il y a du boulot, car vous avez r\u00e9p\u00e9t\u00e9 ces morales des centaines de fois. Elles sont <strong>ancr\u00e9es<\/strong> en vous.<\/p>\n<p>Prenez par exemple, \u00abrien ne sert de courir, il faut partir \u00e0 point !\u00bb\u2026 Le paradigme qui en r\u00e9sulte casse le moral de nombreux entrepreneurs qui CROIENT dur comme fer, que si la concurrence a une longueur d&#8217;avance, il n&#8217;y a plus aucune chance de tirer son \u00e9pingle du jeu. Si vous connaissez quelques r\u00e8gles sur l&#8217;innovation, vous savez que c&#8217;est faux ! Chaque innovation pose les bases d&#8217;un nouveau d\u00e9part et d&#8217;une nouvelle ligne d&#8217;arriv\u00e9e, de la m\u00eame fa\u00e7on qu&#8217;un nouvel \u00e9l\u00e9ment dans un proc\u00e8s peut relancer l&#8217;enqu\u00eate et inverser la tendance.<\/p>\n<p>Aujourd\u2019hui, j\u2019aimerais vous parler du redoutable :<\/p>\n<blockquote>\n<p>Tout flatteur vit aux d\u00e9pens de celui qui l&#8217;\u00e9coute<\/p>\n<\/blockquote>\n<p>Que de non-dits, de conflits, de malentendus, de d\u00e9couragements&#8230; \u00e0 cause de deux animaux qui manquent de savoir-vivre ! Les inconditionnels de la <strong>Gratitude<\/strong> sont outr\u00e9s par cette morale :<\/p>\n<p>Imaginez par exemple un entrepreneur (que nous appellerons Etienne). Il trouve sur le site <a href=\"http:\/\/www.excelabo.net\/\" target=\"_blank\">excelabo.net<\/a> une information qui lui permet de s\u2019\u00e9pargner 3 heures par semaine de dur labeur (soit l\u2019\u00e9quivalent de 20 jours de travail par an). L&#8217;information est tellement utile, qu\u2019il se rend sur le livre d\u2019or du site, pr\u00eat \u00e0 laisser ce t\u00e9moignage :<\/p>\n<blockquote>\n<p>Vous venez de me sauver des jours et des jours de travail compliqu\u00e9 ! Je suis \u00e9bloui par vos connaissances et votre capacit\u00e9 \u00e0 les communiquer. Au nom de toute ma famille, \u00e0 laquelle vous venez d&#8217;offrir un mois de vacances avec moi, je vous adresse toute ma Gratitude.<\/p>\n<\/blockquote>\n<p>Ce serait super de pouvoir le faire ! Pourtant, Etienne ne le fera pas. Il va se mettre \u00e0 r\u00e9fl\u00e9chir&#8230;<\/p>\n<p>&#8211; Si j&#8217;\u00e9cris \u00e7a, la personne qui recevra mon message va croire que je la flatte. Et donc elle va se dire que je cherche \u00e0 vivre \u00e0 ses d\u00e9pens&#8230; Ce qui n&#8217;est pas le cas, donc il vaut mieux \u00e9viter de trop en faire. Nous ne sommes pas \u00e0 la cour des miracles. Tout ceci reste ordinaire\u2026<\/p>\n<p>De \u00abdonc en donc\u00bb, Etienne va r\u00e9tablir une \u00abcommunication en surface\u00bb en \u00e9vitant de se mettre en danger le jour de l\u2019ouverture de la chasse au renard. Il \u00e9crira ceci :<\/p>\n<blockquote>\n<p>Informations fort utiles. Travail plus que correct, comparativement \u00e0 d&#8217;autres sites. Dommage que la charte graphique ne soit pas \u00e0 la hauteur du contenu&#8230;<\/p>\n<\/blockquote>\n<p>Vous allez me dire que c&#8217;est tr\u00e8s symapthique comme critique. Mais justement, c&#8217;est l\u00e0 qu&#8217;est l&#8217;os :<\/p>\n<p align=\"center\"><strong>C&#8217;EST UNE CRITIQUE !<\/strong><\/p>\n<p>Le p\u00e8re de famille \u00e9mu par le temps qui vient de lui \u00eatre offert avec les siens, se transforme en \u00ab\u00e9valuateur de sites internet\u00bb&#8230; Pourquoi, bon sang ?! Parce que \u00e7a \u00e9vite la flatterie. Etienne a appris \u00e7a \u00e0 l&#8217;\u00e9cole \u00e0 l&#8217;\u00e2ge de raison, et il a grandi avec cette morale. Depuis, il l&#8217;a entendue des centaines de fois \u00e0 diff\u00e9rentes occasions. Comment voulez-vous qu&#8217;il exprime sa Gratitude ? C&#8217;est impossible ! C&#8217;est interdit ! Il se mettrait en \u00e9chec scolaire !<\/p>\n<p>Non&#8230; Etienne va juste soumettre sa critique, puis il entrera chez lui rejoindre son fils de 7 ans qui lui dira :<\/p>\n<p>&#8211; Papa, j&#8217;ai une r\u00e9citation \u00e0 apprendre pour demain, et je ne comprends rien ! Tu peux m&#8217;aider ? C&#8217;est \u00able corbeau et le renard\u00bb.<\/p>\n<p>Et Etienne lui r\u00e9pondra :<\/p>\n<p>&#8211; Mais bien s\u00fbr que je peux t&#8217;aider, je la connais par-c\u0153ur !<\/p>\n<p>Notre champion va la r\u00e9citer \u00e0 son fils, de m\u00e9moire, et il en sera fier. Encourag\u00e9 par son mod\u00e8le, le petit gar\u00e7on va apprendre la fable 3 fois plus vite. Ensuite ils se feront une joie de la r\u00e9p\u00e9ter en famille.<\/p>\n<p>Le lendemain, un client d&#8217;Etienne va lui envoyer un e-mail pour le remercier chaleureusement d&#8217;un travail remis une semaine plus t\u00f4t :<\/p>\n<blockquote>\n<p>Vous avez fait un travail d&#8217;orf\u00e8vre ! Quelle pr\u00e9cision ! A chaque fois que je vous confie une mission, je me sens serein, car je sais que vous y mettrez tout votre talent, et vous en avez ! Pour ce travail, pour tous ceux qui ont pr\u00e9c\u00e9d\u00e9s, ainsi que pour vos missions futures, je vous exprime toute ma Gratitude.<\/p>\n<\/blockquote>\n<p>Etienne a bien envie de r\u00e9pondre ceci :<\/p>\n<blockquote>\n<p>J&#8217;ai eu 2 mentors qui m&#8217;ont form\u00e9 et qui m&#8217;ont montr\u00e9 la voie. Votre message me touche, car \u00e0 travers moi, vous gratifiez ceux qui m&#8217;ont permis de Devenir&#8230; Gr\u00e2ce \u00e0 vous, je commence ma journ\u00e9e en pensant \u00e0 eux. C&#8217;est donc une belle journ\u00e9e. Gratitude&#8230;<\/p>\n<\/blockquote>\n<p>Mais Etienne a \u00e9t\u00e9 \u00e0 l&#8217;\u00e9cole : on ne la lui fait pas ! Ce client le flatte : c&#8217;est un renard. Il va certainement demander une r\u00e9duction la prochaine fois ! Aussi, restons sur nos gardes.<\/p>\n<p>Etienne r\u00e9pondra ceci :<\/p>\n<blockquote>\n<p>Merci pour ces compliments que j&#8217;appr\u00e9cie, mais je n&#8217;ai fait que mon travail.<\/p>\n<\/blockquote>\n<p>Ainsi va la vie d&#8217;Etienne&#8230;<\/p>\n<h2>Des si\u00e8cles de culture anti-gratitude<\/h2>\n<p>Vous pensez peut-\u00eatre que j&#8217;exag\u00e8re&#8230; Tout le monde sait qu&#8217;il s&#8217;agit de fables. Tout le monde sait que les animaux ne parlent pas. Pourquoi pr\u00e9tendre que ces morales s&#8217;inscrivent aussi profond\u00e9ment dans nos esprits ?<\/p>\n<p>Avant de poursuivre, j&#8217;aimerais vous rappeler que vous avez tout \u00e0 fait le droit de ne pas \u00eatre d&#8217;accord avec moi. Dans cet article, je voulais juste attirer votre attentions sur le fait que si vous participiez \u00e0 un jeu-concours et on vous demandait de compl\u00e9ter ces 2 mots :<\/p>\n<ul>\n<li>Tout flatteur&#8230; <\/li>\n<\/ul>\n<p>Vous trouveriez la suite imm\u00e9diatement, sans r\u00e9fl\u00e9chir ! Mais si on vous demandait de compl\u00e9ter ces 4 mots :<\/p>\n<ul>\n<li>La gratitude peut transformer&#8230; <\/li>\n<\/ul>\n<p>Vous aurez besoin de Google pour trouver la suite, et il est m\u00eame possible que vous la trouviez \u00e9trange. En tout cas \u00abd\u00e9cal\u00e9e\u00bb. En d&#8217;autres termes, la plupart des gens trouvent beaucoup plus facilement dans leur esprit des phrases anti-gratitude, que des phrases pro-gratitude. Lorsqu&#8217;on sait qu&#8217;en fran\u00e7ais, on appelle \u00e7a du \u00abpar-c\u0153ur\u00bb, la question m\u00e9rite d&#8217;\u00eatre pos\u00e9e dans le cadre d&#8217;un auto-coaching, car en mati\u00e8re de performance et de r\u00e9ussite, les affaires de c\u0153ur sont des affaires sensibles.<\/p>\n<p>Il est \u00e9vident que votre fa\u00e7on de communiquer influence vos r\u00e9sultats. <strong>Communiquer positivement sous forme de valeurs et d&#8217;\u00e9motions va \u00e9lever le niveau<\/strong>.<\/p>\n<h2>Faux ennemi<\/h2>\n<p>Jean de La Fontaine n\u2019est pas responsable de la situation ! Un homme qui a \u00e9crit ceci ne peut pas \u00eatre mauvais :<\/p>\n<ul>\n<li>Rien n&#8217;a d&#8217;empire sur l&#8217;amour, L&#8217;amour en a sur toutes choses\n<li>La plus belle victoire est de vaincre son c\u0153ur\n<li>Quand l&#8217;eau courbe un b\u00e2ton, ma raison le redresse\n<li>Aide-toi, le ciel t&#8217;aidera <\/li>\n<\/ul>\n<p>La Fontaine l&#8217;a expliqu\u00e9 <em>\u00abJe me sers des animaux pour instruire les hommes\u00bb<\/em>. Ce qui signifie que sa po\u00e9sie a une port\u00e9e philosophique et spirituelle profonde. L&#8217;erreur est de prendre des phrases sorties de leur contexte m\u00e9taphorique et d&#8217;en faire des expressions populaires, puis des r\u00e8gles de conduite. Je ne pense pas que La Fontaine voulait \u00e7a&#8230;<\/p>\n<h2>Recadrage<\/h2>\n<p>Vous avez l\u00e0 une fable qui raconte l&#8217;histoire de deux escrocs : le premier est un charognard, le second est un fourbe qui ruine les honn\u00eates gens (\u00e0 l&#8217;\u00e9poque, le renard n&#8217;\u00e9tait pas une esp\u00e8ce prot\u00e9g\u00e9e, mais une menace qui emp\u00eachait de dormir). Celui qui tient l&#8217;objet du d\u00e9sir (le fromage) ne l&#8217;a pas fabriqu\u00e9, il l&#8217;a vol\u00e9 quelque part : c&#8217;est donc l\u2019histoire d\u2019un voleur qui se fait voler par un autre voleur, et ils sont qualifi\u00e9s tous les deux de \u00abMa\u00eetre\u00bb. D&#8217;entr\u00e9e de jeu le milieu est sournois, mafieux, plein de faux semblants&#8230; Evidemment que dans ce milieu l\u00e0, tout flatteur vit aux d\u00e9pens de celui qui l&#8217;\u00e9coute ! La Fontaine n&#8217;a pas d\u00e9crit une colombe et un Saint-Bernard s&#8217;\u00e9changeant une grappe de raisins, pour illustrer son paradigme&#8230;<\/p>\n<p>Avant de vous servir de cette morale et de voir l\u2019univers tout entier sous son prisme, autorisez-vous \u00e0 vous poser une question : est-ce que j&#8217;\u00e9volue sur le m\u00eame territoire ?<\/p>\n<p>Vos croyances et vos valeurs cr\u00e9ent une certaine perception du monde. Vos pens\u00e9es sont canalis\u00e9es par cette perception. Tout d\u00e9marre de l\u00e0. Vos pens\u00e9es g\u00e9n\u00e8rent des \u00e9motions, et vos \u00e9motions vous poussent \u00e0 l\u2019action (ou pas). C\u2019est ainsi que vous obtenez vos r\u00e9sultats.<\/p>\n<p>D&#8217;o\u00f9 viennent ces croyances et vos valeurs ? Qu&#8217;est-ce qui ringardise la Gratitude, au point d&#8217;en faire un vieux clich\u00e9 ? Qu&#8217;est-ce qui emp\u00eache des millions de personnes de communiquer leur joie et leur bonheur en utilisant de beaux mots aux multiples parfums ?<\/p>\n<p>Si ce questionnement vous apporte quelques r\u00e9ponses, le recadrage est en train de se faire en vous. Vous pourrez remonter de la croyance \u00e0 la pens\u00e9e, de la pens\u00e9e \u00e0 l&#8217;\u00e9motion, de l&#8217;\u00e9motion \u00e0 l&#8217;action et de l&#8217;action au r\u00e9sultat.<\/p>\n<h2>Sans rancune !<\/h2>\n<p>L&#8217;Education Nationale, comme tout le monde le sait, a besoin de quelques remaniements. La plupart des enseignants aimeraient transmettre autrement, changer les programmes, passionner les \u00e9l\u00e8ves davantage, s&#8217;int\u00e9resser aux \u00abcancres\u00bb, innover p\u00e9dagogiquement, tester des m\u00e9thodes, \u00e9changer avec leurs pairs, ajouter de la profondeur \u00e0 certaines mati\u00e8res ou certains th\u00e8mes.<\/p>\n<p>C&#8217;est <strong>le syst\u00e8me<\/strong> qui est ferm\u00e9&#8230; Mais les hommes et les femmes qui accueillent nos enfants tous les jours ont du m\u00e9rite. Je sais qu&#8217;il y a toujours des exceptions, mais la plupart des enseignants sont AU SERVICE de nos enfants.<\/p>\n<p>Cette fin de semaine, beaucoup de parents vont offrir un cadeau aux instituteurs et institutrices qui ont accompagn\u00e9s leurs enfants. <strong>Le cadeau est un message de Gratitude<\/strong>. Pensez-y au moment d&#8217;offrir, afin que le geste ne soit pas qu\u2019un simple rituel, mais un \u00e9lan \u00e9motionnel.<\/p>\n<p>Si vous n&#8217;avez pas les moyens d&#8217;offrir un cadeau, un petit message gentil en quelques mots, juste des mots choisis contenant l&#8217;\u00e9tincelant \u00abMerci\u00bb ou le lumineux \u00abGratitude\u00bb, aura la valeur d&#8217;un cadeau rare&#8230; Il peut encourager une carri\u00e8re, il peut confirmer \u00e0 ceux qui prennent des initiatives qu\u2019ils sont sur la bonne voie. C\u2019est motivant ! Ca renforce !<\/p>\n<p>L&#8217;impact que ce cadeau aura sur l&#8217;enseignant(e) est pr\u00e9visible. Mais ce que je vous propose d&#8217;observer une fois l&#8217;intention initiale accomplie, c&#8217;est l&#8217;impact que l&#8217;expression de la Gratitude aura sur vous&#8230;<\/p>\n<p>Bonnes d\u00e9couvertes,<\/p>\n<p><strong>St\u00e9phane SOLOMON<\/strong><\/p>\n<p>Pour aller plus loin :<\/p>\n<ul>\n<li><a href=\"http:\/\/www.inscription-minute.fr\/solution.aspx?code=PB07RI91\" target=\"_blank\">La peau de banane<\/a> : Auto-coaching d\u2019\u00e9veil sur la proactivit\u00e9 (gratuit)\n<li><a href=\"http:\/\/www.inscription-minute.fr\/solution.aspx?code=PP20INS7\" target=\"_blank\">PENSEE++<\/a> : La pens\u00e9e positive au service de vos actions (20\u20ac)\n<li><a href=\"http:\/\/www.inscription-minute.fr\/solution.aspx?code=RA20IN07\" target=\"_blank\">RICHE-ATTITUDE<\/a> : Recadrages \u00e0 propos du rapport \u00e0 l\u2019argent (20\u20ac) <\/li>\n<\/ul>\n<!--themify_builder_content-->\n<div id=\"themify_builder_content-707\" data-postid=\"707\" class=\"themify_builder_content themify_builder_content-707 themify_builder tf_clear\">\n    <\/div>\n<!--\/themify_builder_content-->\n","protected":false},"excerpt":{"rendered":"<p>Mon pr\u00e9c\u00e9dent article (l\u2019agneau et le loup) a fait un bel effet. Je vous propose de continuer sur la m\u00eame lanc\u00e9e : Je vous expliquais que Jean de La Fontaine, ou du moins la fa\u00e7on de banaliser sont enseignement, pouvait programmer l\u2019esprit, et lui insuffler des codes de conduite inadapt\u00e9s. Si vous voulez atteindre une [&hellip;]<\/p>\n","protected":false},"author":1,"featured_media":0,"parent":0,"menu_order":0,"comment_status":"open","ping_status":"open","template":"","meta":[],"builder_content":"","_links":{"self":[{"href":"https:\/\/auto-coaching.fr\/index.php\/wp-json\/wp\/v2\/pages\/707"}],"collection":[{"href":"https:\/\/auto-coaching.fr\/index.php\/wp-json\/wp\/v2\/pages"}],"about":[{"href":"https:\/\/auto-coaching.fr\/index.php\/wp-json\/wp\/v2\/types\/page"}],"author":[{"embeddable":true,"href":"https:\/\/auto-coaching.fr\/index.php\/wp-json\/wp\/v2\/users\/1"}],"replies":[{"embeddable":true,"href":"https:\/\/auto-coaching.fr\/index.php\/wp-json\/wp\/v2\/comments?post=707"}],"version-history":[{"count":18,"href":"https:\/\/auto-coaching.fr\/index.php\/wp-json\/wp\/v2\/pages\/707\/revisions"}],"predecessor-version":[{"id":738,"href":"https:\/\/auto-coaching.fr\/index.php\/wp-json\/wp\/v2\/pages\/707\/revisions\/738"}],"wp:attachment":[{"href":"https:\/\/auto-coaching.fr\/index.php\/wp-json\/wp\/v2\/media?parent=707"}],"curies":[{"name":"wp","href":"https:\/\/api.w.org\/{rel}","templated":true}]}}