{"id":741,"date":"2013-07-10T14:50:16","date_gmt":"2013-07-10T12:50:16","guid":{"rendered":"http:\/\/www.auto-coaching.fr\/?page_id=741"},"modified":"2013-07-10T18:46:42","modified_gmt":"2013-07-10T16:46:42","slug":"pour-avoir-moins-peur","status":"publish","type":"page","link":"https:\/\/auto-coaching.fr\/index.php\/pour-avoir-moins-peur\/","title":{"rendered":"Pour avoir moins peur"},"content":{"rendered":"<p>Avant de commencer, j&#8217;aimerais remercier les 205 personnes qui se sont inscrites au programme \u00abLA PEAU DE BANANE\u00bb. Je rappelle qu&#8217;il s&#8217;agit d&#8217;un programme gratuit sur la proactivit\u00e9 (attitude qui consiste \u00e0 prendre sa vie en mains), et que c&#8217;est le fait de vouloir rendre hommage \u00e0 mon p\u00e8re qui m&#8217;a amen\u00e9 vers cette \u00e9criture.  <\/p>\n<p>Comme pour les programmes payants, J&#8217;ai re\u00e7u quelques courriers \u00e9lectroniques qui expriment des peurs ou des croyances limitantes qui servent de raisons (ou de pr\u00e9textes) pour ne pas adh\u00e9rer \u00e0 \u00abLa peau de banane\u00bb. Pour ce programme, la question d&#8217;argent n&#8217;est pas pr\u00e9sente, mais il y a d&#8217;autres \u00e9l\u00e9ments bloquants.  <\/p>\n<p>Par exemple, Mathilda (une lectrice de TIME-COACH), a ressenti le besoin de me dire que <a href=\"http:\/\/www.auto-coaching.fr\/la-peau-de-banane\/\">l&#8217;article d&#8217;invitation<\/a> lui a beaucoup plu, mais qu&#8217;elle n&#8217;a pas donn\u00e9 suite parce qu&#8217;elle a peur qu&#8217;un programme sur le deuil la d\u00e9stabilise. Je lui ai r\u00e9pondu que ce programme n&#8217;est pas sur le deuil (il ne faut pas confondre \u00abrendre hommage\u00bb et \u00abfaire son deuil\u00bb) : mon p\u00e8re est tr\u00e8s vivant dans cette histoire, que beaucoup de lecteurs trouvent touchante et inspirante, ici et maintenant.  <\/p>\n<p>Si l&#8217;un des articles raconte son Grand D\u00e9part, ce n&#8217;est pas dans le but d&#8217;expliquer comment faire face \u00e0 cette douleur, mais plut\u00f4t dans celui de t\u00e9moigner de la p\u00e9rennit\u00e9 de la proactivit\u00e9 :  <\/p>\n<blockquote>\n<p>Prendre sa vie en mains, c&#8217;est aussi exister apr\u00e8s la vie&#8230;<\/p>\n<\/blockquote>\n<p>Mathilda a adh\u00e9r\u00e9 apr\u00e8s mes explications. J&#8217;invite tous ceux qui h\u00e9sitent \u00e0 s&#8217;inscrire, pour cette raison ou pour d&#8217;autres, de COMMUNIQUER avec moi :  <\/p>\n<blockquote>\n<p>Communiquer avec \u00abceux qui savent rassurer\u00bb est la premi\u00e8re fa\u00e7on d&#8217;att\u00e9nuer la peur.<\/p>\n<\/blockquote>\n<p>Ceci est valable quelle que soit votre peur. Et rappelez-vous que la r\u00e9action humaine automatique, est d&#8217;aller vers ce qui confirme la peur :  <\/p>\n<ul>\n<li>Soit en consultant des personnes qui ont une propension naturelle au catastrophisme\n<li>Soit en cherchant dans notre m\u00e9moire, nos croyances et nos valeurs, tout ce qui pourrait accentuer cette peur. Et quand on cherche, on trouve ! <\/li>\n<\/ul>\n<p>J&#8217;ai donc expliqu\u00e9 \u00e0 Mathilda qu&#8217;elle \u00e9tait en pleine proactivit\u00e9 en m&#8217;\u00e9crivant, car elle ne s&#8217;est pas laiss\u00e9e faire par sa peur : elle a eu un comportent remarquable (qui est assez rare pour \u00eatre remarqu\u00e9) qui consiste \u00e0 dompter sa peur par la <strong>Communication<\/strong>.  <\/p>\n<p>J&#8217;ai re\u00e7u d&#8217;autres e-mails, et je vais y r\u00e9pondre comme je le fais avec les programmes payants. Le fait que ce programme soit gratuit ne change pas ma vocation de vous aider \u00e0 aller vers davantage de D\u00e9veloppement Personnel. Si je peux consacrer du temps gratuit, c&#8217;est parce que mon temps payant me permet de le faire.  <\/p>\n<blockquote>\n<p>L&#8217;argent peut acc\u00e9l\u00e9rer des projets de vie, comme le manque d&#8217;argent peut les ralentir. Mais LA MISSION demeure&#8230; La mission ne d\u00e9pend pas des moyens, mais des objectifs fix\u00e9s. Les moyens sont nombreux, et ils apparaissent \u00e0 mesure que les objectifs s&#8217;\u00e9claircissent.<\/p>\n<\/blockquote>\n<p>Alors adh\u00e9rez sereinement \u00e0 \u00abLa peau de banane\u00bb ou communiquez-moi vos blocages. Je me ferai un plaisir de vous r\u00e9pondre, comme je l&#8217;ai fait avec Mathilda. Dites-vous aussi que le d\u00e9nouement de votre blocage peut aider d&#8217;autres personnes. Cette fa\u00e7on de contribuer au monde est \u00e9galement un bon moyen de dompter la peur ou de recadrer des croyances limitantes.  <\/p>\n<p>En exprimant un probl\u00e8me par \u00e9crit, afin de le rendre compr\u00e9hensible \u00e0 d&#8217;autres personnes, il est tr\u00e8s courant de constater qu&#8217;une fois le probl\u00e8me sur papier, les solutions apparaissent d\u2019elles m\u00eame ! <\/p>\n<blockquote>\n<p>ECRIRE noir sur blanc, permet de nuancer les couleurs de votre vie.<\/p>\n<\/blockquote>\n<p>Votre d\u00e9vou\u00e9,  <\/p>\n<p><strong>St\u00e9phane SOLOMON<\/strong><\/p>\n<!--themify_builder_content-->\n<div id=\"themify_builder_content-741\" data-postid=\"741\" class=\"themify_builder_content themify_builder_content-741 themify_builder tf_clear\">\n    <\/div>\n<!--\/themify_builder_content-->\n","protected":false},"excerpt":{"rendered":"<p>Avant de commencer, j&#8217;aimerais remercier les 205 personnes qui se sont inscrites au programme \u00abLA PEAU DE BANANE\u00bb. Je rappelle qu&#8217;il s&#8217;agit d&#8217;un programme gratuit sur la proactivit\u00e9 (attitude qui consiste \u00e0 prendre sa vie en mains), et que c&#8217;est le fait de vouloir rendre hommage \u00e0 mon p\u00e8re qui m&#8217;a amen\u00e9 vers cette \u00e9criture. [&hellip;]<\/p>\n","protected":false},"author":1,"featured_media":0,"parent":0,"menu_order":0,"comment_status":"open","ping_status":"open","template":"","meta":[],"builder_content":"","_links":{"self":[{"href":"https:\/\/auto-coaching.fr\/index.php\/wp-json\/wp\/v2\/pages\/741"}],"collection":[{"href":"https:\/\/auto-coaching.fr\/index.php\/wp-json\/wp\/v2\/pages"}],"about":[{"href":"https:\/\/auto-coaching.fr\/index.php\/wp-json\/wp\/v2\/types\/page"}],"author":[{"embeddable":true,"href":"https:\/\/auto-coaching.fr\/index.php\/wp-json\/wp\/v2\/users\/1"}],"replies":[{"embeddable":true,"href":"https:\/\/auto-coaching.fr\/index.php\/wp-json\/wp\/v2\/comments?post=741"}],"version-history":[{"count":6,"href":"https:\/\/auto-coaching.fr\/index.php\/wp-json\/wp\/v2\/pages\/741\/revisions"}],"predecessor-version":[{"id":747,"href":"https:\/\/auto-coaching.fr\/index.php\/wp-json\/wp\/v2\/pages\/741\/revisions\/747"}],"wp:attachment":[{"href":"https:\/\/auto-coaching.fr\/index.php\/wp-json\/wp\/v2\/media?parent=741"}],"curies":[{"name":"wp","href":"https:\/\/api.w.org\/{rel}","templated":true}]}}