{"id":749,"date":"2013-07-11T21:41:01","date_gmt":"2013-07-11T19:41:01","guid":{"rendered":"http:\/\/www.auto-coaching.fr\/?page_id=749"},"modified":"2013-07-12T20:50:31","modified_gmt":"2013-07-12T18:50:31","slug":"la-douce-expression-de-la-peur","status":"publish","type":"page","link":"https:\/\/auto-coaching.fr\/index.php\/la-douce-expression-de-la-peur\/","title":{"rendered":"La douce expression de la peur"},"content":{"rendered":"<p>Avant de commencer, je voudrais remercier les 61 lecteurs qui ont adh\u00e9r\u00e9 au programme \u00abLA PEAU DE BANANE\u00bb, suite \u00e0 mon pr\u00e9c\u00e9dent article, intitul\u00e9 \u00ab<a href=\"http:\/\/www.auto-coaching.fr\/index.php\/pour-avoir-moins-peur\/\">pour avoir moins peur<\/a>\u00bb.<\/p>\n<p>Si vous n\u2019avez pas encore adh\u00e9r\u00e9, vous pouvez suivre le mouvement en cliquant ici :<\/p>\n<p align=\"center\"><a href=\"http:\/\/www.inscription-minute.fr\/solution.aspx?code=PB07RI91\">INSCRIPTION GRATUITE A \u00abLA PEAU DE BANANE\u00bb<br \/>(programme d\u2019auto-coaching sur la proactivit\u00e9)<\/a><\/p>\n<p>&#8212;&#8212;&#8212;&#8211;<\/p>\n<p>J\u2019ai cl\u00f4tur\u00e9 mon pr\u00e9c\u00e9dent article en vous proposant d\u2019exprimer vos peurs ou vous blocages concernant ce programme. Dans l\u2019heure qui a suivi, j\u2019ai re\u00e7u cet e-mail :<\/p>\n<p>&#8212;-<\/p>\n<p>Cher St\u00e9phane,<\/p>\n<p>Vous avez peut-\u00eatre une erreur dans votre syst\u00e8me informatique, car vous me demandez d&#8217;adh\u00e9rer \u00e0 la peau de banane, alors que j&#8217;y ai adh\u00e9r\u00e9 d\u00e8s le premier jour (je n&#8217;ai pas procrastin\u00e9 suite \u00e0 votre hommage, car il m&#8217;a beaucoup touch\u00e9).<\/p>\n<p>Il est \u00e9galement possible que je me sois inscrit avec deux adresses diff\u00e9rentes. Pouvez-vous v\u00e9rifier, et si mes soup\u00e7ons se confirment, d&#8217;unifier mon compte sous une seule adresse afin que je ne re\u00e7oive plus vos rappels sur ce sujet ?<\/p>\n<p>Merci d&#8217;avance, et f\u00e9licitations pour tout ce que vous faites.<\/p>\n<p>Baptiste.<\/p>\n<p>&#8212;-<\/p>\n<p>Baptiste ne s\u2019attendait pas \u00e0 recevoir mon article. Pour lui, c\u2019est une erreur ! Ca m\u2019ennuie un peu (m\u00eame beaucoup), car vous savez que je suis tr\u00e8s attach\u00e9 \u00e0 mon sentiment d\u2019utilit\u00e9&#8230;<\/p>\n<p>Je lui ai r\u00e9pondu que ce billet \u00e9tait principalement (comme le titre l&#8217;indique) <strong>un article sur la peur<\/strong>. La premi\u00e8re solution pour sortir de la peur, est d&#8217;engager la COMMUNICATION au lieu de se terrer, de rejoindre le peureux ou les vendeurs de peurs&#8230; Car malheureusement, c&#8217;est le comportement naturel :<\/p>\n<blockquote>\n<p>La peur attire la peur<\/p>\n<\/blockquote>\n<p>Je me sers de l\u2019une des peurs qui a \u00e9t\u00e9 exprim\u00e9e \u00e0 propos de LA PEAU DE BANANE pour vous apporter une cl\u00e9 et des \u00e9l\u00e9ments de r\u00e9flexion sur la peur en g\u00e9n\u00e9ral. C\u2019est dans cette optique que je souhaite que vous lisiez ce que j\u2019\u00e9cris. Si vous lisez mon pr\u00e9c\u00e9dent article comme un \u00abrappel\u00bb ou une \u00abpub\u00bb, je ne remplis plus ma mission.<\/p>\n<p>Apr\u00e8s relecture, Baptiste a reconnu qu\u2019il y avait effectivement des p\u00e9pites int\u00e9ressantes dans cette br\u00e8ve, mais qu\u2019il s\u2019est focalis\u00e9 sur le passage :<\/p>\n<blockquote>\n<p>Alors adh\u00e9rez sereinement \u00e0 \u00abLa peau de banane\u00bb ou communiquez-moi vos blocages[\u2026]<\/p>\n<\/blockquote>\n<h2>Le doute, ou la peur de l\u2019erreur<\/h2>\n<p>Lorsque j\u2019ai un ressenti n\u00e9gatif, je prends toujours le temps de faire le point pour essayer de trouver quelque chose de positif dans l\u2019\u00e9v\u00e8nement. Ce n\u2019est pas inn\u00e9. J\u2019ai travaill\u00e9 dur pour y arriver, mais c\u2019est possible ! C\u2019est une question d\u2019attitude, d\u2019imagination et de croyances :<\/p>\n<p>Je ne crois pas au hasard ! Si Baptiste m\u2019a envoy\u00e9 ce message, c\u2019est qu\u2019il ya une raison. J\u2019ai donc commenc\u00e9 \u00e0 rechercher quelle <strong>peur d\u2019adh\u00e9rer<\/strong> je pourrais trouver gr\u00e2ce \u00e0 quelqu\u2019un qui a adh\u00e9r\u00e9&#8230;<\/p>\n<p>Oui, je sais, je suis tordu !<\/p>\n<p>La premi\u00e8re chose que j\u2019ai relev\u00e9e, c\u2019est <strong>la peur de l\u2019erreur<\/strong>. Elle est exprim\u00e9e dans le message de Baptiste (m\u00eame si le mot \u00abpeur\u00bb n\u2019est pas \u00e9crit). Baptiste doute du bon fonctionnement de l\u2019informatique. Il soup\u00e7onne une erreur quelque part et a peur des cons\u00e9quences (m\u00eame si elles ne sont pas dramatiques).<\/p>\n<blockquote>\n<p>Le doute est la douce expression de la peur<\/p>\n<\/blockquote>\n<p>Il restait \u00e0 d\u00e9couvrir de quoi il s\u2019agissait&#8230;<\/p>\n<h2>La peur de perdre quelque chose<\/h2>\n<p>En faisant quelques associations d\u2019id\u00e9es, je me suis souvenu d\u2019un autre courrier de lecteur qui concernait mon article \u00abL\u2019agneau et le loup\u00bb : Nicolas&nbsp; m\u2019a \u00e9crit ceci il y a 2 semaines :<\/p>\n<p>[&#8230;] je me r\u00e9jouis de ne pas avoir adh\u00e9r\u00e9 \u00e0 OBJECTIFS-COACH, car si je l&#8217;avais fait, vous ne m&#8217;auriez pas envoy\u00e9 cet excellent remake de la fable \u00abLe Loup et l&#8217;Agneau\u00bb [&#8230;]<\/p>\n<p>Ca m\u2019a interpel\u00e9, car Nicolas croit que cette petite po\u00e9sie avait uniquement une vocation publicitaire. Pourquoi ? Parce que je la conclue par un encouragement \u00e0 adh\u00e9rer \u00e0 OBJECTIFS-COACH&#8230; Il suppose donc que les personnes qui ont adh\u00e9r\u00e9 \u00e0 OBJECTIFS-COACH n&#8217;ont pas re\u00e7u cette \u00abpub\u00bb !<\/p>\n<p>Nicolas a <strong>peur de perdre<\/strong> certains articles gratuits en adh\u00e9rant \u00e0 un programme payant trop t\u00f4t&#8230; Nous sommes en pleine procrastination.<\/p>\n<p>Baptiste et Nicolas \u00e9voquent quelque chose de tr\u00e8s proche : Baptiste croit qu\u2019il ne devrait pas recevoir certains articles apr\u00e8s son adh\u00e9sion, et Nicolas croit qu\u2019en cas d\u2019adh\u00e9sion, il ne recevrait plus certains articles. Ils ont un autre point commun : ils n\u2019ont adh\u00e9r\u00e9 \u00e0 aucune programme payant. Est-ce par peur de perdre certains articles de TIME-COACH ?<\/p>\n<p>C\u2019est en tout cas ce qu\u2019ils semblent dire. Nicolas le dit clairement. Baptiste le fit de fa\u00e7on plus ambig\u00fce :<\/p>\n<blockquote>\n<p>Ce qui \u00e9tait une PEUR avant l\u2019action, devient une ATTENTE apr\u00e8s l\u2019action !<\/p>\n<\/blockquote>\n<h2>Sortons de ma boutique un instant&#8230;<\/h2>\n<p>Beaucoup de personnes sont prisonni\u00e8res du paradigme : <em>\u00abChoisir, c&#8217;est renoncer !\u00bb<\/em><\/p>\n<p>Je ne dis pas que cette citation d&#8217;Andr\u00e9 GIDE est fausse. Elle est m\u00eame souvent vraie, et elle invite \u00e0 de belles analyses. Mais justement, n&#8217;en faites pas un paradigme. Car un paradigme est un r\u00e9flexe mental qui ne passe pas par la case \u00abanalyse\u00bb&#8230;<\/p>\n<blockquote>\n<p>Autorisez-vous aussi, \u00e0 choisir sans renoncer !<\/p>\n<\/blockquote>\n<p>Acceptez l&#8217;id\u00e9e que dans bien des cas, vous pouvez FAIRE LES DEUX :<\/p>\n<p>&#8211; On part en vacances d&#8217;\u00e9t\u00e9 ou en vacances d&#8217;hiver ?<br \/>&#8211; LES DEUX ! Autorisons-nous \u00e0 le faire !<\/p>\n<p>&#8211; Tu pr\u00e9f\u00e8res les livres sur papier ou les ebooks ?<br \/>&#8211; LES DEUX ! Ca d\u00e9pend de ce que je veux lire.<\/p>\n<p>&#8211; Tu veux une fille ou un gar\u00e7on ?<br \/>&#8211; LES DEUX ! Des jumeaux&#8230;<\/p>\n<p>&#8211; Tu pr\u00e9f\u00e8res aller au cin\u00e9ma ou regarder \u00abLes mis\u00e9rables\u00bb \u00e0 la t\u00e9l\u00e9 ?<br \/>&#8211; LES DEUX ! On peut enregistrer la t\u00e9l\u00e9&#8230;<\/p>\n<p>Ce que j&#8217;\u00e9cris dans TIME-COACH ne se limite pas \u00e0 TIME-COACH. Transposez, adaptez&#8230; Vous pouvez mod\u00e9liser chaque article que je vous envoie pour qu\u2019il ait un impact positif dans votre vie. M\u00eame si apriori vous pensez que ce que j\u2019\u00e9cris est juste une pub pour vous vendre quelque chose !<\/p>\n<h2>Retournons dans ma boutique<\/h2>\n<p>Ce que j\u2019ai \u00e0 vous vendre avant tout, c\u2019est du D\u00e9veloppement Personnel. Certains de mes programmes sont gratuits, d\u2019autres sont payants. Choisissez, mais ne renoncez pas \u00e0 l\u2019essentiel.<\/p>\n<ul>\n<li>Si vous avez particip\u00e9 \u00e0 CONFIANCE-COACH, PENSEE++, OBJECTIFS-COACH ou LA PEAU DE BANANE, consid\u00e9rez que mon article sur la peur est un BONUS. Il compl\u00e8te ces programmes. J&#8217;aurais \u00e9t\u00e9 vraiment ingrat de ne pas vous l&#8217;envoyer&#8230;\n<li>Si \u00e0 part TIME-COACH, vous n&#8217;avez adh\u00e9r\u00e9 \u00e0 aucun autre programme, consid\u00e9rez que les articles gratuits sont des pr\u00e9ambules \u00e0 vos prochaines adh\u00e9sions. Par exemple, ce qui semble \u00eatre une pub pour CONFIANCE-COACH, est un article qui contient de nombreuses p\u00e9pites sur la confiance en soi. <\/li>\n<\/ul>\n<p>Enfin, d&#8217;une mani\u00e8re g\u00e9n\u00e9rale, vous pouvez faire <strong>des choix qui AJOUTENT \u00e0 votre vie<\/strong> et qui la rendent meilleure. Beaucoup de gens qui aiment leur vie n\u2019osent pas passer \u00e0 l\u2019action, car ils ont peur de changer de vie. Consid\u00e9rez les propositions que je vous fais comme des invitations au mieux-\u00eatre, et vous verrez que la peur dispara\u00eetra. Je ne veux pas changer votre vie, je trouve que chaque parcours est plein de sens&#8230;<\/p>\n<p>Par contre, si vous voulez acqu\u00e9rir plus de Performances, mieux profiter de vos Apprentissages et ressentir plus de Satisfactions <strong>dans votre vie<\/strong>, engagez-vous dans un premier pas\u2026<\/p>\n<p>&#8212;&#8212;&#8212;&#8212;&#8212;&#8212;&#8212;&#8212;&#8212;&#8212;<\/p>\n<p>Pour cl\u00f4turer, je m&#8217;adresse \u00e0 Baptiste, et \u00e0 tous les lecteurs de LA PEAU DE BANANE :<\/p>\n<h2>Vous voulez aider ceux qui ont peur d&#8217;adh\u00e9rer ?<\/h2>\n<p>Faites circuler les bonnes \u00e9nergies :<\/p>\n<ul>\n<li><a href=\"http:\/\/www.auto-coaching.fr\/index.php\/la-douce-expression-de-la-peur\/\">Commentez cet article<\/a> pour rassurer les lecteurs qui croient que TIME-COACH s&#8217;arr\u00eate l\u00e0 o\u00f9 LA PEAU DE BANANE commence&#8230;\n<li>Dites-leur ce que vous avez gagn\u00e9, ressenti, assimil\u00e9, mis en pratique&#8230; suite \u00e0 votre adh\u00e9sion.\n<li>Vous pouvez ramasser les peaux de bananes qui emp\u00eachent les autres d\u2019avancer&#8230; Voil\u00e0 une belle occasion. <\/li>\n<\/ul>\n<p>Lorsque vous aurez termin\u00e9 votre bafouille, observez cette contribution, et vous comprendrez que le message de mercredi, comme celui d&#8217;aujourd&#8217;hui, ne sont pas dus \u00e0 \u00abune erreur d\u2019informatique\u00bb.<\/p>\n<p>Sans aucun doute !<\/p>\n<p>A++<\/p>\n<p><strong>St\u00e9phane SOLOMON<\/strong><\/p>\n<!--themify_builder_content-->\n<div id=\"themify_builder_content-749\" data-postid=\"749\" class=\"themify_builder_content themify_builder_content-749 themify_builder tf_clear\">\n    <\/div>\n<!--\/themify_builder_content-->\n","protected":false},"excerpt":{"rendered":"<p>Avant de commencer, je voudrais remercier les 61 lecteurs qui ont adh\u00e9r\u00e9 au programme \u00abLA PEAU DE BANANE\u00bb, suite \u00e0 mon pr\u00e9c\u00e9dent article, intitul\u00e9 \u00abpour avoir moins peur\u00bb. Si vous n\u2019avez pas encore adh\u00e9r\u00e9, vous pouvez suivre le mouvement en cliquant ici : INSCRIPTION GRATUITE A \u00abLA PEAU DE BANANE\u00bb(programme d\u2019auto-coaching sur la proactivit\u00e9) &#8212;&#8212;&#8212;&#8211; [&hellip;]<\/p>\n","protected":false},"author":1,"featured_media":0,"parent":0,"menu_order":0,"comment_status":"open","ping_status":"open","template":"","meta":[],"builder_content":"","_links":{"self":[{"href":"https:\/\/auto-coaching.fr\/index.php\/wp-json\/wp\/v2\/pages\/749"}],"collection":[{"href":"https:\/\/auto-coaching.fr\/index.php\/wp-json\/wp\/v2\/pages"}],"about":[{"href":"https:\/\/auto-coaching.fr\/index.php\/wp-json\/wp\/v2\/types\/page"}],"author":[{"embeddable":true,"href":"https:\/\/auto-coaching.fr\/index.php\/wp-json\/wp\/v2\/users\/1"}],"replies":[{"embeddable":true,"href":"https:\/\/auto-coaching.fr\/index.php\/wp-json\/wp\/v2\/comments?post=749"}],"version-history":[{"count":8,"href":"https:\/\/auto-coaching.fr\/index.php\/wp-json\/wp\/v2\/pages\/749\/revisions"}],"predecessor-version":[{"id":757,"href":"https:\/\/auto-coaching.fr\/index.php\/wp-json\/wp\/v2\/pages\/749\/revisions\/757"}],"wp:attachment":[{"href":"https:\/\/auto-coaching.fr\/index.php\/wp-json\/wp\/v2\/media?parent=749"}],"curies":[{"name":"wp","href":"https:\/\/api.w.org\/{rel}","templated":true}]}}