{"id":760,"date":"2013-07-18T17:09:43","date_gmt":"2013-07-18T15:09:43","guid":{"rendered":"http:\/\/www.auto-coaching.fr\/?page_id=760"},"modified":"2013-07-18T17:23:29","modified_gmt":"2013-07-18T15:23:29","slug":"une-peur-absurde","status":"publish","type":"page","link":"https:\/\/auto-coaching.fr\/index.php\/une-peur-absurde\/","title":{"rendered":"Une peur absurde"},"content":{"rendered":"<p>Continuons notre exploration de la peur et ses cons\u00e9quences. Mais avant, je tiens \u00e0 rappeler que le coaching n&#8217;est pas une th\u00e9rapie. C&#8217;est un processus qui s&#8217;adresse \u00e0 des personnes en qu\u00eate de Performance, d&#8217;Apprentissage et de Satisfaction. Les peurs que j&#8217;\u00e9voque ne sont pas des peurs-panique ou des phobies, mais des appr\u00e9hensions ou des inqui\u00e9tudes du quotidien, relativement silencieuses, qui peuvent entre autres, ralentir votre prise de d\u00e9cision.<\/p>\n<h2>La peur de ne pas avoir le temps<\/h2>\n<p>Les personnes qui aspirent \u00e0 une vie plus riche sont pr\u00eates \u00e0 r\u00e9server du temps pour s\u2019\u00e9panouir. R\u00e9server quelques minutes par jour pour PENSER \u00e0 ce qui vous fait avancer est une pratique d&#8217;excellence. C&#8217;est pourquoi je suis atterr\u00e9 lorsqu&#8217;une personne me dit \u00abJ\u2019aimerais bien adh\u00e9rer \u00e0 votre nouveau programme, mais j\u2019ai peur de ne pas avoir le temps de vous lire !\u00bb. Ca me blesse dans mon orgueil d&#8217;auteur, mais je suis surtout attrist\u00e9 pour mon correspondant.<\/p>\n<p>Lorsque je lance des campagnes publicitaires pour inviter des inconnus \u00e0 rejoindre TIME-COACH, il m&#8217;arrive parfois de recevoir ce genre de message :<\/p>\n<p>&#8211; Expliquez-moi comment je peux gagner du temps, si je perds 10 minutes chaque matin \u00e0 vous lire !<\/p>\n<p>Recevoir ce genre de messages de la part d&#8217;un inconnu qui ne conna\u00eet mon travail qu&#8217;\u00e0 travers une publicit\u00e9, ne me d\u00e9range pas. J&#8217;efface son nom de ma base de donn\u00e9es, et plus jamais il ne recevra de courriers de ma part. Je me dis tout simplement qu&#8217;il n&#8217;a pas besoin de moi, car si ma communication ne le touche pas, nous ne sommes pas faits pour travailler ensemble.<\/p>\n<p>Ma publicit\u00e9 est volontairement s\u00e9lective. Si vous \u00eates l\u00e0, c&#8217;est qu&#8217;elle vous a touch\u00e9. Lorsque j&#8217;envoie une campagne, le taux d&#8217;adh\u00e9sion \u00e0 TIME-COACH est de 1 pour 1.000&#8230; Voil\u00e0 qui vous distingue dans la masse !<\/p>\n<p>C&#8217;est pourquoi lorsque je re\u00e7ois un message d&#8217;un lecteur de longue date, qui a peur de ne pas avoir le temps de me lire, je suis tr\u00e8s troubl\u00e9&#8230; Si je n&#8217;\u00e9tais pas coach, si je n&#8217;avais pas quelques techniques pour me ramener vers des pens\u00e9es qui vont dans le sens de mes objectifs, je cocherais la case d\u00e9sinscription imm\u00e9diatement ! Cela m&#8217;a d\u00e9mang\u00e9 plusieurs fois. Une voix dans ma t\u00eate me disait :<\/p>\n<p>&#8211; Ne t&#8217;enquiquine pas avec des gens comme \u00e7a ! Et surtout, arr\u00eate de les d\u00e9ranger !<\/p>\n<p>C&#8217;est pire qu&#8217;une critique sur un article, car ce genre de remarque ne concerne pas un point de d\u00e9saccord pr\u00e9cis sur un passage d\u00e9licat ou mal interpr\u00e9t\u00e9 : \u00e7a concerne l&#8217;ENSEMBLE de mon travail. Cette fa\u00e7on de revendiquer le manque de temps est m\u00eame un reproche qui exprime ceci :<\/p>\n<p>&#8211; TIME-COACH \u00e9tait sens\u00e9 me faire gagner du temps, et j&#8217;en suis toujours au m\u00eame point : incapable de trouver 5 minutes pour moi ! Alors ne vous attendez pas \u00e0 ce que je perde 10 minutes \u00e0 vous lire chaque matin, et estimez vous heureux que je vous lise de temps en temps !<\/p>\n<p>Ce \u00abje n&#8217;ai pas le temps de vous lire\u00bb peut \u00eatre interpr\u00e9t\u00e9 sous cette forme, vous en conviendrez.<\/p>\n<h2>Qu&#8217;est-ce qui cloche ?<\/h2>\n<p>Si vous n&#8217;adh\u00e9rez pas aux autres programmes que je propose par manque de temps, je vous invite \u00e0 explorer une m\u00e9taphore pour vous expliquer \u00e0 quel moment vous avez rat\u00e9 quelque chose :<\/p>\n<p>Supposons qu&#8217;une personne bienveillante vous donne 10 graines de bl\u00e9, et vous dise :<\/p>\n<p>&#8211; Plantez ces graines dans votre jardin, et vous obtiendrez 10 \u00e9pis de bl\u00e9. Chacun de ces \u00e9pis vous donnera de 70 \u00e0 100 nouvelles graines ! La nature est bien faite !<\/p>\n<p>Cette personne a un objectif pr\u00e9cis : elle s&#8217;adresse \u00e0 vous parce qu&#8217;elle sait que les mots \u00abla nature est bien faite\u00bb vous touchent. Elle esp\u00e8re que vous trouverez un moment pour planter les graines qu&#8217;elle vous a remises gratuitement, et sans aucun engagement.<\/p>\n<p>Vous plantez ces graines, et effectivement, mis \u00e0 pat quelques incidents, la plupart a germ\u00e9, et vous voici en possession de 600 nouvelles graines. Il y a l\u00e0 de quoi faire 3 belles petites chouquettes. Mais qu&#8217;allez-vous vraiment en faire ?<\/p>\n<p>Le comportement le plus courant consiste \u00e0 consommer toutes les graines ! Si vous faites cela, vous allez manger 3 chouquettes ! Bravo !!! Mais lorsque votre vendeur de graines viendra vous voir pour vous proposer des grains de ma\u00efs, vous lui r\u00e9pondrez que la Nature est certes bien faite, mais que ce qu&#8217;elle produit est insuffisant et \u00e9ph\u00e9m\u00e8re&#8230; M\u00eame s&#8217;il vous propose des graines gratuites, vous lui r\u00e9pondrez que vous avez bien peur de ne pas avoir le temps de les planter !<\/p>\n<p>Au mieux, cette personne vous para\u00eetra comme un hurluberlu qui est de bonne compagnie pour un caf\u00e9 de temps en temps. Il vous parlera de la Nature, ce qui aura le don de vous faire r\u00eaver, mais vous vous \u00e9vertuerez \u00e0 \u00abgarder les pieds sur terre\u00bb&#8230;<\/p>\n<p>Consommer tout son b\u00e9n\u00e9fice apr\u00e8s un effort, est la pire des choses que vous puissiez faire ! Autorisez-vous \u00e0 r\u00e9investir une partie de ce que vous gagnez, pour alimenter le processus qui vous r\u00e9ussit. Sinon, la production s&#8217;arr\u00eate et ne peut plus \u00e9voluer. La Nature accompagne vos efforts, mais elle ne fait pas tout. Si vous voulez qu&#8217;elle vous profite, associez-vous \u00e0 sa puissance.<\/p>\n<p>Avec la gestion du temps, c&#8217;est exactement la m\u00eame chose. Au d\u00e9but de TIME-COACH vous avez re\u00e7u 10 id\u00e9es pour mieux g\u00e9rer votre temps. Des id\u00e9es \u00e0 planter pour constater que votre nature est bien faite !<\/p>\n<p>Lorsque je vous propose un nouveau programme (gratuit ou payant), si vous avez peur de ne pas avoir le temps de me lire, vous avez oubli\u00e9 de semer une partie de votre production initiale. Vous en \u00eates donc toujours au m\u00eame point : glaner des graines gratuites, pouss\u00e9es par le vent&#8230;<\/p>\n<p>La plupart des lecteurs ont r\u00e9ussi \u00e0 lib\u00e9rer entre 2 et 10 heures par semaine gr\u00e2ce aux premi\u00e8res graines. Ce qui explique le fait qu&#8217;ils me lisent toujours. Vous avez \u00abgagn\u00e9\u00bb 3 heures ? Ne consommez pas tout ! Profitez de 2 heures, et consacrez une heure \u00e0 me lire encore ! Vous verrez alors que saison apr\u00e8s saison, votre nature deviendra de plus en plus prolifique et g\u00e9n\u00e9reuse. Et vous aurez envie de varier les plaisirs, en cultivant votre champ \u00e0 volont\u00e9.<\/p>\n<p>Le D\u00e9veloppement Personnel est un jardin. Ce n&#8217;est pas un pack que vous achetez comme on ach\u00e8te un forfait t\u00e9l\u00e9phonique. C&#8217;est une terre riche et un savoir-faire plusieurs fois mill\u00e9naire qui vous permet de semer et de r\u00e9colter en continu.<\/p>\n<h2>Votre prochaine d\u00e9marche<\/h2>\n<p>Alors voil\u00e0 ce que j\u2019attends de vous, si vous h\u00e9sitez \u00e0 adh\u00e9rez \u00e0 un nouveau programme :<\/p>\n<p>Adh\u00e9rez ! Agissez malgr\u00e9 cette peur absurde ! Allez vers un programme gratuit ou payant, peu importe. Mais passez \u00e0 l\u2019action ! Si vous partez en vacances, r\u00e9servez votre date maintenant. Il est inutile de vous dire que vous le ferez plus tard. Vous savez que dans ce domaine, \u00abplus tard\u00bb peut durer des ann\u00e9es ! Inscrivez-vous MAINTENANT pour une lecture \u00e0 la rentr\u00e9e. Vous pouvez s\u00e9lectionner la date que vous voulez jusqu\u2019au mois d\u2019octobre.<\/p>\n<p>Si vous n\u2019y parvenez pas, peut-\u00eatre qu\u2019un \u00abredoublement\u00bb vous aidera. Reprenez TIME-COACH gratuitement depuis le d\u00e9but, semez les id\u00e9es propos\u00e9es, et cette fois, d\u00e8s que vous constaterez un gain de temps, ne consommez pas tout. R\u00e9investissez une partie de votre r\u00e9colte pour semer encore et encore.<\/p>\n<p>Mes programmes sont volontairement accessibles financi\u00e8rement pour que la question d\u2019argent ne se pose pas, lorsqu\u2019il s\u2019agit de r\u00e9-investir un gain.<\/p>\n<p>Vous trouverez la liste de ces programmes en bas de ce message.<\/p>\n<p>Faite-le maintenant ! Les choses auxquelles vous n\u2019attachez pas d\u2019importance disparaissent de votre univers. Celles auxquelles vous adh\u00e9rez continuent d\u2019exister quoi qu\u2019il arrive : si elles changent de lieu ou de forme, vous recevrez un nouveau carton d\u2019invitation.<\/p>\n<p>A++<\/p>\n<p><strong>St\u00e9phane SOLOMON<\/strong><\/p>\n<!--themify_builder_content-->\n<div id=\"themify_builder_content-760\" data-postid=\"760\" class=\"themify_builder_content themify_builder_content-760 themify_builder tf_clear\">\n    <\/div>\n<!--\/themify_builder_content-->\n","protected":false},"excerpt":{"rendered":"<p>Continuons notre exploration de la peur et ses cons\u00e9quences. Mais avant, je tiens \u00e0 rappeler que le coaching n&#8217;est pas une th\u00e9rapie. C&#8217;est un processus qui s&#8217;adresse \u00e0 des personnes en qu\u00eate de Performance, d&#8217;Apprentissage et de Satisfaction. Les peurs que j&#8217;\u00e9voque ne sont pas des peurs-panique ou des phobies, mais des appr\u00e9hensions ou des [&hellip;]<\/p>\n","protected":false},"author":1,"featured_media":0,"parent":0,"menu_order":0,"comment_status":"open","ping_status":"open","template":"","meta":[],"builder_content":"","_links":{"self":[{"href":"https:\/\/auto-coaching.fr\/index.php\/wp-json\/wp\/v2\/pages\/760"}],"collection":[{"href":"https:\/\/auto-coaching.fr\/index.php\/wp-json\/wp\/v2\/pages"}],"about":[{"href":"https:\/\/auto-coaching.fr\/index.php\/wp-json\/wp\/v2\/types\/page"}],"author":[{"embeddable":true,"href":"https:\/\/auto-coaching.fr\/index.php\/wp-json\/wp\/v2\/users\/1"}],"replies":[{"embeddable":true,"href":"https:\/\/auto-coaching.fr\/index.php\/wp-json\/wp\/v2\/comments?post=760"}],"version-history":[{"count":4,"href":"https:\/\/auto-coaching.fr\/index.php\/wp-json\/wp\/v2\/pages\/760\/revisions"}],"predecessor-version":[{"id":764,"href":"https:\/\/auto-coaching.fr\/index.php\/wp-json\/wp\/v2\/pages\/760\/revisions\/764"}],"wp:attachment":[{"href":"https:\/\/auto-coaching.fr\/index.php\/wp-json\/wp\/v2\/media?parent=760"}],"curies":[{"name":"wp","href":"https:\/\/api.w.org\/{rel}","templated":true}]}}