{"id":779,"date":"2013-07-24T17:33:05","date_gmt":"2013-07-24T15:33:05","guid":{"rendered":"http:\/\/www.auto-coaching.fr\/?page_id=779"},"modified":"2013-07-24T17:57:01","modified_gmt":"2013-07-24T15:57:01","slug":"la-valeur-de-votre-temps","status":"publish","type":"page","link":"https:\/\/auto-coaching.fr\/index.php\/la-valeur-de-votre-temps\/","title":{"rendered":"La valeur de votre temps"},"content":{"rendered":"<p>En juin 2011, j&#8217;ai cr\u00e9\u00e9 un programme appel\u00e9 TIME-COACH PLUS. Ce programme proposait plus de 20 techniques et outils de gestion de temps, de prise de d\u00e9cision, de motivation, de communication efficace, etc. Son prix \u00e9tait de 77 euros, ce qui a dissuad\u00e9 beaucoup de lecteurs. La raison \u00e9tait souvent la m\u00eame :<\/p>\n<p>&#8211; Ca a l\u2019air int\u00e9ressant, mais c&#8217;est trop cher !<\/p>\n<p>Je vais relancer ce programme avec un nouveau tarif promotionnel. Mais avant, j&#8217;aimerais que nous parlions d&#8217;une chose importante :<\/p>\n<h2>Que vaut une heure de votre temps ?<\/h2>\n<ul>\n<li>Si vous travaillez \u00e0 votre compte ou si vous \u00eates employeur, il est tr\u00e8s probable que vous n&#8217;ayez aucune id\u00e9e de votre v\u00e9ritable taux horaire (j&#8217;y reviendrai, car le calcul est complexe).\n<li>Si vous travaillez pour une entreprise, la pratique la plus courante consiste \u00e0 reprendre le chiffre qui est sur votre fiche de paye. Oui, mais lequel ? Le NET, le BRUT, le BRUT + les charges patronales ? Et qu&#8217;en est-il des formations, des frais engag\u00e9s pour vos d\u00e9placements, du co\u00fbt de votre mat\u00e9riel, des licences de vos logiciels ? <\/li>\n<\/ul>\n<p>Vous pourriez me r\u00e9pondre que cela n&#8217;a rien \u00e0 voir avec votre taux horaire, c&#8217;est l&#8217;affaire du dirigeant&#8230; Vraiment ? Vous voulez dire qu&#8217;avec ou sans votre pr\u00e9sence dans l&#8217;entreprise, vos employeurs paieraient le m\u00eame loyer ? Pensez-vous qu&#8217;ils auraient besoin d&#8217;autant de surface, d&#8217;autant d&#8217;ordinateurs, de meubles ou de personnel administratif si vous n&#8217;\u00e9tiez pas l\u00e0 ? Rassurez-vous ! Si vous \u00eates l\u00e0 c&#8217;est qu&#8217;il y a un retour sur investissement. Mais le temps que vous passez au travail vaut bien plus que votre salaire. Vous valez bien plus !<\/p>\n<p>Supposons que votre taux horaire soit de 20\u20ac (ce serait vraiment un minimum, m\u00eame pour une personne qui touche le SMIG), imaginez la situation suivante :<\/p>\n<p>Vous devez envoyer un courrier urgent d&#8217;environ 40g et votre boite \u00e0 timbres n&#8217;a plus de timbres \u00e0 1,05 euros. Face \u00e0 l&#8217;urgence, l&#8217;id\u00e9e de coller deux timbres de 0,63 euros vous traverse l&#8217;esprit, mais ceci ferait perdre 21 cts \u00e0 l&#8217;entreprise ! Vous d\u00e9cidez donc de piocher des timbres de 10 cts dans l&#8217;autre boite qui se trouve&#8230; Vous ne savez pas trop o\u00f9, car elle circule de bureau en bureau. Vous allez donc taper \u00e0 la porte de 3 de vos coll\u00e8gues pour que l&#8217;un d&#8217;eux vous la tende en s&#8217;excusant de ne pas l&#8217;avoir remise \u00e0 sa place. Au passage, l&#8217;un des coll\u00e8gues que vous avez interrompu, vous raconte une bonne blague qu&#8217;il r\u00e9servait pour la pause, mais puisque vous \u00eates l\u00e0, il ne r\u00e9siste pas \u00e0 la tentation de vous la raconter tout de suite. Vous en profitez pour lui dire que vous la connaissiez, mais avec une nuance, et vous lui racontez votre version&#8230;<\/p>\n<p>Bref ! Au bout de 6 minutes, vous parvenez \u00e0 mettre la main sur les 42 centimes qui vous manquaient, et vous ressentez une certaine victoire, car gr\u00e2ce \u00e0 votre travail d&#8217;investigation, votre entreprise ne d\u00e9pensera pas un centime de trop&#8230; Vous m\u00e9riteriez une augmentation !<\/p>\n<h2>Un autre type de calcul<\/h2>\n<p>Raisonnons un peu : ce travail de recherche vous a co\u00fbt\u00e9 du TEMPS ! Et dans un cadre professionnel, ce temps est convertible en argent. Vous le savez ! Vous n&#8217;agissez pas comme quelqu&#8217;un qui le sait, mais vous le savez !<\/p>\n<p>Combien ce travail \u00e0-t-il co\u00fbt\u00e9 \u00e0 votre entreprise ? J&#8217;ai pris des chiffres simples pour mon exemple : 6 minutes, c&#8217;est un dixi\u00e8me d&#8217;une heure. Donc si votre taux horaire est de 20 euros, votre recherche a co\u00fbt\u00e9 2 euros. Tout \u00e7a pour que votre entreprise ne paye pas 21 cts de trop \u00e0 La Poste&#8230;<\/p>\n<p>&#8211; 2 euros dans ma poche, c&#8217;est mieux que 21 cts dans les caisses de l&#8217;Etat !<\/p>\n<p>Me r\u00e9pondront certains rebelles&#8230; Le probl\u00e8me, c&#8217;est que ces deux euros n&#8217;iront pas dans votre poche. Votre taux horaire, ce n&#8217;est pas votre salaire NET. Pour le convertir en salaire (en comptant les charges, les imp\u00f4ts et es taxes), il faudrait faire quelques calculs savants que les comptables feront mieux que moi. Mais nul besoin de rentrer dans les d\u00e9tails des calculs pour savoir que votre d\u00e9marche nourrira les caisses de l&#8217;Etat bien au-del\u00e0 des 21 cts.<\/p>\n<p>Et je ne compte pas le temps par homme (ou par femme), car 3 coll\u00e8gues ont \u00e9t\u00e9 interrompus pendant un temps qui a \u00e9galement de la VALEUR (et qu&#8217;on a encore plus de mal \u00e0 \u00e9valuer et \u00e0 reconna\u00eetre).<\/p>\n<p>Bien-s\u00fbr, la meilleure solution serait que votre coll\u00e8gue distrait remette les choses \u00e0 leur place ! Je suis d&#8217;accord&#8230; Mais le fait que vous alliez chercher la boite \u00e0 timbres dans son bureau ne va certainement pas le responsabiliser dans ce sens&#8230; C&#8217;est donc \u00e0 vous que ce message s&#8217;adresse. Car il y a ceux qui cr\u00e9ent les probl\u00e8mes et ceux qui entrent dans l&#8217;engrenage : les deux participent \u00e0 la long\u00e9vit\u00e9 du dysfonctionnement.<\/p>\n<h2>Ce ph\u00e9nom\u00e8ne concerne tout le monde<\/h2>\n<p>Vous pourriez me r\u00e9pondre :<\/p>\n<p>&#8211; Je ne suis pas salari\u00e9 et je travaille souvent seul. Je sais combien je facture une heure de mon temps, et je fais souvent des choix temps\/argent intelligents. Ce genre d&#8217;histoire m&#8217;amuse, mais il ne me concerne pas !<\/p>\n<p>Vous aurez peut-\u00eatre du mal \u00e0 le croire, mais on retrouve ce type de pi\u00e8ge comportemental beaucoup plus souvent chez les chefs d&#8217;entreprises, en particulier chez les solos. Ce n&#8217;est plus du niveau de la boite \u00e0 timbres, les choses se situent effectivement dans d&#8217;autres sph\u00e8res, et elles prennent d&#8217;autres proportions&#8230;<\/p>\n<p>Lorsqu&#8217;un coach vous accompagne, il peut vous aider \u00e0 r\u00e9v\u00e9ler ces \u00abtemps pi\u00e9g\u00e9s\u00bb qui vous font perdre de l&#8217;argent alors que vous croyez r\u00e9duire vos d\u00e9penses. Mais si vous optez pour l&#8217;auto-coaching, il convient d&#8217;adapter le contenu de mes articles \u00e0 votre vie professionnelle ou personnelle. Vous pensez \u00eatre \u00abau dessus de \u00e7a\u00bb ? c&#8217;est une raison de plus pour vous creuser les m\u00e9ninges et trouver des \u00e9quivalences de votre niveau.<\/p>\n<p>Le temps n&#8217;est pas extensible, mais il y a TOUJOURS moyen de mieux l&#8217;utiliser, quel que soit votre situation professionnelle ou sociale.<\/p>\n<p>Mieux utiliser votre temps gr\u00e2ce \u00e0 des techniques et des prises de conscience : c&#8217;est ce que je vous propose dans le programme TIME-COACH PLUS. C&#8217;est un programme sur 3 semaines qui vous fera d\u00e9couvrir des pratiques d&#8217;excellence (\u00abbest practices\u00bb en anglais), que des hommes et des femmes d&#8217;affaires de renom, utilisent au quotidien. On pense que c&#8217;est leur argent qui leur permet de r\u00e9\u00e9duquer leur gestion du temps. En r\u00e9alit\u00e9, c&#8217;est leur fa\u00e7on d&#8217;utiliser leur temps qui cr\u00e9e leur succ\u00e8s.<\/p>\n<h2>L\u2019offre TIME-COACH PLUS<\/h2>\n<p>Quelques lignes plus haut, j\u2019ai \u00e9crit ceci : \u00abVous n&#8217;agissez pas comme quelqu&#8217;un qui le sait, mais vous le savez !\u00bb.<\/p>\n<p>Ce clin d\u2019oeil illustre ce que vous obtiendrez en suivant TIME-COACH PLUS : vous allez pouvoir utiliser ce que vous savez \u00e0 propos du temps. Et vous en avez appris des choses depuis que vous me fr\u00e9quentez.<\/p>\n<p>Vous apprendrez \u00e0 changer d\u2019habitudes, \u00e0 cr\u00e9er de nouvelles habitudes, \u00e0 remplacer ce qui produit de mauvais r\u00e9sultats par des actions qui donnent de bons r\u00e9sultats. C\u2019est un programme pratique, avec des outils, des techniques, des d\u00e9fis quotidiens&#8230;<\/p>\n<p>Si vous mesurez l&#8217;impact de ce programme \u00e0 l&#8217;\u00e9chelle d&#8217;une vie, la d\u00e9pense de 77 euros est insignifiante, d&#8217;autant que le retour sur investissement se ressent d\u00e8s les premiers jours. Mais pour vous encourager, comme pour tout lancement, je vous propose un <strong>prix \u00absp\u00e9cial pionnier\u00bb de 47 euros<\/strong>.<\/p>\n<p style=\"text-align: center; line-height: 18pt; font-size: 14pt\"><a style=\"font-size: 10pt\" href=\"http:\/\/www.inscription-minute.fr\/solution.aspx?code=TCP074IP&amp;origine=valeurTempsSite\"><img decoding=\"async\" style=\"border-right-width: 0px; border-top-width: 0px; border-bottom-width: 0px; border-left-width: 0px\" alt=\"Inscrivez-vous !\" src=\"http:\/\/www.inscription-minute.fr\/adherents\/inscrivez-vous.gif\"><br \/>Inscrivez-vous !<\/a><\/p>\n<p>Cette offre prendra fin le lundi 5<sup> <\/sup>ao\u00fbt 2013, puis TIME-COACH PLUS retrouvera son prix normal (77 euros).<\/p>\n<p>Important : Vous pouvez profiter de l&#8217;offre de lancement MAINTENANT, m\u00eame si vous vous inscrivez pour la rentr\u00e9e. Les dates de sessions propos\u00e9es vont jusqu&#8217;\u00e0 la fin de l&#8217;ann\u00e9e.<\/p>\n<p>Quant aux travailleurs ao\u00fbtiens, voil\u00e0 l&#8217;occasion de pr\u00e9parer une belle rentr\u00e9e.<\/p>\n<p>Si vous avez des questions, je suis \u00e0 votre \u00e9coute.<\/p>\n<p>A++<\/p>\n<p>St\u00e9phane SOLOMON<\/p>\n<!--themify_builder_content-->\n<div id=\"themify_builder_content-779\" data-postid=\"779\" class=\"themify_builder_content themify_builder_content-779 themify_builder tf_clear\">\n    <\/div>\n<!--\/themify_builder_content-->\n","protected":false},"excerpt":{"rendered":"<p>En juin 2011, j&#8217;ai cr\u00e9\u00e9 un programme appel\u00e9 TIME-COACH PLUS. Ce programme proposait plus de 20 techniques et outils de gestion de temps, de prise de d\u00e9cision, de motivation, de communication efficace, etc. Son prix \u00e9tait de 77 euros, ce qui a dissuad\u00e9 beaucoup de lecteurs. La raison \u00e9tait souvent la m\u00eame : &#8211; Ca [&hellip;]<\/p>\n","protected":false},"author":1,"featured_media":0,"parent":0,"menu_order":0,"comment_status":"open","ping_status":"open","template":"","meta":[],"builder_content":"","_links":{"self":[{"href":"https:\/\/auto-coaching.fr\/index.php\/wp-json\/wp\/v2\/pages\/779"}],"collection":[{"href":"https:\/\/auto-coaching.fr\/index.php\/wp-json\/wp\/v2\/pages"}],"about":[{"href":"https:\/\/auto-coaching.fr\/index.php\/wp-json\/wp\/v2\/types\/page"}],"author":[{"embeddable":true,"href":"https:\/\/auto-coaching.fr\/index.php\/wp-json\/wp\/v2\/users\/1"}],"replies":[{"embeddable":true,"href":"https:\/\/auto-coaching.fr\/index.php\/wp-json\/wp\/v2\/comments?post=779"}],"version-history":[{"count":4,"href":"https:\/\/auto-coaching.fr\/index.php\/wp-json\/wp\/v2\/pages\/779\/revisions"}],"predecessor-version":[{"id":783,"href":"https:\/\/auto-coaching.fr\/index.php\/wp-json\/wp\/v2\/pages\/779\/revisions\/783"}],"wp:attachment":[{"href":"https:\/\/auto-coaching.fr\/index.php\/wp-json\/wp\/v2\/media?parent=779"}],"curies":[{"name":"wp","href":"https:\/\/api.w.org\/{rel}","templated":true}]}}