{"id":784,"date":"2013-07-26T17:58:27","date_gmt":"2013-07-26T15:58:27","guid":{"rendered":"http:\/\/www.auto-coaching.fr\/?page_id=784"},"modified":"2013-07-26T18:35:51","modified_gmt":"2013-07-26T16:35:51","slug":"programme-time-coach-plus","status":"publish","type":"page","link":"https:\/\/auto-coaching.fr\/index.php\/programme-time-coach-plus\/","title":{"rendered":"TIME-COACH PLUS : Le programme"},"content":{"rendered":"<h1 style=\"text-align: center; margin: 12px\">PROGRAMME DE TIME-COACH PLUS<\/h1>\n<div style=\"border-bottom: grey 1px solid; border-left: grey 1px solid; padding-bottom: 10px; margin: auto; padding-left: 10px; width: 500px; padding-right: 10px; border-top: grey 1px solid; border-right: grey 1px solid; padding-top: 10px\">\n<h2>Premi\u00e8re semaine<\/h2>\n<p>Jour 1 : Comment <b>d\u00e9clencher une gestion efficace de votre temps<\/b>, \u00e9viter les pi\u00e8ges qui d\u00e9motivent et avancer vers plus de performance. Les pratiques de base pour rendre vos journ\u00e9es plus riches.  <\/p>\n<p>Jour 2 : Savez-vous faire la diff\u00e9rence entre ce qui est <b>urgent<\/b> et ce qui est <b>important<\/b> ? A quel moment l&#8217;important devient urgent ? Comment r\u00e9server du temps aux importances sans se laisser d\u00e9border par les urgences  <\/p>\n<p>Jour 3 : <b>La matrice d&#8217;Eisenhower<\/b>. Une grille, neuf angles de prise de vue, votre profil actuel, votre profil id\u00e9al&#8230; Un outil relativement connu mais tr\u00e8s mal utilis\u00e9, enti\u00e8rement revisit\u00e9.  <\/p>\n<p>Jour 4 : <b>La solution est dans l&#8217;action<\/b> : pourquoi et comment agissez-vous ? Que se passe-t-il dans votre monde int\u00e9rieur avant le passage \u00e0 l&#8217;action ? Comment se servir d&#8217;un mod\u00e8le comportementale pour prendre des d\u00e9cisions plus rapides et plus justes ?  <\/p>\n<p>Jour 5 : <b>Planifiez les \u00e9v\u00e8nements remarquables de votre semaine<\/b> tant au niveau personnel que professionnel. Faites la diff\u00e9rence entre vos options et vos engagements. Cr\u00e9ez un planning incr\u00e9mental (\u00e9volutif)  <\/p>\n<h2>Deuxi\u00e8me semaine<\/h2>\n<p>Jour 6 : <b>Reprogrammez vos paradigmes<\/b> : Comment les habitudes se forgent ? Les 3 habitudes des procrastinateurs qu&#8217;il est possible de changer avec une feuille et un crayon. Comment remplacer une mauvaise habitude par une bonne ?  <\/p>\n<p>Jour 7 : <b>Les rituels<\/b> et leurs secrets. Comment cr\u00e9er un rituel, le revisiter, y ajouter des actions, le lib\u00e9rer&#8230;  <\/p>\n<p>Jour 8 : <b>Les 3 constantes de la motivation<\/b>. Comment les mesurer ? Comment pr\u00e9parer des journ\u00e9es motivantes et pleines d&#8217;Energie. Troquez une perception contre une autre, en utilisant votre g\u00e9nie cr\u00e9atif. La technique des 21 jours.  <\/p>\n<p>Jour 9 : <b>Les 4 cat\u00e9gories de t\u00e2ches professionnelles<\/b>. Premiers principes d&#8217;affectation et de planification. Les t\u00e2ches multi-cat\u00e9gories. La loi de Pareto.  <\/p>\n<p>Jour 10 : <b>Le planning quotidien optimis\u00e9<\/b>. L&#8217;art de la planification \u00e0 60\/40. La journ\u00e9e classique. La journ\u00e9e de 16 heures !  <\/p>\n<h2>Troisi\u00e8me semaine<\/h2>\n<p>Jour 11 : <b>Le pr\u00e9vu et le r\u00e9el<\/b>. Analysez les diff\u00e9rences et servez-vous de vos exp\u00e9riences. Pr\u00e9voyez les t\u00e2ches \u00e0 d\u00e9l\u00e9guer avec plus d&#8217;efficacit\u00e9 et d&#8217;assurance.  <\/p>\n<p>Jour 12 : <b>Les pauses et les interruptions<\/b>. V\u00e9ritable impact sur votre concentration. Comment \u00e9viter les interruptions ? Technique de concentration optimale.  <\/p>\n<p>Jour 13 : <b>Les projets<\/b>. Technique de visualisation. Le r\u00eave \u00e9veill\u00e9. Une nouvelle approche de la matrice d&#8217;Eisenhower. Oser d\u00e9l\u00e9guer.  <\/p>\n<p>Jour 14 : <b>Le temps et l&#8217;argent<\/b>. Votre v\u00e9ritable taux horaire. La juste conversion. Temps b\u00e9n\u00e9ficiaire \/ temps d\u00e9ficitaire. Vendez et achetez du temps !  <\/p>\n<p>Jour 15 : <b>Vos boules de LOTO<\/b>. Bilan-Flash de vos comp\u00e9tences acquises et \u00e0 acqu\u00e9rir. La proactivit\u00e9 : choisissez les num\u00e9ros gagnants, puis jouez-les !  <\/p>\n<p><i>A partir de la troisi\u00e8me semaine, vous serez guid\u00e9 \u00e9tape par \u00e9tape dans l\u2019utilisation d&#8217;un outil d&#8217;organisation et de planification inspir\u00e9 des meilleurs organizers du march\u00e9.<\/i><\/p>\n<p style=\"text-align: center; line-height: 18pt; font-size: 14pt\"><a style=\"font-size: 10pt\" href=\"http:\/\/www.inscription-minute.fr\/solution.aspx?code=TCP074IP&amp;origine=ProgrammeTC47Site\"><img decoding=\"async\" style=\"border-right-width: 0px; border-top-width: 0px; border-bottom-width: 0px; border-left-width: 0px\" alt=\"Inscrivez-vous !\" src=\"http:\/\/www.inscription-minute.fr\/adherents\/inscrivez-vous.gif\"><br \/>Inscrivez-vous !<\/a><\/p>\n<\/div>\n<!--themify_builder_content-->\n<div id=\"themify_builder_content-784\" data-postid=\"784\" class=\"themify_builder_content themify_builder_content-784 themify_builder tf_clear\">\n    <\/div>\n<!--\/themify_builder_content-->\n","protected":false},"excerpt":{"rendered":"<p>PROGRAMME DE TIME-COACH PLUS Premi\u00e8re semaine Jour 1 : Comment d\u00e9clencher une gestion efficace de votre temps, \u00e9viter les pi\u00e8ges qui d\u00e9motivent et avancer vers plus de performance. Les pratiques de base pour rendre vos journ\u00e9es plus riches. Jour 2 : Savez-vous faire la diff\u00e9rence entre ce qui est urgent et ce qui est important [&hellip;]<\/p>\n","protected":false},"author":1,"featured_media":0,"parent":0,"menu_order":0,"comment_status":"closed","ping_status":"open","template":"","meta":[],"builder_content":"","_links":{"self":[{"href":"https:\/\/auto-coaching.fr\/index.php\/wp-json\/wp\/v2\/pages\/784"}],"collection":[{"href":"https:\/\/auto-coaching.fr\/index.php\/wp-json\/wp\/v2\/pages"}],"about":[{"href":"https:\/\/auto-coaching.fr\/index.php\/wp-json\/wp\/v2\/types\/page"}],"author":[{"embeddable":true,"href":"https:\/\/auto-coaching.fr\/index.php\/wp-json\/wp\/v2\/users\/1"}],"replies":[{"embeddable":true,"href":"https:\/\/auto-coaching.fr\/index.php\/wp-json\/wp\/v2\/comments?post=784"}],"version-history":[{"count":14,"href":"https:\/\/auto-coaching.fr\/index.php\/wp-json\/wp\/v2\/pages\/784\/revisions"}],"predecessor-version":[{"id":798,"href":"https:\/\/auto-coaching.fr\/index.php\/wp-json\/wp\/v2\/pages\/784\/revisions\/798"}],"wp:attachment":[{"href":"https:\/\/auto-coaching.fr\/index.php\/wp-json\/wp\/v2\/media?parent=784"}],"curies":[{"name":"wp","href":"https:\/\/api.w.org\/{rel}","templated":true}]}}