{"id":821,"date":"2013-09-03T06:53:16","date_gmt":"2013-09-03T04:53:16","guid":{"rendered":"http:\/\/www.auto-coaching.fr\/?page_id=821"},"modified":"2013-09-03T16:04:38","modified_gmt":"2013-09-03T14:04:38","slug":"la-mission","status":"publish","type":"page","link":"https:\/\/auto-coaching.fr\/index.php\/la-mission\/","title":{"rendered":"La mission"},"content":{"rendered":"<p>Vous avez pu le constater, dans TIME-COACH j&#8217;utilise des termes et un style d&#8217;\u00e9criture sp\u00e9cifiques au coaching qui peuvent para\u00eetre \u00abd\u00e9cal\u00e9s\u00bb. Nous sommes loin du style descriptif des encyclop\u00e9dies, car le but est de toucher les \u00e9motions qui poussent \u00e0 l&#8217;action. Mais parfois, mes mots peuvent \u00eatre mal interpr\u00e9t\u00e9s, ce qui a pour effet de produire l&#8217;effet inverse, jusqu&#8217;au d\u00e9nigrement.  <\/p>\n<p>Prenons par exemple le mot \u00abRecadrage\u00bb. Si vous lisez TIME-COACH r\u00e9guli\u00e8rement, vous savez qu&#8217;il s&#8217;agit d&#8217;une technique de coaching qui permet de poser un nouveau regard sur certaines choses. Or lorsque j&#8217;emploie le mot \u00abRecadrage\u00bb, d&#8217;irr\u00e9ductibles lecteurs prennent encore ce mot pour un synonyme de \u00abr\u00e9primande\u00bb. Ainsi, lorsque j&#8217;emploie la formule \u00abpermettez-moi un recadrage\u00bb, je me retrouve avec des remarques du type :  <\/p>\n<ul>\n<li>Mais pour qui vous prenez-vous pour me recadrer ?!<\/li>\n<\/ul>\n<p>Ou  <\/p>\n<ul>\n<li>Ce n&#8217;est pas une fa\u00e7on de parler aux gens !<\/li>\n<\/ul>\n<p>Ou encore  <\/p>\n<ul>\n<li>Evitez les recadrages collectifs ! Adressez-vous \u00e0 la personne \u00e0 recadrer de fa\u00e7on individuelle.<\/li>\n<\/ul>\n<p>Je suis d&#8217;accord avec ces 3 remarques ! Ca ne se fait pas d&#8217;engueuler les gens, et encore moins lorsqu&#8217;ils ne sont pas concern\u00e9s&#8230; Mais dans ma bouche (et sous ma plume), le mot \u00abRecadrage\u00bb ne signifie pas que je vais vous remonter les bretelles ou vous passer un savon&#8230; Bien au contraire : en pratiquant <strong>la technique du Recadrage<\/strong>, je vous propose d&#8217;\u00e9tendre vos connaissances et vos comp\u00e9tences \u00e0 travers une nouvelle approche.  <\/p>\n<p>Un autre mot qui peut heurter : \u00abInconscient\u00bb. J&#8217;en fais souvent les frais lorsque je m&#8217;adresse \u00e0 des personnes qui attachent plus d&#8217;importance aux souvenirs des r\u00e9primandes de leur jeunesse qu&#8217;au concept psychologique. Ils entendent : \u00abesp\u00e8ce d&#8217;inconscient !\u00bb ou encore \u00abMais tu es compl\u00e8tement inconscient !\u00bb. Ca peut faire sourire les lecteurs avertis, mais les concepts comme Conscient, Subconscient et Inconscient, ne sont pas faciles \u00e0 appr\u00e9hender pour tout le monde. J&#8217;ai des lecteurs qui ne supportent pas que je leur parle de leurs actes inconscients&#8230; Mais pour qui je me prends ???  <\/p>\n<p>Encore un mot : \u00abIncomp\u00e9tent\u00bb. En g\u00e9n\u00e9ral dans le milieu professionnel, ce mot est utilis\u00e9 pour juger une personne qui occupe ill\u00e9gitimement une place. Mais le coaching n&#8217;a pas pour vocation de vous juger. Lorsque j&#8217;emploie ce mot, c&#8217;est tout simplement pour exprimer une chose que vous ne savez pas ou que vous ne savez pas faire. Par exemple, je suis comp\u00e9tent en informatique, mais je suis incomp\u00e9tent en chinois. Je suis comp\u00e9tent en Communication Orient\u00e9e Articles (Newsletter), mais je suis incomp\u00e9tent en Facebook.  <\/p>\n<p>Lorsque j&#8217;en suis conscient, je peux changer mon incomp\u00e9tence en comp\u00e9tence : il y a des formations, des amis, des livres, des sites&#8230; qui peuvent m&#8217;y aider. Concernant la langue mandarine, \u00e7a me para\u00eet \u00e0 port\u00e9e. Par contre pour ce qui est de la plateforme adul\u00e9e 900 millions d&#8217;utilisateurs, j&#8217;ai besoin d&#8217;un <strong>coach \u00e8s Facebook<\/strong>&#8230; Je suis un \u00abIncomp\u00e9tent Inconscient\u00bb dans ce domaine ! Je ne sais m\u00eame pas ce que je ne sais pas&#8230; Je ne comprends m\u00eame pas ce que je ne comprends pas ! Techniquement, j&#8217;ai tout compris, mais \u00e0 chaque fois que j&#8217;y passe une heure, j&#8217;ai l&#8217;impression d&#8217;en perdre deux ! Quant \u00e0 la premi\u00e8re fois o\u00f9 j&#8217;ai re\u00e7u un \u00abpoke\u00bb, j&#8217;ai \u00e9t\u00e9 choqu\u00e9 ! Parce qu&#8217;avant de prendre une allure plus sympathique dans mon esprit, le verbe \u00abto poke\u00bb avait pour signification \u00abfourrer\u00bb. Aussi, ai-je r\u00e9pondu (avec l&#8217;humour que vous me connaissez) :  <\/p>\n<p>&#8211; Faisons plus amplement connaissance avant !  <\/p>\n<p>Je rappelle que le \u00abpoke\u00bb sur Facebook correspond \u00e0 un tapotage (virtuel) sur l&#8217;\u00e9paule pour attirer l&#8217;attention d&#8217;un correspondant. Ceci dit, quelle que soit la signification, je ne me vois pas \u00abpoker\u00bb \u00e0 tout va&#8230;  <\/p>\n<p>Voyez ce que produisent les \u00abIncomp\u00e9tences Inconscientes\u00bb&#8230; Des incompr\u00e9hensions, des f\u00e2cheries, des d\u00e9nigrements, et surtout une impossibilit\u00e9 d&#8217;avancer&#8230; Cependant je ne vais pas m&#8217;arr\u00eater \u00e0 \u00e7a, car je suis s\u00fbr que le probl\u00e8me vient de moi, et que Facebook pourrait m&#8217;aider \u00e0 mieux remplir ma mission.  <\/p>\n<h2>LA MISSION<\/h2>\n<p>Hum&#8230; Hum&#8230; Le mot est l\u00e2ch\u00e9 : MA MISSION&#8230; J&#8217;ai utilis\u00e9 ce terme plusieurs fois dans mes articles sans le d\u00e9finir, tant il me para\u00eet naturel&#8230; Aussi naturel que \u00abpoke\u00bb pour un Facebooker&#8230; Alors je con\u00e7ois que le mot mission ait une connotation d\u00e9sagr\u00e9able pour beaucoup de lecteurs, \u00abIncomp\u00e9tents Inconscients\u00bb dans le domaine du D\u00e9veloppement Personnel.  <\/p>\n<p>Il y a quelques jours j&#8217;ai re\u00e7u une remarque (c&#8217;est la troisi\u00e8me en 2 mois) sur le fait que j&#8217;employais le terme \u00abmission\u00bb avec un lyrisme qui pouvait faire penser \u00e0 un mouvement religieux. Je n&#8217;ai pas port\u00e9 attention aux premi\u00e8res critiques, car elles me paraissaient anecdotiques. Mais 3, \u00e7a commence \u00e0 faire beaucoup. D&#8217;autant que je vous le rappelle :  <\/p>\n<blockquote>\n<p>Lorsqu&#8217;une personne s&#8217;exprime, beaucoup d&#8217;autres pensent la m\u00eame chose, mais ne le disent pas&#8230;<\/p>\n<\/blockquote>\n<p>Je pense qu&#8217;un petit recadrage \u00e0 propos de ce terme fera le plus grand bien aux plus m\u00e9fiants de mes lecteurs, qui n&#8217;ont pas envie de s&#8217;impliquer dans un processus religieux, voire \u00e9sot\u00e9rique&#8230; TIME-COACH se veut accessible \u00e0 tous.  <\/p>\n<p>Concernant les croyances qui acc\u00e9l\u00e8rent le D\u00e9veloppement Personnel, la seule base commune est d&#8217;accepter le fait que :  <\/p>\n<blockquote>\n<p>l&#8217;Etre Humain est bien plus qu&#8217;un simple mammif\u00e8re qui nait, qui s&#8217;use et qui meurt&#8230; <\/p>\n<\/blockquote>\n<p>Ainsi lorsque j&#8217;\u00e9voque la Communication Non Verbale, par exemple, libre \u00e0 vous de vous arr\u00eater au niveau du concret (clignement des yeux, mains crisp\u00e9es, rictus, transpiration, tics) ou d&#8217;imaginer un champ \u00e9motionnel comparable \u00e0 un champ magn\u00e9tique, qui entoure les \u00eatres communicants et qui les connecte. <\/p>\n<p>Personnellement les deux approches me plaisent, car elles apportent \u00e9norm\u00e9ment l&#8217;une \u00e0 l&#8217;autre. Je rappelle \u00e9galement que ce qui est consid\u00e9r\u00e9 comme concret aujourd\u2019hui \u00e9tait qualifi\u00e9 de fumisterie il y a quelques dizaines d\u2019ann\u00e9es. Ne d\u00e9nigrons pas&#8230; <\/p>\n<h2>Parlons de ma Mission, puis de votre Mission : <\/h2>\n<ul>\n<li>Qui m&#8217;a confi\u00e9 cette mission ?\n<li>Est-ce que j&#8217;ob\u00e9is \u00e0 un gourou ?\n<li>Est-ce que j&#8217;entends de voix ?&#8230;<\/li>\n<\/ul>\n<p>Parler de \u00abmission\u00bb \u00e0 des personnes qui ont des difficult\u00e9s \u00e0 int\u00e9grer le D\u00e9veloppement Personnel, c&#8217;est aussi ind\u00e9licat que de parler :  <\/p>\n<ul>\n<li>d&#8217;Inconscient \u00e0 des personnes qui n&#8217;ont aucune approche de la psychologie\n<li>d&#8217;Incomp\u00e9tence \u00e0 des personnes qui n&#8217;ont aucune approche de la p\u00e9dagogie\n<li>de Recadrage \u00e0 des personnes qui n&#8217;ont aucune approche du coaching\n<li>de Poke \u00e0 des personnes qui n&#8217;ont aucune approche de Facebook\n<li>&#8230;<\/li>\n<\/ul>\n<p>Pourtant le mot mission est tr\u00e8s usit\u00e9 dans le domaine professionnel. Recherchez sur Internet des termes comme \u00ablettre de mission\u00bb, \u00abordre de mission\u00bb, \u00abmission locale\u00bb, et vous comprendrez que si \u00e0 l&#8217;origine, les missionnaires \u00e9taient des pr\u00eatres catholiques qui allaient pr\u00eacher la parole du Christ dans des contr\u00e9es lointaines, le terme MISSION d&#8217;aujourd&#8217;hui d\u00e9signe par extension une t\u00e2che, un travail, un objectif, etc. \u00e0 fort engagement moral. Une mission, c&#8217;est moralement IMPORTANT pour celui qui m\u00e8ne l&#8217;action. Il est acteur ! Ses croyances et valeurs morales sont impliqu\u00e9es. Beaucoup trop de gens confondent la \u00abmission\u00bb qui vient de l&#8217;int\u00e9rieur, et la \u00absoumission\u00bb qui est dict\u00e9e par l&#8217;ext\u00e9rieur. Or la soumission, ce n&#8217;est qu&#8217;une sous-mission&#8230;  <\/p>\n<p>Donner une connotation d\u00e9rangeante, voire d\u00e9nigrante au mot \u00abmission\u00bb, rel\u00e8ve d&#8217;une envie (inconsciente) de freiner des deux pieds ! De m\u00eame que je suis convaincu que Facebook est une boule de LOTO gagnante pour moi, je vous invite \u00e0 observer vos d\u00e9nigrements de pr\u00e8s : ils sont sources de D\u00e9veloppement, voire d&#8217;Epanouissement, comme tout ce qui gravite dans la p\u00e9riph\u00e9rie de votre zone de confort&#8230; Je sais \u00e0 quel point il est difficile de sortir de son confort : c&#8217;est pour cette raison que je vous en parle. Comment voulez-vous obtenir de nouveaux r\u00e9sultats si vous pensez, vous ressentez et vous agissez toujours de la m\u00eame fa\u00e7on ?  <\/p>\n<p>Je vais vous proposer une nouvelle approche du mot \u00abmission\u00bb, adapt\u00e9e au cadre de votre auto-coaching. Une base universelle, acceptable par les ath\u00e9es, les sceptiques, et par les croyants de toutes religions. J&#8217;aimerais que dor\u00e9navant, en lisant ou en relisant des articles qui utilisent le mot \u00abmission\u00bb, vous puissiez le percevoir sous cet angle :  <\/p>\n<blockquote>\n<p>Une mission est un projet, un objectif global, un but (voire un r\u00eave) que vous souhaitez r\u00e9aliser, pour lequel vous agissez au quotidien, ET que vous continuerez \u00e0 poursuivre, m\u00eame si vous gagnez au LOTO !<\/p>\n<\/blockquote>\n<p>Par exemple, si vous \u00eates chercheur et vous travaillez dans un laboratoire qui cherche un moyen de gu\u00e9rir le cancer, posez-vous la question :  <\/p>\n<p><strong>&#8211; Qu&#8217;est-ce que je ferais si je gagnais au LOTO ?<\/strong>  <\/p>\n<p>Il y a de fortes chances que vous entrepreniez de nouvelles activit\u00e9s, comme \u00abfaire le tour du monde\u00bb (cette r\u00e9ponse est dans le top 3 des joueurs-aspirants). Mais que deviendraient vos activit\u00e9s actuelles ? Lesquelles seront abandonn\u00e9es et lesquelles seront amplifi\u00e9es ?  <\/p>\n<p>Si vous vous voyez faire un gros don pour la recherche contre le cancer, si vous envisagez de financer des projets auxquels vous croyez, si vous pensez \u00e0 cr\u00e9er votre propre laboratoire de recherche pour entreprendre des projets plus ambitieux&#8230; il y a de fortes chances que la lutte contre le cancer soit votre MISSION. Ce qui explique le m\u00e9tier que vous faites. Vous n&#8217;\u00eates pas l\u00e0 par hasard ! Et si vous aspirez \u00e0 gravir les \u00e9chelons, ce n&#8217;est pas pour gagner plus d&#8217;argent, mais pour mieux gagner votre vie (les lecteurs de <a href=\"www.inscription-minute.fr\/solution.aspx?code=RA20IN07&amp;origine=siteMission\" target=\"_blank\">Riche-Attitude<\/a> appr\u00e9cieront la nuance).  <\/p>\n<h2>Et moi&#8230; Qu&#8217;est-ce que je ferais si je gagnais au LOTO ?<\/h2>\n<p>Eh bien, il y a de fortes chances que je me lance dans la cr\u00e9ation de programmes d&#8217;auto-coaching accessibles au grand public. Apr\u00e8s un investissement cons\u00e9quent, j&#8217;en ferai un processus autonome financi\u00e8rement, car je sais que m\u00eame la super-cagnotte \u00e0 des limites.  <\/p>\n<p>&#8211; Mais n&#8217;est-ce pas ce que je fais d\u00e9j\u00e0 ?  <\/p>\n<p>Voil\u00e0 qui nous ram\u00e8ne \u00e0 celles et ceux qui accomplissent leur mission tout en faisant leur m\u00e9tier : ils n&#8217;ont pas besoin d&#8217;attendre de gagner au LOTO pour s&#8217;accomplir.  <\/p>\n<p>A tous ceux-l\u00e0, je souhaite une excellente rentr\u00e9e. Que vos missions vous portent au-del\u00e0 de vos propres fronti\u00e8res et vous fassent d\u00e9couvrir de nouveaux horizons \u00e0 explorer avec optimisme. Que les forces que vous avez mises en place courageusement et avec passion gonflent vos voiles et vous aident \u00e0 vous placer en haut de la vague. Que chacun de vos \u00e9lans s&#8217;associe au mouvement d\u00e9j\u00e0 en place, et persiste \u00e0 son tour.  <\/p>\n<p>Quant \u00e0 ceux qui n&#8217;en sont pas encore l\u00e0&#8230; qui se cherchent&#8230; je ne les oublie pas. Je vous souhaite \u00e9galement une rentr\u00e9e pleine de SENS. Si vous avez d\u00e9couvert votre mission, je vous accompagnerai pour vous aider \u00e0 l&#8217;accomplir, \u00e0 VOUS accomplir&#8230; Si vous ne l&#8217;avez pas encore d\u00e9couverte, d\u00e9couvrons-la ensemble. Chacune de ces d\u00e9couvertes est un miracle. Et si je fais ce m\u00e9tier, c&#8217;est parce que j\u2019aime assister \u00e0 des miracles !  <\/p>\n<p>Bonne rentr\u00e9e \u00e0 tous, et en ce jour de rentr\u00e9e scolaire, bonne Mission \u00e0 tous les parents !  <\/p>\n<p>A++  <\/p>\n<p><strong>St\u00e9phane SOLOMON<\/strong><\/p>\n<!--themify_builder_content-->\n<div id=\"themify_builder_content-821\" data-postid=\"821\" class=\"themify_builder_content themify_builder_content-821 themify_builder tf_clear\">\n    <\/div>\n<!--\/themify_builder_content-->\n","protected":false},"excerpt":{"rendered":"<p>Vous avez pu le constater, dans TIME-COACH j&#8217;utilise des termes et un style d&#8217;\u00e9criture sp\u00e9cifiques au coaching qui peuvent para\u00eetre \u00abd\u00e9cal\u00e9s\u00bb. Nous sommes loin du style descriptif des encyclop\u00e9dies, car le but est de toucher les \u00e9motions qui poussent \u00e0 l&#8217;action. Mais parfois, mes mots peuvent \u00eatre mal interpr\u00e9t\u00e9s, ce qui a pour effet de [&hellip;]<\/p>\n","protected":false},"author":1,"featured_media":0,"parent":0,"menu_order":0,"comment_status":"open","ping_status":"open","template":"","meta":[],"builder_content":"","_links":{"self":[{"href":"https:\/\/auto-coaching.fr\/index.php\/wp-json\/wp\/v2\/pages\/821"}],"collection":[{"href":"https:\/\/auto-coaching.fr\/index.php\/wp-json\/wp\/v2\/pages"}],"about":[{"href":"https:\/\/auto-coaching.fr\/index.php\/wp-json\/wp\/v2\/types\/page"}],"author":[{"embeddable":true,"href":"https:\/\/auto-coaching.fr\/index.php\/wp-json\/wp\/v2\/users\/1"}],"replies":[{"embeddable":true,"href":"https:\/\/auto-coaching.fr\/index.php\/wp-json\/wp\/v2\/comments?post=821"}],"version-history":[{"count":1,"href":"https:\/\/auto-coaching.fr\/index.php\/wp-json\/wp\/v2\/pages\/821\/revisions"}],"predecessor-version":[{"id":822,"href":"https:\/\/auto-coaching.fr\/index.php\/wp-json\/wp\/v2\/pages\/821\/revisions\/822"}],"wp:attachment":[{"href":"https:\/\/auto-coaching.fr\/index.php\/wp-json\/wp\/v2\/media?parent=821"}],"curies":[{"name":"wp","href":"https:\/\/api.w.org\/{rel}","templated":true}]}}