{"id":824,"date":"2013-09-04T18:26:34","date_gmt":"2013-09-04T16:26:34","guid":{"rendered":"http:\/\/www.auto-coaching.fr\/?page_id=824"},"modified":"2016-09-12T06:38:32","modified_gmt":"2016-09-12T04:38:32","slug":"le-locus-de-controle","status":"publish","type":"page","link":"https:\/\/auto-coaching.fr\/index.php\/le-locus-de-controle\/","title":{"rendered":"Le Locus de Contr&ocirc;le"},"content":{"rendered":"<p>Voici une petite histoire trouv\u00e9e sur le WEB :<\/p>\n<p>Un homme s&#8217;adresse au juge du divorce, qui doit r\u00e9partir les biens du couple :<\/p>\n<p>&#8211; Je dois avouer que dans ce divorce, les torts sont partag\u00e9s : 50% ma femme, 50% sa m\u00e8re !<\/p>\n<h2>Le\u00a0Locus de Contr\u00f4le<\/h2>\n<p>Le \u00abLocus de Contr\u00f4le\u00bb est un concept psychologique (d\u00e9fini par Julian ROTTER en 1954) qui d\u00e9signe le lieu o\u00f9 une personne situe le contr\u00f4le de sa vie : dans le monde ext\u00e9rieur ou dans le monde int\u00e9rieur :<\/p>\n<ul>\n<li>Par exemple, \u00e0 chaque fois que vous vous plaignez de vos parents, de votre conjoint, de vos enfants, de votre patron, de Nicolas SARKOZY, de Fran\u00e7ois HOLLANDE, sans oublier D.ieu&#8230; Votre locus de contr\u00f4le est externe. En revanche, lorsque vous assumez vos responsabilit\u00e9s, vous avez un locus de contr\u00f4le interne.<\/li>\n<li>De m\u00eame lorsque quelque chose de positif vous arrive, si vous estimez que vous n\u2019y \u00eates pour rien (le hasard fait bien les choses, la chance vous sourit, les \u00e9toiles sont bien align\u00e9es, etc.), vous \u00eates en locus externe. Mais si vous vous dites que vos efforts ont \u00e9t\u00e9 r\u00e9compens\u00e9s, que vous avez su saisir l\u2019opportunit\u00e9 qui s\u2019est pr\u00e9sent\u00e9e, que vous avez donn\u00e9 un SENS au parcours qui vous a men\u00e9 jusqu\u2019\u00e0 votre\u00a0r\u00e9ussite, etc. votre Locus de Contr\u00f4le est interne.<\/li>\n<\/ul>\n<p>Le probl\u00e8me le plus courant est d&#8217;avoir un locus de contr\u00f4le \u00abgirouette\u00bb : <strong>on remarque que la propension\u00a0Humaine naturelle est de placer son Locus \u00e0 l&#8217;int\u00e9rieur en cas de r\u00e9ussite, et \u00e0 l&#8217;ext\u00e9rieur en cas d&#8217;\u00e9chec<\/strong>. Par exemple, une personne qui s&#8217;est vaccin\u00e9e contre la grippe et qui voit ses coll\u00e8gues tomber malades les uns apr\u00e8s les autres, consid\u00e9rera qu&#8217;elle a bien g\u00e9r\u00e9 sa sant\u00e9 (c&#8217;est gr\u00e2ce \u00e0 moi = Locus Interne). Mais si elle a n\u00e9glig\u00e9 cette vaccination, elle pourra reprocher \u00e0 son coll\u00e8gue de l&#8217;avoir contamin\u00e9e ! (c&#8217;est \u00e0 cause de l&#8217;autre = Locus Externe).<\/p>\n<p>La pratique du coaching encourage un juste \u00e9quilibre qui permet de gratifier le monde ext\u00e9rieur (\u00e0 moins de fabriquer soi-m\u00eame son vaccin !) tout en appr\u00e9ciant l&#8217;id\u00e9e que l&#8217;effort \u00abd&#8217;aller vers\u00bb la vaccination r\u00e9pond \u00e0 un processus de contr\u00f4le interne.<\/p>\n<p>Le vaccin n&#8217;est qu&#8217;un exemple. Vous remarquerez que selon la situation, vous adopterez un Locus Interne ou un Locus Externe, automatiquement ! Ce positionnement est impliqu\u00e9 par vos croyances, vos valeurs, votre parcours, et autres paradigmes&#8230;<\/p>\n<h2>Inversion du Locus<\/h2>\n<p>En surveillant cet automatisme, et en tentant de changer d\u2019approche, vous deviendrez de plus en plus proactif, et vous constaterez que beaucoup de choses changent autour de vous.<\/p>\n<p>En 1995 j\u2019ai \u00e9t\u00e9 trahi par l\u2019un de mes associ\u00e9s (un v\u00e9ritable charlatan). J\u2019ai v\u00e9cu une p\u00e9riode noire, et bien que j&#8217;ai toujours trouv\u00e9 un endroit o\u00f9 dormir (amis, famille, h\u00f4tel, etc.) j&#8217;\u00e9tais officiellement SDF. Je n\u2019ai pu sortir de ma torpeur qu\u2019en acceptant l\u2019\u00e9vidence :<\/p>\n<p>Certes cet associ\u00e9 est coupable des malversations, et tous les ennuis qui me sont tomb\u00e9s dessus (en tant que g\u00e9rant) sont de sa faute ! Mais je suis responsable d\u2019une chose :<\/p>\n<blockquote><p>C\u2019est moi qui ai choisi cet associ\u00e9 ! Personne d\u2019autre ne l\u2019a choisi pour moi. On a m\u00eame tent\u00e9 de m\u2019en dissuader et j&#8217;ai persist\u00e9 \u00e0 dire que c&#8217;\u00e9tait un chic-type&#8230;<\/p><\/blockquote>\n<p>L\u2019\u00e9lectrochoc de cette responsabilit\u00e9 (sans culpabilit\u00e9) m\u2019a permis de refaire surface, et de revenir dans le monde des affaires. Ce qui, quelques semaines plus t\u00f4t, me paraissait absolument impossible !<\/p>\n<p>A m\u00e9diter&#8230;<\/p>\n<p><strong>St\u00e9phane SOLOMON<\/strong><\/p>\n<!--themify_builder_content-->\n<div id=\"themify_builder_content-824\" data-postid=\"824\" class=\"themify_builder_content themify_builder_content-824 themify_builder tf_clear\">\n    <\/div>\n<!--\/themify_builder_content-->\n","protected":false},"excerpt":{"rendered":"<p>Voici une petite histoire trouv\u00e9e sur le WEB : Un homme s&#8217;adresse au juge du divorce, qui doit r\u00e9partir les biens du couple : &#8211; Je dois avouer que dans ce divorce, les torts sont partag\u00e9s : 50% ma femme, 50% sa m\u00e8re ! Le\u00a0Locus de Contr\u00f4le Le \u00abLocus de Contr\u00f4le\u00bb est un concept psychologique [&hellip;]<\/p>\n","protected":false},"author":1,"featured_media":0,"parent":0,"menu_order":0,"comment_status":"open","ping_status":"open","template":"","meta":[],"builder_content":"","_links":{"self":[{"href":"https:\/\/auto-coaching.fr\/index.php\/wp-json\/wp\/v2\/pages\/824"}],"collection":[{"href":"https:\/\/auto-coaching.fr\/index.php\/wp-json\/wp\/v2\/pages"}],"about":[{"href":"https:\/\/auto-coaching.fr\/index.php\/wp-json\/wp\/v2\/types\/page"}],"author":[{"embeddable":true,"href":"https:\/\/auto-coaching.fr\/index.php\/wp-json\/wp\/v2\/users\/1"}],"replies":[{"embeddable":true,"href":"https:\/\/auto-coaching.fr\/index.php\/wp-json\/wp\/v2\/comments?post=824"}],"version-history":[{"count":6,"href":"https:\/\/auto-coaching.fr\/index.php\/wp-json\/wp\/v2\/pages\/824\/revisions"}],"predecessor-version":[{"id":3065,"href":"https:\/\/auto-coaching.fr\/index.php\/wp-json\/wp\/v2\/pages\/824\/revisions\/3065"}],"wp:attachment":[{"href":"https:\/\/auto-coaching.fr\/index.php\/wp-json\/wp\/v2\/media?parent=824"}],"curies":[{"name":"wp","href":"https:\/\/api.w.org\/{rel}","templated":true}]}}