{"id":829,"date":"2013-09-13T17:07:53","date_gmt":"2013-09-13T15:07:53","guid":{"rendered":"http:\/\/www.auto-coaching.fr\/?page_id=829"},"modified":"2013-09-18T18:50:06","modified_gmt":"2013-09-18T16:50:06","slug":"un-grand-evenement","status":"publish","type":"page","link":"https:\/\/auto-coaching.fr\/index.php\/un-grand-evenement\/","title":{"rendered":"Un grand &eacute;v&egrave;nement !"},"content":{"rendered":"<p>En mai 2011, j\u2019ai lanc\u00e9 un programme d\u2019auto-coaching d\u2019\u00e9veil nomm\u00e9 ANECDOTES-COACH. Il s&#8217;agissait de d\u00e9couvrir diff\u00e9rents axes du D\u00e9veloppement Personnel au travers d&#8217;anecdotes. Ce programme fut tr\u00e8s mal accueilli. Les pr\u00e9textes y allaient bon-train :  <\/p>\n<ul>\n<li>Trop cher pour de simples anecdotes !\n<li>Pas le temps de m\u2019amuser \u00e0 lire des contes \u00e0 dormir debout !\n<li>Votre accroche n\u2019est pas assez attrayante !\n<li>Le gratuit me suffit !\n<li>Hors de question de payer quoi que ce soit, puisque je me suis inscrit gratuitement !\n<li>Etc.<\/li>\n<\/ul>\n<p>Apr\u00e8s de nombreux efforts (pr\u00e8s d\u2019un mois de communication pour recadrer les croyances des uns et des autres), nous avons enregistr\u00e9 environ 120 inscriptions (sur 6.000 lecteurs gratuits) : un v\u00e9ritable fiasco !  <\/p>\n<p>MEMORY-COACH avait enregistr\u00e9 800 inscriptions, OBJECTIFS-COACH pr\u00e8s de 500&#8230; Rien ne laissait pr\u00e9sager un score aussi faible pour ANECDOTES-COACH, ni le prix (20 euros), ni le th\u00e8me, car \u00e0 chaque fois que j\u2019envoyais une petite histoire via le canal gratuit, j\u2019avais de nombreux t\u00e9moignages, qui disaient globalement : ENCORE !!!  <\/p>\n<p>Heureusement pour notre motivation, nous avions d&#8217;autres programmes en cours d&#8217;\u00e9criture. Nous avons l\u00e2ch\u00e9-prise pour lancer CONFIANCE-COACH ainsi que TIME-COACH PLUS qui ont obtenu de tr\u00e8s bons r\u00e9sultats. Pourquoi ANECDOTES-COACH \u00e9tait-il boud\u00e9 ? Myst\u00e8re&#8230; D\u2019autant qu&#8217;il plaisait ! Jamais je n\u2019avais re\u00e7u autant de t\u00e9moignages de satisfaction spontan\u00e9s en fin de programme.  <\/p>\n<h2>Le retour !<\/h2>\n<p>Apr\u00e8s diverses p\u00e9rip\u00e9ties, ce programme fut retir\u00e9&#8230; Je vous raconterai les d\u00e9tails dans mes prochains articles. Mais en attendant, j&#8217;ai l&#8217;honneur et le plaisir de vous annoncer le retour d&#8217;ANECDOTES-COACH, sous un nouveau nom : <a href=\"http:\/\/www.inscription-minute.fr\/solution.aspx?code=ATT117OA&amp;origine=grandEvenementSite\" target=\"_blank\">ATTITUDE-COACH<\/a>.  <\/p>\n<p><a href=\"http:\/\/www.inscription-minute.fr\/solution.aspx?code=ATT117OA&amp;origine=grandEvenementSite\" target=\"_blank\"><img decoding=\"async\" src=\"http:\/\/www.inscription-minute.fr\/adherents\/bandeauAttitudeCoach.gif\"><\/a>  <\/p>\n<p>En effet, \u00e0 bien y r\u00e9fl\u00e9chir, et suite aux nombreux commentaires et conseils des lecteurs, ce programme n&#8217;est pas une collection d&#8217;anecdotes : <strong>il retrace et commente le parcours de diff\u00e9rents personnages, dans un univers en proie \u00e0 des changements<\/strong>&#8230; Il suffit de faire appel \u00e0 son intelligence existentielle pour adapter cet univers \u00e0 une entreprise en cours d&#8217;acquisition ou de fusion, une \u00e9quipe commerciale qui doit adopter un nouveau produit, une famille qui doit d\u00e9m\u00e9nager, un cadre qui doit changer de poste, un demandeur d&#8217;emploi qui veut acc\u00e9der \u00e0 un stage, un auteur qui part \u00e0 la rencontre d&#8217;\u00e9diteurs, etc.  <\/p>\n<p>Je pense que vous l&#8217;avez compris depuis le temps : je ne vous raconte pas des histoires uniquement pour vous distraire, mais surtout pour vous apporter des \u00e9l\u00e9ments de r\u00e9flexion dans vos d\u00e9fis de tous les jours.  <\/p>\n<h2>Argumentaire<\/h2>\n<p>J&#8217;ai d\u00e9cid\u00e9 de relancer ce programme la semaine de mon anniversaire (je suis n\u00e9 le 24 septembre 1967). Cela me fera tr\u00e8s plaisir de vous voir y participer, ++prenom++.  <\/p>\n<p>C&#8217;est la premi\u00e8re fois que j&#8217;emploie cet argument (plut\u00f4t \u00e9motionnel et amical, presque affectif&#8230;). Dans la plupart de mes messages promotionnels, je vous invite plut\u00f4t \u00e0 \u00e9valuer vos v\u00e9ritables besoins et \u00e0 r\u00e9pondre par OUI ou par NON. Sachant que j\u2019ai une tr\u00e8s grosse pr\u00e9f\u00e9rence pour le OUI&#8230; Or avec ce nouveau programme, j&#8217;ai une difficult\u00e9 de taille : puis-je vous vendre des \u00abATTITUDES\u00bb ?  <\/p>\n<p>&#8211; Je vous en mets pour combien de kilos m&#8217;sieur-dames ?  <\/p>\n<p>C&#8217;est comme l&#8217;Amour. Je ne peux pas vous en vendre, mais je peux vous raconter des histoires d&#8217;Amour&#8230;  <\/p>\n<p>Voyez, j&#8217;ai peu d&#8217;arguments&#8230; et pourtant je suis s\u00fbr que \u00e7a vous plaira. Alors je pr\u00e9f\u00e8re tout simplement vous inviter \u00e0 mon anniversaire, et cette adh\u00e9sion sera mon cadeau. J\u2019anticipe votre satisfaction, alors j&#8217;ose : si vous voulez adh\u00e9rer uniquement pour me faire plaisir, j&#8217;accepte ! On n&#8217;a pas tous les jours 46 ans&#8230;  <\/p>\n<p>Encore un d\u00e9tail : la plupart de mes programmes ne s&#8217;adressent qu&#8217;aux lecteurs de TIME-COACH. Si vous essayez d&#8217;offrir CONFIANCE-COACH ou ZEN-COACH \u00e0 des amis qui n&#8217;ont pas lu (et appr\u00e9ci\u00e9) au moins une trentaine d&#8217;articles de TIME-COACH, il y a des chances qu&#8217;ils vous disent d\u00e8s les premiers jours, qu&#8217;ils ne comprennent rien, et qu\u2019ils me trouvent \u00abbizarre\u00bb ! Effectivement, dans ces programmes je ne perds pas mon temps \u00e0 r\u00e9expliquer le mot \u00abparadigme\u00bb ou \u00abrecadrage\u00bb : j&#8217;estime que les lecteurs qui s&#8217;y inscrivent ont le niveau. Donc j\u2019effleure une d\u00e9finition (pour rappel) et j\u2019entre directement dans le vif du sujet.  <\/p>\n<p>Mais <strong>ATTITUDE-COACH est tous publics<\/strong>. Vous pouvez venir avec des amis ! Pour leur pr\u00e9senter le programme, ne leur envoyez pas ce courrier (qui est d\u00e9di\u00e9 aux lecteurs de la Newsletter). Envoyez leur un lien vers le \u00abteaser\u00bb&nbsp; :  <\/p>\n<p><a href=\"http:\/\/www.auto-coaching.fr\/attitude-coach\/\">http:\/\/www.auto-coaching.fr\/attitude-coach\/<\/a>  <\/p>\n<p>Ils feront leur choix&#8230; Si vous pensez qu&#8217;ils risquent d&#8217;h\u00e9siter, dites-leur ce que vous pensez de moi. Par exemple que j&#8217;ai un talent fou, voire du g\u00e9nie, un humour irr\u00e9sistible, et que ma plus belle qualit\u00e9 est la modestie.  <\/p>\n<p>Si vous avez des amis FACEBOOK ou des contacts qui vibrent lorsqu&#8217;ils entendent les mots \u00abD\u00e9veloppement Personnel\u00bb, partagez ce lien avec eux, et aimez-moi !  <\/p>\n<p>A++  <\/p>\n<p><strong>St\u00e9phane SOLOMON<\/strong><\/p>\n<!--themify_builder_content-->\n<div id=\"themify_builder_content-829\" data-postid=\"829\" class=\"themify_builder_content themify_builder_content-829 themify_builder tf_clear\">\n    <\/div>\n<!--\/themify_builder_content-->\n","protected":false},"excerpt":{"rendered":"<p>En mai 2011, j\u2019ai lanc\u00e9 un programme d\u2019auto-coaching d\u2019\u00e9veil nomm\u00e9 ANECDOTES-COACH. Il s&#8217;agissait de d\u00e9couvrir diff\u00e9rents axes du D\u00e9veloppement Personnel au travers d&#8217;anecdotes. Ce programme fut tr\u00e8s mal accueilli. Les pr\u00e9textes y allaient bon-train : Trop cher pour de simples anecdotes ! Pas le temps de m\u2019amuser \u00e0 lire des contes \u00e0 dormir debout ! [&hellip;]<\/p>\n","protected":false},"author":1,"featured_media":0,"parent":0,"menu_order":0,"comment_status":"open","ping_status":"open","template":"","meta":[],"builder_content":"","_links":{"self":[{"href":"https:\/\/auto-coaching.fr\/index.php\/wp-json\/wp\/v2\/pages\/829"}],"collection":[{"href":"https:\/\/auto-coaching.fr\/index.php\/wp-json\/wp\/v2\/pages"}],"about":[{"href":"https:\/\/auto-coaching.fr\/index.php\/wp-json\/wp\/v2\/types\/page"}],"author":[{"embeddable":true,"href":"https:\/\/auto-coaching.fr\/index.php\/wp-json\/wp\/v2\/users\/1"}],"replies":[{"embeddable":true,"href":"https:\/\/auto-coaching.fr\/index.php\/wp-json\/wp\/v2\/comments?post=829"}],"version-history":[{"count":4,"href":"https:\/\/auto-coaching.fr\/index.php\/wp-json\/wp\/v2\/pages\/829\/revisions"}],"predecessor-version":[{"id":846,"href":"https:\/\/auto-coaching.fr\/index.php\/wp-json\/wp\/v2\/pages\/829\/revisions\/846"}],"wp:attachment":[{"href":"https:\/\/auto-coaching.fr\/index.php\/wp-json\/wp\/v2\/media?parent=829"}],"curies":[{"name":"wp","href":"https:\/\/api.w.org\/{rel}","templated":true}]}}