{"id":847,"date":"2013-09-18T19:32:50","date_gmt":"2013-09-18T17:32:50","guid":{"rendered":"http:\/\/www.auto-coaching.fr\/?page_id=847"},"modified":"2013-10-02T16:43:01","modified_gmt":"2013-10-02T14:43:01","slug":"confiance-et-vulnerabilite","status":"publish","type":"page","link":"https:\/\/auto-coaching.fr\/index.php\/confiance-et-vulnerabilite\/","title":{"rendered":"Confiance et vuln&eacute;rabilit&eacute;"},"content":{"rendered":"<p>Dans <a href=\"http:\/\/www.auto-coaching.fr\/index.php\/inversion-de-locus\/\" target=\"_blank\">mon pr\u00e9c\u00e9dent article<\/a>, j\u2019ai utilis\u00e9 une m\u00e9taphore : l\u2019enfant battu (de la confiance) qui se r\u00e9concilie avec ce qui l\u2019a bless\u00e9, parce que des personnes bienveillantes ont le courage d\u2019aller vers lui.<\/p>\n<p>On me pose souvent cette question (en suivant mon all\u00e9gorie) :<\/p>\n<p><strong>&#8211; Et que se passe-t-il, si cet enfant \u00e0 qui vous caressez la joue pour lui donner ce dont il a besoin, vous mord la main !?<\/strong><\/p>\n<p>Je vais vous d\u00e9cevoir, mais je n\u2019ai pas de r\u00e9ponse \u00e0 \u00e7a. Je ne suis pas th\u00e9rapeute, je ne m\u2019adresse pas \u00e0 des personnes malades.<\/p>\n<h2>Le coaching n\u2019est pas une th\u00e9rapie<\/h2>\n<p>Le coaching se sert d\u2019outils psychologiques (entre autres), mais le processus n\u2019a rien \u00e0 voir avec la psychoth\u00e9rapie ou la psychanalyse.<\/p>\n<p>Pour faire simple :<\/p>\n<ul>\n<li>La th\u00e9rapie s\u2019adresse \u00e0 des personnes malades qui ont besoin de gu\u00e9rir ou de vivre avec leur maladie.\n<li>Le coaching s\u2019adresse \u00e0 des personnes saines, qui sont en qu\u00eate de performance.<\/li>\n<\/ul>\n<p>Dans le premier cas on soigne une maladie, source de perte d\u2019Energies. Dans le second on dynamise les gens en utilisant leurs Energies. Dans le premier cas on plaint les gens parce qu\u2019ils sont \u00e0 plaindre. Dans le second cas, on leur demande d\u2019arr\u00eater de se plaindre et de passer \u00e0 l\u2019action !<\/p>\n<p>Si vous avez besoin d\u2019une psychoth\u00e9rapie, et&nbsp; vous vous adressez \u00e0 un coach, il va vous coacher pour vous aider \u00e0 accepter une th\u00e9rapie&#8230; C\u2019est en tout cas ce que je fais les rares fois o\u00f9 mes clients font la confusion.<\/p>\n<p>Mes articles sont \u00e9crits dans un contexte pr\u00e9cis : vous \u00e9voluez dans un univers (professionnel ou personnel) o\u00f9 certaines actions vous permettent d\u2019aller plus vite, plus loin, plus haut&#8230; C\u2019est la devise olympique : celle des champions. Il est \u00e9vident que pour cela, votre vision du monde doit changer. Ne serais-ce que <strong>le temps de l\u2019action<\/strong> qui vous permet de d\u00e9crocher la m\u00e9daille.<\/p>\n<blockquote>\n<p>Une fois que votre force d\u00e9crochera la m\u00e9daille, la m\u00e9daille fera votre force.<\/p>\n<\/blockquote>\n<h2>Optimiste oui, b\u00e9at non !<\/h2>\n<p>Ne croyez pas que ce que je vous propose vous permettra de soigner tous les maux de la terre, \u00e9tablir la paix dans le monde, vous faire vivre jusqu\u2019\u00e0 1.000 ans, etc. Si c\u2019est ce genre d\u2019articles que vous attendez, \u00e7a existe ! Il faut juste changer de cr\u00e8merie.<\/p>\n<p>Le coaching part du principe que vous pouvez vous autoriser \u00e0 vous d\u00e9passer, \u00e0 sortir de votre confort sans vous mettre en danger. C\u2019est \u00e0 dire \u00e0 vous D\u00e9velopper de fa\u00e7on p\u00e9renne et progressive. Les pratiques du coaching vous renforcent, et augmentent vos choix. Vous ne faites plus ce que tout le monde fait, vous faites ce que vous d\u00e9cidez de faire ! Mais pour \u00e7a, il y a une attitude \u00e0 adopter. Cette attitude consiste (entre autres) \u00e0 pr\u00e9f\u00e9rer ZEN-COACH au Xanax, m\u00eame si le premier vous co\u00fbte 29 euros, alors que le deuxi\u00e8me vous semble gratuit&#8230; Laissez les m\u00e9dicaments aux malades, ils en ont VRAIMENT besoin. Ici on parle de coaching, d\u2019action, d\u2019innovation, de valeurs, de croyances, de dynamique mentale&#8230; L\u2019inertie mentale, c\u2019est le non choix.<\/p>\n<p>Lorsque je vous propose d\u2019inverser le locus de Confiance, en donnant votre Confiance aux gens au lieu de leur en demander, ma proposition ne consiste pas \u00e0 vous livrer aux griffes et aux dents des Manipulateurs Pervers Narcissiques (c\u2019est une maladie). Au contraire ! Si vous pratiquez cette technique, vous apprendrez \u00e0 les reconna\u00eetre au quart de tour et \u00e0 vous en pr\u00e9server. Vous vous entourerez de personnes pr\u00eates \u00e0 recevoir votre aide :<\/p>\n<ul>\n<li>L\u2019enfant battu, c\u2019est cet homme, qui vient de perdre son proc\u00e8s au Palais d\u2019Injustice. Il s\u2019enferme et ne veux plus entendre parler du monde des affaires&#8230;\n<li>L\u2019enfant battu, c\u2019est cette femme, qui apr\u00e8s avoir lutt\u00e9 dans un monde d\u2019hommes pour prendre sa place, se voit refuser toute initiative concr\u00e8te. Peu \u00e0 peu, elle s\u2019enfermera dans son \u00abplacard\u00bb et ne voudra plus entendre parler de parit\u00e9\u2026\n<li>L\u2019enfant battu, c\u2019est ce jeune-homme qui surprend la femme de sa vie dans les draps de son meilleur ami. Il ne voudra plus entendre parler d\u2019Amour&#8230;\n<li>L\u2019enfant battu, c\u2019est cette institutrice qui se d\u00e9m\u00e8ne pour passionner ses \u00e9l\u00e8ves, qui sacrifie des heures et des heures \u00e0 trouver un meilleur moyen d\u2019enseigner, et qui en fin d\u2019ann\u00e9e ne re\u00e7oit aucun t\u00e9moignage de Gratitude des parents. Peu \u00e0 peu, elle ne voudra plus entendre parler de mission p\u00e9dagogique&#8230;<\/li>\n<\/ul>\n<p>Ces personnes ne sont pas malades, elles sont tourment\u00e9es par leurs croyances et leurs valeurs encore vives, mais tellement fragiles. Leur Confiance a \u00e9t\u00e9 bafou\u00e9e. Elles aimeraient retrouver la Foi, elles y aspirent : vous surprendrez le premier \u00e0 lire \u00abChallenge\u00bb de temps en temps. Vous verrez la seconde arr\u00eater de zapper devant une \u00e9mission-d\u00e9bat sur la parit\u00e9. Le troisi\u00e8me versera une larme en regardant une com\u00e9die romantique, la quatri\u00e8me visionnera en solo, une vid\u00e9o sur la suggestop\u00e9die&#8230;<\/p>\n<p>Toutes ces personnes ont gard\u00e9 leur id\u00e9al. Elles attendent un geste de Confiance ext\u00e9rieure, car l\u2019int\u00e9rieur est insuffisant. Il a \u00e9t\u00e9 ravag\u00e9 par un ext\u00e9rieur ind\u00e9licat. Dans mon pr\u00e9c\u00e9dent article je vous proposais de faire un geste vers ces personnes-l\u00e0, <strong>si vous en avez la force<\/strong>. Mais si vous croyez que tout le monde (sauf vous) est Manipulateur Pervers Narcissique, vous vous enfermerez dans votre carapace en alimentant votre phobie. Dans ce cas, l\u2019enfant battu, c\u2019est vous&#8230; Ca peut arriver : attendez-vous \u00e0 ce qu\u2019on vous propose une aide qui vous renforcera.<\/p>\n<h2>Pratiquez en conscience<\/h2>\n<p>Lorsque j\u2019ai invers\u00e9 le locus de Confiance, lorsque j\u2019ai \u00e9crit \u00e0 mes lecteurs <strong><em>\u00abJ\u2019ai confiance en vous !\u00bb<\/em><\/strong>. Mon but \u00e9tait d\u2019aider les m\u00e9fiants \u00e0 franchir un cap. Le message en filigrane \u00e9tait :<\/p>\n<blockquote>\n<p>Je n\u2019en veux pas \u00e0 votre argent, je veux votre satisfaction !<\/p>\n<\/blockquote>\n<p>Mais je l\u2019ai fait parce que je pouvais le faire ! Parmi les personnes qui se sont inscrites ANECDOTES-COACH, profitant de l\u2019op\u00e9ration EUREKA, certaines m\u2019ont mordu la main ! Je le savais&#8230; C\u2019\u00e9tait pr\u00e9visible ! Mais ce qui compte, c\u2019est que sur 156 lecteurs touch\u00e9s par ma d\u00e9marche, 113 en sont sorties satisfaites et 4 autres m\u2019ont exprim\u00e9 leur non-satisfaction avec tact et gentillesse. Pour le reste :<\/p>\n<ul>\n<li>Une dizaine de lecteurs m\u2019ont insult\u00e9 parce que j\u2019ai os\u00e9 leur demander un paiement ou un message de non-satisfaction\n<li>Une trentaine n\u2019a pas donn\u00e9 signe de vie malgr\u00e9 deux relances.<\/li>\n<\/ul>\n<p>Je savais que \u00e7a allait m\u2019affecter, mais je savais aussi que j\u2019allais m\u2019en remettre : ma main va tr\u00e8s bien, c\u2019est avec elle que j\u2019\u00e9cris cet article&#8230; Par contre, je sais aujourd\u2019hui que je ne peux \u00e9tendre ce mod\u00e8le d\u2019inscription \u00e0 tous les programmes, car au bout d\u2019un certain nombre de morsures et d\u2019indiff\u00e9rences, je deviens vuln\u00e9rable.<\/p>\n<p>Mon locus interne me dit ceci :<\/p>\n<blockquote>\n<p>Si tu multiplie cette action au point de te mettre en danger, ne te plains pas des cons\u00e9quences, car ce danger, tu en avais conscience, et tu l\u2019as fait quand-m\u00eame&#8230; Tu n\u2019es pas coupable, parce que tu as rempli ta mission, mais tu es responsable car tu as mal g\u00e9r\u00e9 ta vuln\u00e9rabilit\u00e9 vis \u00e0 vis de ceux qui ne remplissent pas la leur.<\/p>\n<\/blockquote>\n<p>Votre vuln\u00e9rabilit\u00e9 face \u00e0 la Confiance est comme votre temps : elle se g\u00e8re !<\/p>\n<p>Comment g\u00e9rer ?<\/p>\n<p style=\"text-align: center\"><a href=\"http:\/\/www.inscription-minute.fr\/solution.aspx?code=ATT117OA&amp;origine=ConfianceVulnerabilte\" target=\"_blank\"><img decoding=\"async\" src=\"http:\/\/www.inscription-minute.fr\/adherents\/bandeauAttitudeCoach.gif\"><br \/>Offrez-vous un bouquet d&#8217;attitudes : Inscrivez-vous !<\/a>  <\/p>\n<p>A++ <\/p>\n<p><strong>St\u00e9phane SOLOMON<\/strong><\/p>\n<!--themify_builder_content-->\n<div id=\"themify_builder_content-847\" data-postid=\"847\" class=\"themify_builder_content themify_builder_content-847 themify_builder tf_clear\">\n    <\/div>\n<!--\/themify_builder_content-->\n","protected":false},"excerpt":{"rendered":"<p>Dans mon pr\u00e9c\u00e9dent article, j\u2019ai utilis\u00e9 une m\u00e9taphore : l\u2019enfant battu (de la confiance) qui se r\u00e9concilie avec ce qui l\u2019a bless\u00e9, parce que des personnes bienveillantes ont le courage d\u2019aller vers lui. On me pose souvent cette question (en suivant mon all\u00e9gorie) : &#8211; Et que se passe-t-il, si cet enfant \u00e0 qui vous [&hellip;]<\/p>\n","protected":false},"author":1,"featured_media":0,"parent":0,"menu_order":0,"comment_status":"open","ping_status":"open","template":"","meta":[],"builder_content":"","_links":{"self":[{"href":"https:\/\/auto-coaching.fr\/index.php\/wp-json\/wp\/v2\/pages\/847"}],"collection":[{"href":"https:\/\/auto-coaching.fr\/index.php\/wp-json\/wp\/v2\/pages"}],"about":[{"href":"https:\/\/auto-coaching.fr\/index.php\/wp-json\/wp\/v2\/types\/page"}],"author":[{"embeddable":true,"href":"https:\/\/auto-coaching.fr\/index.php\/wp-json\/wp\/v2\/users\/1"}],"replies":[{"embeddable":true,"href":"https:\/\/auto-coaching.fr\/index.php\/wp-json\/wp\/v2\/comments?post=847"}],"version-history":[{"count":22,"href":"https:\/\/auto-coaching.fr\/index.php\/wp-json\/wp\/v2\/pages\/847\/revisions"}],"predecessor-version":[{"id":869,"href":"https:\/\/auto-coaching.fr\/index.php\/wp-json\/wp\/v2\/pages\/847\/revisions\/869"}],"wp:attachment":[{"href":"https:\/\/auto-coaching.fr\/index.php\/wp-json\/wp\/v2\/media?parent=847"}],"curies":[{"name":"wp","href":"https:\/\/api.w.org\/{rel}","templated":true}]}}