{"id":919,"date":"2013-10-11T14:06:48","date_gmt":"2013-10-11T12:06:48","guid":{"rendered":"http:\/\/www.auto-coaching.fr\/?page_id=919"},"modified":"2013-10-11T15:14:26","modified_gmt":"2013-10-11T13:14:26","slug":"des-nouveaux-des-nouveaux","status":"publish","type":"page","link":"https:\/\/auto-coaching.fr\/index.php\/des-nouveaux-des-nouveaux\/","title":{"rendered":"Des nouveaux, des nouveaux !"},"content":{"rendered":"<p>Je viens de faire un premier petit bilan des inscriptions \u00e0 ATTITUDE-COACH. Le nombre reste bas (environ 70 personnes), je n&#8217;ai aucune id\u00e9e de ce que \u00e7a donnera financi\u00e8rement parlant, puisque la plupart des lecteurs paieront \u00e0 la fin, s&#8217;ils sont satisfaits.  <\/p>\n<p><strong>Et pourtant, je suis content ! <\/strong> <\/p>\n<p>Il y a un point positif que j&#8217;avais d\u00e9j\u00e0 remarqu\u00e9 en 2011 : Il y a de nouveaux noms qui apparaissent dans la liste des inscriptions. Des personnes qui n&#8217;ont particip\u00e9 \u00e0 aucun programme payant auparavant. Le taux est de 26%, ce qui est tr\u00e8s sup\u00e9rieur aux 3% que j&#8217;ai obtenus ces derniers temps.  <\/p>\n<p>Lorsque j\u2019ai lanc\u00e9 mon premier programme payant (MEMORY-COACH), tout le monde \u00e9tait nouveau (\u00e9videmment). Mais \u00e0 mesure que je cr\u00e9ais d\u2019autres programmes, j\u2019ai remarqu\u00e9 que le taux de nouveaux arrivants baissait progressivement.  <\/p>\n<blockquote>\n<p>Lorsqu&#8217;on vend des produits de qualit\u00e9, il est beaucoup plus facile de convaincre un client qui a d\u00e9j\u00e0 consomm\u00e9, qu&#8217;un passant.<\/p>\n<\/blockquote>\n<p>Si mes produits \u00e9taient de moindre qualit\u00e9, j&#8217;adopterais un marketing ONE-SHOT (un coup), et je serais oblig\u00e9 de trouver de nouveaux clients \u00e0 chaque lancement. Ce qui demande beaucoup d&#8217;\u00e9nergie sur de nombreux axes de s\u00e9duction (r\u00e9ductions, graphisme, slogans publicitaires, incentive, processus viraux, etc.).  <\/p>\n<p>Mais fort heureusement, j\u2019ai \u00ab<b>mes clients<\/b>\u00bb. Certains d\u2019entre eux s\u2019inscrivent syst\u00e9matiquement \u00e0 chaque lancement. Ils n\u2019ont pas besoin d\u2019un argumentaire. Le simple fait d\u2019apprendre que j\u2019ai \u00e9crit 10 articles autour d\u2019une th\u00e9matique pr\u00e9cise, les motive ! C&#8217;est presque artistique comme technique de vente (les peintres qui invitent leurs meilleurs clients \u00e0 leurs vernissages savent de quoi je parle). C&#8217;est un marketing plus p\u00e9renne, bas\u00e9 sur la Qualit\u00e9, la Confiance, et sur d&#8217;autres valeurs humaines.  <\/p>\n<p>Mais \u00e9videmment, on ne peut en rester l\u00e0. Il faut s\u2019autoriser \u00e0 enrichir sa client\u00e8le (et plus g\u00e9n\u00e9ralement ses fr\u00e9quentations). C\u2019est pourquoi j\u2019ai propos\u00e9 le mod\u00e8le \u00abpaiement apr\u00e8s satisfaction\u00bb en 2011. J\u2019ai touch\u00e9 une nouvelle client\u00e8le qui s\u2019est montr\u00e9e fid\u00e8le par la suite, et qui n\u2019avait plus besoin d&#8217;une inversion de locus pour adh\u00e9rer aux autres programmes.  <\/p>\n<p>Je viens de lancer une vaste campagne li\u00e9e \u00e0 3 axes de prise de d\u00e9cision : <b>Temps<\/b>, <b>Argent<\/b> et <b>Confiance<\/b>. J&#8217;ai \u0153uvr\u00e9 pendant des semaines pour faciliter l&#8217;acc\u00e8s \u00e0 ATTITUDE-COACH, et je vois un r\u00e9sultat tr\u00e8s plaisant : de nouveaux clients !  <\/p>\n<blockquote>\n<p>Ce r\u00e9sultat confirme que pour s\u00e9duire de nouveaux clients, l\u2019inversion de locus est une bonne pratique.<\/p>\n<\/blockquote>\n<p>Si vous avez un commerce, vous pouvez mod\u00e9liser l&#8217;id\u00e9e en cherchant des facilitateurs d&#8217;acc\u00e8s qui correspondent \u00e0 vos produits (le paiement en 3 fois sans frais est un classique du genre, mais il ne concerne que l&#8217;ARGENT. Il reste, le TEMPS et la CONFIANCE). Si vous avez une id\u00e9e \u00e0 vendre \u00e0 vos amis, votre famille, votre \u00e9quipe&#8230; C&#8217;est le m\u00eame principe : un discours progressifs et patient qui inverse le locus de confiance est une strat\u00e9gie gagnante (sans forc\u00e9ment r\u00e9v\u00e9ler le processus, comme je le fais avec vous).  <\/p>\n<p>Toutefois, j&#8217;ai un autre but, que j&#8217;ai d\u00e9j\u00e0 expos\u00e9 : j&#8217;aimerais g\u00e9n\u00e9raliser le mod\u00e8le \u00abPayez apr\u00e8s satisfaction\u00bb \u00e0 tous mes autres programmes. Or pour le moment, il n&#8217;y a pas assez de personnes qui ont vot\u00e9 POUR cette id\u00e9e&#8230; Et dans ce contexte, s\u2019abstenir, c\u2019est voter CONTRE !<\/p>\n<p>Le principe \u00abPayez apr\u00e8s satisfaction\u00bb est-il condamn\u00e9 \u00e0 \u00eatre un apporteur occasionnel de nouveaux clients, ou peut-il devenir un v\u00e9ritable mod\u00e8le \u00e9conomique ?<\/p>\n<p>A vous de d\u00e9cider ! <\/p>\n<p style=\"text-align: center\"><a href=\"http:\/\/www.inscription-minute.fr\/solution.aspx?code=ATT117OA&amp;origine=desNouveaux\" target=\"_blank\"><img decoding=\"async\" style=\"border-bottom-color: transparent; border-right-width: 0px; border-top-color: transparent; border-top-width: 0px; border-bottom-width: 0px; border-right-color: transparent; border-left-color: transparent; border-left-width: 0px\" src=\"http:\/\/www.inscription-minute.fr\/adherents\/bandeauAttitudeCoach.gif\"><br \/>Inscrivez-vous \u00e0 ATTITUDE-COACH !<\/a><\/p>\n<p><strong>St\u00e9phane SOLOMON<\/strong><\/p>\n<!--themify_builder_content-->\n<div id=\"themify_builder_content-919\" data-postid=\"919\" class=\"themify_builder_content themify_builder_content-919 themify_builder tf_clear\">\n    <\/div>\n<!--\/themify_builder_content-->\n","protected":false},"excerpt":{"rendered":"<p>Je viens de faire un premier petit bilan des inscriptions \u00e0 ATTITUDE-COACH. Le nombre reste bas (environ 70 personnes), je n&#8217;ai aucune id\u00e9e de ce que \u00e7a donnera financi\u00e8rement parlant, puisque la plupart des lecteurs paieront \u00e0 la fin, s&#8217;ils sont satisfaits. Et pourtant, je suis content ! Il y a un point positif que [&hellip;]<\/p>\n","protected":false},"author":1,"featured_media":0,"parent":0,"menu_order":0,"comment_status":"open","ping_status":"open","template":"","meta":[],"builder_content":"","_links":{"self":[{"href":"https:\/\/auto-coaching.fr\/index.php\/wp-json\/wp\/v2\/pages\/919"}],"collection":[{"href":"https:\/\/auto-coaching.fr\/index.php\/wp-json\/wp\/v2\/pages"}],"about":[{"href":"https:\/\/auto-coaching.fr\/index.php\/wp-json\/wp\/v2\/types\/page"}],"author":[{"embeddable":true,"href":"https:\/\/auto-coaching.fr\/index.php\/wp-json\/wp\/v2\/users\/1"}],"replies":[{"embeddable":true,"href":"https:\/\/auto-coaching.fr\/index.php\/wp-json\/wp\/v2\/comments?post=919"}],"version-history":[{"count":6,"href":"https:\/\/auto-coaching.fr\/index.php\/wp-json\/wp\/v2\/pages\/919\/revisions"}],"predecessor-version":[{"id":925,"href":"https:\/\/auto-coaching.fr\/index.php\/wp-json\/wp\/v2\/pages\/919\/revisions\/925"}],"wp:attachment":[{"href":"https:\/\/auto-coaching.fr\/index.php\/wp-json\/wp\/v2\/media?parent=919"}],"curies":[{"name":"wp","href":"https:\/\/api.w.org\/{rel}","templated":true}]}}