{"id":940,"date":"2013-10-22T17:13:37","date_gmt":"2013-10-22T15:13:37","guid":{"rendered":"http:\/\/www.auto-coaching.fr\/?page_id=940"},"modified":"2013-10-22T17:20:17","modified_gmt":"2013-10-22T15:20:17","slug":"erratum-croyances","status":"publish","type":"page","link":"https:\/\/auto-coaching.fr\/index.php\/erratum-croyances\/","title":{"rendered":"Erratum CROYANCES++"},"content":{"rendered":"<p>J&#8217;ai fait une erreur d&#8217;aiguillage dans mon pr\u00e9c\u00e9dent article. Si vous faites partie de 296 personnes qui ont cliqu\u00e9 sur le lien propos\u00e9, AVANT 14h48, je vous invite \u00e0 recommencer : <\/p>\n<p><a href=\"http:\/\/www.auto-coaching.fr\/croyances\">http:\/\/www.auto-coaching.fr\/croyances<\/a><\/p>\n<p>En effet, avant 14h48, ce lien n&#8217;orientait pas vers la pr\u00e9sentation du programme, mais vers le d\u00e9but du programme : la page qui s\u2019affichait concernait les personnes inscrites&#8230;!<\/p>\n<p>Enorme erreur ! Imaginez la m\u00eame erreur sur un support physique&#8230; C&#8217;est comme si au lieu d&#8217;envoyer la publicit\u00e9 d&#8217;un livre, j&#8217;avais envoy\u00e9 le livre ! Plus de 4.000 exemplaires envoy\u00e9s dans la nature&#8230; Irrattrapables !<\/p>\n<p>Nous avons corrig\u00e9 ce probl\u00e8me en moins d&#8217;une minute, et les inscriptions ont commenc\u00e9.<\/p>\n<h2>C&#8217;est beau !<\/h2>\n<p>Ca m&#8217;a fait r\u00e9fl\u00e9chir : Les nouvelles technologies permettent de faire davantage d&#8217;erreurs\u2026 On a moins peur de se tromper pour 3 raisons :<\/p>\n<p><b>L&#8217;erreur peut \u00eatre corrig\u00e9e rapidement<\/b><\/p>\n<p>Je suis fils d&#8217;imprimeur, je sais ce que co\u00fbtait une erreur sur papier, surtout une erreur de ce type (comme l&#8217;inversion de deux chiffres dans un num\u00e9ro de t\u00e9l\u00e9phone, par exemple).<\/p>\n<p><b>Il y a beaucoup plus d&#8217;indicateurs qui permettent de corriger l&#8217;erreur<\/b><\/p>\n<p>Le fait que je n&#8217;aie pas d&#8217;inscriptions imm\u00e9diates (dans l&#8217;heure) \u00e9tait un premier indicateur. Mais il y a eu mieux : l&#8217;article payant a \u00e9t\u00e9 comment\u00e9. Comment est-ce possible sans aucune inscription ? Ca nous a permis de savoir o\u00f9 \u00e9tait l&#8217;erreur exactement.<\/p>\n<p><b>Les cons\u00e9quences de l&#8217;erreur sont rarement catastrophiques<\/b><\/p>\n<p>Ou du moins, elles sont g\u00e9rables&#8230; Observez cet erratum. Il est aussi rapide \u00e0 envoyer que l&#8217;erreur elle-m\u00eame \ud83d\ude09<\/p>\n<h2>Faites des erreurs !<\/h2>\n<p>De ce fait, on pourrait m\u00eame appr\u00e9cier nos erreurs, en avoir moins peur, passer \u00e0 l&#8217;action plus vite&#8230; tout en pr\u00e9voyant un temps pour les actions correctives. C\u2019est la le\u00e7on donn\u00e9 par le monde num\u00e9rique.<\/p>\n<p>Les \u00abactions correctives\u00bb ont toujours fait partie des techniques d&#8217;organisation les plus m\u00e9thodiques. La notion de \u00abmarge d&#8217;erreur\u00bb est \u00e9galement tr\u00e8s populaire. Le fait d&#8217;envisager les erreurs humaines comme <strong>faisant partie int\u00e9grante du projet<\/strong> et de les accueillir avec le sourire, r\u00e9duit le risque d&#8217;erreur, et aussi la p\u00e9nibilit\u00e9 de la correction.<\/p>\n<p>Je profite donc de cette erreur de parcours, au moment m\u00eame du lancement de mon nouveau programme, pour vous rappeler que dans le monde physique comme dans le monde num\u00e9rique en adoptant les principes de la \u00abmarge d&#8217;erreur\u00bb et des \u00abactions correctives\u00bb, vous serez plus apte \u00e0 passer \u00e0 l&#8217;action et \u00e0 r\u00e9ussir ce que vous entreprenez.<\/p>\n<p>De plus, l&#8217;erreur est formatrice et parfois elle cache des tr\u00e9sors difficiles \u00e0 trouver lorsqu&#8217;on maitrise tout de A \u00e0 Z&#8230;<\/p>\n<p>Tiens&#8230; Observez cet article : je ne l&#8217;aurais jamais \u00e9crit sans cette erreur, et je suis s\u00fbr que certaines personnes s&#8217;inscriront \u00e0 CROYANCE++ parce qu&#8217;elles l&#8217;auront appr\u00e9ci\u00e9 !<\/p>\n<p>Cette CROYANCE m&#8217;a aid\u00e9 \u00e0 tenir lorsque j&#8217;ai lanc\u00e9 TIME-COACH et tout au long du parcours (j&#8217;en ai commis des erreurs !). Mais j&#8217;ai eu raison d&#8217;y croire !<\/p>\n<p style=\"text-align: center\"><a href=\"http:\/\/www.inscription-minute.fr\/solution.aspx?code=CR07RI91&amp;origine=erratumCroyances\" target=\"_blank\"><img decoding=\"async\" style=\"border-bottom-color: transparent; border-right-width: 0px; border-top-color: transparent; border-top-width: 0px; border-bottom-width: 0px; border-right-color: transparent; border-left-color: transparent; border-left-width: 0px\" src=\"http:\/\/www.inscription-minute.fr\/adherents\/bandeauCroyances.gif\"><br \/>Inscrivez-vous \u00e0 CROYANCES++<\/a><\/p>\n<p>A++<\/p>\n<p><strong>St\u00e9phane SOLOMON<\/strong><\/p>\n<!--themify_builder_content-->\n<div id=\"themify_builder_content-940\" data-postid=\"940\" class=\"themify_builder_content themify_builder_content-940 themify_builder tf_clear\">\n    <\/div>\n<!--\/themify_builder_content-->\n","protected":false},"excerpt":{"rendered":"<p>J&#8217;ai fait une erreur d&#8217;aiguillage dans mon pr\u00e9c\u00e9dent article. Si vous faites partie de 296 personnes qui ont cliqu\u00e9 sur le lien propos\u00e9, AVANT 14h48, je vous invite \u00e0 recommencer : http:\/\/www.auto-coaching.fr\/croyances En effet, avant 14h48, ce lien n&#8217;orientait pas vers la pr\u00e9sentation du programme, mais vers le d\u00e9but du programme : la page qui [&hellip;]<\/p>\n","protected":false},"author":1,"featured_media":0,"parent":0,"menu_order":0,"comment_status":"open","ping_status":"open","template":"","meta":[],"builder_content":"","_links":{"self":[{"href":"https:\/\/auto-coaching.fr\/index.php\/wp-json\/wp\/v2\/pages\/940"}],"collection":[{"href":"https:\/\/auto-coaching.fr\/index.php\/wp-json\/wp\/v2\/pages"}],"about":[{"href":"https:\/\/auto-coaching.fr\/index.php\/wp-json\/wp\/v2\/types\/page"}],"author":[{"embeddable":true,"href":"https:\/\/auto-coaching.fr\/index.php\/wp-json\/wp\/v2\/users\/1"}],"replies":[{"embeddable":true,"href":"https:\/\/auto-coaching.fr\/index.php\/wp-json\/wp\/v2\/comments?post=940"}],"version-history":[{"count":3,"href":"https:\/\/auto-coaching.fr\/index.php\/wp-json\/wp\/v2\/pages\/940\/revisions"}],"predecessor-version":[{"id":943,"href":"https:\/\/auto-coaching.fr\/index.php\/wp-json\/wp\/v2\/pages\/940\/revisions\/943"}],"wp:attachment":[{"href":"https:\/\/auto-coaching.fr\/index.php\/wp-json\/wp\/v2\/media?parent=940"}],"curies":[{"name":"wp","href":"https:\/\/api.w.org\/{rel}","templated":true}]}}