{"id":944,"date":"2013-10-23T11:36:23","date_gmt":"2013-10-23T09:36:23","guid":{"rendered":"http:\/\/www.auto-coaching.fr\/?page_id=944"},"modified":"2013-10-23T15:03:25","modified_gmt":"2013-10-23T13:03:25","slug":"erreur-volontaire","status":"publish","type":"page","link":"https:\/\/auto-coaching.fr\/index.php\/erreur-volontaire\/","title":{"rendered":"Erreur volontaire"},"content":{"rendered":"<p>Vous pourrez lire sous mon erratum d\u2019hier, un petit commentaire d\u2019un lecteur r\u00e9gulier (Jean-Louis) qui participe \u00e0&nbsp; presque tous mes programmes. Il pense que mon erreur d\u2019hier \u00e9tait \u00abvolontaire\u00bb (donc ce n\u2019est pas une erreur). Mais cette ruse marketing lui importe peu. Ce qui compte pour lui, c\u2019est les r\u00e9sultats, et il en a r\u00e9guli\u00e8rement !  <\/p>\n<p>Ca me plait bien ! Il y est presque&#8230;  <\/p>\n<p>Mais j\u2019ai une autre lectrice (nous l\u2019appellerons Sidonie) qui ne voit pas du tout les choses du m\u00eame \u0153il ! Elle ne supporte pas le fait que je la prenne pour une idiote, et elle veut que j\u2019avoue que c\u2019\u00e9tait un coup de comm&#8230; Une ficelle ! Que tout ceci \u00e9tait programm\u00e9 d\u2019avance&#8230;  <\/p>\n<p>Ca me pla\u00eet moins, mais elle y est presque aussi.  <\/p>\n<p>Je n\u2019ai pas fait une erreur volontaire. J\u2019ai juste constat\u00e9 une erreur et j\u2019ai d\u00e9cid\u00e9 de la transformer en opportunit\u00e9 au lieu de m\u2019atermoyer. La situation \u00e9tait grave, j\u2019avais la possibilit\u00e9 d\u2019en faire une situation d\u00e9sesp\u00e9r\u00e9e, mais j\u2019ai fait un autre choix : j\u2019ai improvis\u00e9 un article de situation, comme certaines personnes utilisent le comique de situation&#8230;  <\/p>\n<p>C&#8217;est mon style de vie : c&#8217;est ce que mes vrais lecteurs aiment chez moi, soit parce que \u00abqui se ressemble s&#8217;assemble\u00bb, soit parce qu&#8217;ils aspirent \u00e0 ce style de vie l\u00e0, et qu&#8217;\u00e0 force de me lire, ils voient des portes s&#8217;ouvrir. <\/p>\n<h2>Programm\u00e9 d\u2019avance&#8230;<\/h2>\n<p>Sidonie joue \u00e0 un jeu malicieux avec moi : d\u00e8s que j\u2019ouvre une porte, elle la claque ! C&#8217;est comme un jeu-vid\u00e9o. Elle est aux aguets, parce qu&#8217;elle veut gagner ! C\u2019est tellement addictif, qu\u2019elle ne peut s\u2019arr\u00eater de jouer. Elle est tellement forte \u00e0 ce jeu, que depuis 3 ans, elle a accumul\u00e9 des points bonus ! Sidonie se renforce dans son d\u00e9ni : plus elle me lit, plus elle devient comp\u00e9tente dans l&#8217;art de claquer les portes !  <\/p>\n<p>Chez Sidonie, ces actions sont programm\u00e9es d\u2019avance !<\/p>\n<p>Beaucoup de mes actions sont programm\u00e9es d\u2019avance. Je sais que l\u2019erreur est possible, donc j\u2019ai pr\u00e9programm\u00e9 mon cerveau pour les corriger avec panache, afin d\u2019en tirer avantage. Je ne fais pas d\u2019erreurs volontaires. Par contre, ma volont\u00e9 est bien pr\u00e9sente dans ma fa\u00e7on de les g\u00e9rer ! Ca vous int\u00e9resse ? CROYANCES++ vous y aidera !<\/p>\n<p>C\u00f4t\u00e9 ficelles, on peut dire que j\u2019ai plein de ficelles en moi ! Un coup dur me tombe dessus : hop je tire une ficelle ! C\u2019est bien trouv\u00e9 comme mot ! Je vais le r\u00e9utiliser.<\/p>\n<p>Je voudrais partager mes ficelles avec vous dans CROYANCES++. C\u2019est une porte ouverte.<\/p>\n<p>Parlons du \u00abcoup de comm\u00bb&#8230; Depuis le d\u00e9but de l\u2019aventure, mon but est de vous autoriser \u00e0 investir en vous. Je n\u2019ai jamais cach\u00e9 que j\u2019allais tout faire pour \u00e7a. L\u2019erreur d\u2019hier m\u2019a permis de relancer mes lecteurs tout en leur offrant un cadeau : une sorte de module gratuit. Car j\u2019aurais pu me contenter d\u2019envoyer un erratum standard aux 296 personnes qui ont cliqu\u00e9 sur le mauvais lien. J\u2019ai pr\u00e9f\u00e9r\u00e9 en faire profiter tout le monde. J\u2019avais l\u00e0 une sacr\u00e9e opportunit\u00e9. Je suis <strong>programm\u00e9 d\u2019avance<\/strong> pour percevoir et appr\u00e9cier la chance qui s\u2019offre \u00e0 moi.<\/p>\n<p>Je suis programm\u00e9 d\u2019avance, comme vous l\u2019\u00eates, pour <strong>transformer<\/strong> les choses. Mais ne comptez pas sur moi pour transformer une v\u00e9rit\u00e9 en mensonge.<\/p>\n<h2>Sauvons Sidonie !<\/h2>\n<p>Au d\u00e9but de son e-mail, Sidonie m&#8217;\u00e9crit qu&#8217;elle s&#8217;est inscrite \u00e0 TIME-COACH parce que je lui paraissais g\u00e9n\u00e9reux et na\u00eff&#8230; Etant elle-m\u00eame atteinte de ces deux syndromes, elle m&#8217;a suivi tout en ayant la conviction que j&#8217;avais tort !  <\/p>\n<p>C&#8217;est une CROYANCE ! Tant qu&#8217;elle le croira, Sidonie consid\u00e9rera la g\u00e9n\u00e9rosit\u00e9 et la na\u00efvet\u00e9 comme des d\u00e9fauts qui minent son parcours.  <\/p>\n<p>Sidonie s&#8217;est tromp\u00e9e en s\u2019inscrivant ! Nous avons peut-\u00eatre les m\u00eames traits, mais nous n&#8217;avons pas les m\u00eames <strong>croyances<\/strong> : pour moi, Thomas Edison, Walt Disney, S\u0153ur Emmanuelle, Marie Curie, Victor Hugo, Antoine de Saint-Exup\u00e9ry, Louis Braille&#8230; \u00e9taient g\u00e9n\u00e9reux et na\u00effs ! A tel point qu&#8217;ils le sont encore aujourd&#8217;hui. Je trouve \u00e7a bien ! Je ne veux pas que \u00e7a s&#8217;arr\u00eate ! Je participe, je contribue \u00e0 leur m\u00e9moire, que ce soit \u00e0 travers des \u00e9v\u00e8nements culturels ou \u00e0 travers leur marketing. Je paye ma place dans leur univers ! <\/p>\n<h2>Je persiste et je signe !<\/h2>\n<p>Sidonie, dans votre esprit, vous pouvez faire de moi ce que vous voulez. La r\u00e9alit\u00e9 importe peu ! Ce qui compte, c\u2019est ce que vous <strong>CROYEZ<\/strong> ! Vos croyances aidantes sont \u00e0 l\u2019origine de vos succ\u00e8s et vos croyances limitantes sont \u00e0 l\u2019origine de vos \u00e9checs. Visiblement, la programmation qu\u2019on vous a impos\u00e9 jusqu\u2019\u00e0 pr\u00e9sent n\u2019est pas compatible avec la na\u00efve g\u00e9n\u00e9reuse que vous \u00eates.<\/p>\n<blockquote>\n<p>CROYANCES++ vous aidera \u00e0 reprogrammer les croyances compatibles avec votre nature.<\/p>\n<\/blockquote>\n<p>Dans mon cerveau na\u00eff et g\u00e9n\u00e9reux, j&#8217;ai des centaines de petits modules programm\u00e9s d&#8217;avance qui me permettent de passer \u00e0 l&#8217;action, m\u00eame si je sais que l&#8217;erreur est possible. Ces modules me permettent d&#8217;agir en congruence, m\u00eame si je sais qu&#8217;on va me traiter de menteur.<\/p>\n<p>En informatique on appelle ces petits programmes des \u00abprogrammes r\u00e9sidents\u00bb. Ils interviennent suite \u00e0 une interruption (ou un \u00e9v\u00e8nement). C&#8217;est ainsi que fonctionnent les antivirus : d\u00e8s qu&#8217;ils d\u00e9tectent une menace, il vous envoient un message et une liste de choix. Souvent, ils agissent automatiquement. CROYANCES++ est un antivirus.  <\/p>\n<h2>Tellement pr\u00e9dictible&#8230;<\/h2>\n<p>Votre message Sidonie, je m&#8217;y attendais ! Il est dans ma base virale&#8230; J&#8217;en ai toujours des comme \u00e7a ! D\u00e8s que je sors de la th\u00e9orie et que je raconte un cas pratique, vivant, \u00e9vident&#8230; il y a quelqu&#8217;un qui m&#8217;impose un double-bind pour faire de moi un menteur.<\/p>\n<p>En lisant cet article, il est possible que certains lecteurs se disent que je vous ai invent\u00e9e, Sidonie ! Que votre courrier n\u2019existe pas&#8230; Que c\u2019est un coup de comm, une ficelle programm\u00e9e d&#8217;avance&#8230; Je n\u2019ai pas encore \u00e9crit leur r\u00e9ponse, mais elle est effectivement programm\u00e9e en moi. Elle surgira au cas o\u00f9&#8230;<\/p>\n<h2>Gratitude<\/h2>\n<p>Vous le savez, la gratitude est ancr\u00e9e dans l\u2019\u00eatre na\u00eff et g\u00e9n\u00e9reux que je suis. Alors merci Sidonie ! Votre intervention permettra \u00e0 des dizaines de personnes de mieux comprendre ce que je propose. Vous \u00eates ma ficelle du jour. Je ne sais pas si vous l\u2019avez fait expr\u00e8s. Quoi qu\u2019il en soit,&nbsp; Vous \u00eates bien g\u00e9n\u00e9reuse&#8230;  <\/p>\n<p style=\"text-align: center\"><a href=\"http:\/\/www.inscription-minute.fr\/solution.aspx?code=CR07RI91&amp;origine=erreurVolontaire\" target=\"_blank\"><img decoding=\"async\" style=\"border-bottom-color: transparent; border-right-width: 0px; border-top-color: transparent; border-top-width: 0px; border-bottom-width: 0px; border-right-color: transparent; border-left-color: transparent; border-left-width: 0px\" src=\"http:\/\/www.inscription-minute.fr\/adherents\/bandeauCroyances.gif\"><br \/>Inscrivez-vous \u00e0 CROYANCES++<\/a><\/p>\n<p>A++<\/p>\n<p><strong>St\u00e9phane SOLOMON<\/strong><\/p>\n<!--themify_builder_content-->\n<div id=\"themify_builder_content-944\" data-postid=\"944\" class=\"themify_builder_content themify_builder_content-944 themify_builder tf_clear\">\n    <\/div>\n<!--\/themify_builder_content-->\n","protected":false},"excerpt":{"rendered":"<p>Vous pourrez lire sous mon erratum d\u2019hier, un petit commentaire d\u2019un lecteur r\u00e9gulier (Jean-Louis) qui participe \u00e0&nbsp; presque tous mes programmes. Il pense que mon erreur d\u2019hier \u00e9tait \u00abvolontaire\u00bb (donc ce n\u2019est pas une erreur). Mais cette ruse marketing lui importe peu. Ce qui compte pour lui, c\u2019est les r\u00e9sultats, et il en a r\u00e9guli\u00e8rement [&hellip;]<\/p>\n","protected":false},"author":1,"featured_media":0,"parent":0,"menu_order":0,"comment_status":"open","ping_status":"open","template":"","meta":[],"builder_content":"","_links":{"self":[{"href":"https:\/\/auto-coaching.fr\/index.php\/wp-json\/wp\/v2\/pages\/944"}],"collection":[{"href":"https:\/\/auto-coaching.fr\/index.php\/wp-json\/wp\/v2\/pages"}],"about":[{"href":"https:\/\/auto-coaching.fr\/index.php\/wp-json\/wp\/v2\/types\/page"}],"author":[{"embeddable":true,"href":"https:\/\/auto-coaching.fr\/index.php\/wp-json\/wp\/v2\/users\/1"}],"replies":[{"embeddable":true,"href":"https:\/\/auto-coaching.fr\/index.php\/wp-json\/wp\/v2\/comments?post=944"}],"version-history":[{"count":13,"href":"https:\/\/auto-coaching.fr\/index.php\/wp-json\/wp\/v2\/pages\/944\/revisions"}],"predecessor-version":[{"id":957,"href":"https:\/\/auto-coaching.fr\/index.php\/wp-json\/wp\/v2\/pages\/944\/revisions\/957"}],"wp:attachment":[{"href":"https:\/\/auto-coaching.fr\/index.php\/wp-json\/wp\/v2\/media?parent=944"}],"curies":[{"name":"wp","href":"https:\/\/api.w.org\/{rel}","templated":true}]}}