{"id":959,"date":"2013-10-24T19:52:45","date_gmt":"2013-10-24T17:52:45","guid":{"rendered":"http:\/\/www.auto-coaching.fr\/?page_id=959"},"modified":"2013-10-24T20:28:47","modified_gmt":"2013-10-24T18:28:47","slug":"baisse-des-tarifs","status":"publish","type":"page","link":"https:\/\/auto-coaching.fr\/index.php\/baisse-des-tarifs\/","title":{"rendered":"Baisse des tarifs"},"content":{"rendered":"<p>On me dit souvent que mes programmes sont trop chers, et je me suis toujours obstin\u00e9, car je n&#8217;aime pas n\u00e9gocier sur ce point. Il faut pourtant que je fasse un effort. Les temps sont durs&#8230; C&#8217;est la crise !  <\/p>\n<p>La raison pour laquelle je ne pouvais pas comprendre ce fameux \u00abtrop cher !\u00bb, vient du fait que je ne vends pas un produit, mais des RESULTATS. Lorsqu\u2019il n\u2019y a pas de r\u00e9sultat, je propose un remboursement, car dans ce cas, je pars du principe que je ne vous ai rien vendu&#8230;  <\/p>\n<p>Prenons le cas de <a href=\"www.inscription-minute.fr\/solution.aspx?code=CC30CR91&amp;origine=baisseTarifs\" target=\"_blank\">CONFIANCE-COACH<\/a> : les r\u00e9sultats d&#8217;un regain de confiance en soi se mesurent \u00e0 l&#8217;\u00e9chelle d&#8217;une vie. Ce programme n&#8217;est pas une pilule miracle qui vous regonflera pendant 3 semaines. Ce que vous gagnez, vous le gardez en vous pour toujours. Plus vous l\u2019utiliserez plus il prendra de la valeur.  <\/p>\n<h2>Un b\u00e9n\u00e9fice \u00e0 vie !<\/h2>\n<p>Supposez que vous ayez peur d&#8217;aller \u00e0 un rendez-vous important (embauche, concours, r\u00e9union d&#8217;information, etc.). Vous savez que cette action aura de belles incidences sur les 10 ann\u00e9es \u00e0 venir, et plus encore, mais quelque chose vous immobilise&#8230; Combien vaut une SOLUTION qui vous permettra de passer \u00e0 l&#8217;action, malgr\u00e9 la peur ?  <\/p>\n<p>Si vous me dites que \u00e7a vaut moins de 39 euros, vous \u00eates dans l&#8217;incomp\u00e9tence inconsciente. Je ne d\u00e9nigre pas les incomp\u00e9tents inconscients du coaching, au contraire : c&#8217;est pour eux que j&#8217;ai cr\u00e9\u00e9 TIME-COACH. Je vais vers eux, je m&#8217;int\u00e9resse \u00e0 eux&#8230; Rares sont les professionnels qui donnent de leur temps \u00e0 des personnes qui ne reconnaissent pas la valeur de leur m\u00e9tier.  <\/p>\n<p>Parfois, je pose une question aux lecteurs qui me disent que \u00abc&#8217;est trop cher !\u00bb :  <\/p>\n<p>&#8211; Trop cher par rapport \u00e0 quoi ?  <\/p>\n<p>Et on me r\u00e9pond :  <\/p>\n<p>&#8211; Par rapport \u00e0 un livre sur le m\u00eame sujet&#8230;  <\/p>\n<p>Pour ceux qui comparent mes programmes \u00e0 un livre, j&#8217;ai une proposition int\u00e9ressante :  <\/p>\n<h2>Achetez un livre !<\/h2>\n<p>Je vous recommande l&#8217;ouvrage \u00abTremblez mais osez !\u00bb de Suzan JEFFERS. Vous apprendrez beaucoup sur la confiance en soi, pour moins de 6 euros (en collection de poche). C&#8217;est un best-seller qui a \u00e9t\u00e9 vendu dans le monde entier \u00e0 plusieurs millions d&#8217;exemplaires. Lorsqu&#8217;un livre sur le D\u00e9veloppement Personnel atteint ce niveau de vente, vous pouvez y aller les yeux ferm\u00e9s !  <\/p>\n<p>Voil\u00e0&#8230; Si vous consid\u00e9rez que mes programmes sont comparables \u00e0 des livres, je vous propose de faire une \u00e9conomie de 33 euros sur le plus cher d\u2019entre eux, en achetant l&#8217;un des meilleurs livres sur le sujet. Personnellement j&#8217;adore les livres. Je ne leur fais pas concurrence. Ils repr\u00e9sentent 80% de mon budget formation (en temps, parce qu&#8217;en argent, c&#8217;est \u00e9videmment le pr\u00e9sentiel qui prend le dessus).  <\/p>\n<p>Ah oui, parce que je m&#8217;autorise LES DEUX ! D&#8217;ailleurs vous pourriez en faire autant : achetez d&#8217;abord le livre de Suzan JEFFERS, et une fois que vous obtiendrez des r\u00e9sultats qui d\u00e9passent 10 fois 39 euros(je n&#8217;en doute pas), adh\u00e9rez \u00e0 CONFIANCE-COACH !  <\/p>\n<h2>Et les croyances limitantes ?<\/h2>\n<p>Si cet article vous a aid\u00e9 \u00e0 d\u00e9passer vos croyances limitantes au sujet de mes produits et services (et du D\u00e9veloppement Personnel en g\u00e9n\u00e9ral), \u00e7a veut dire que vos croyances sont reprogrammables. Vous avez donc le choix :  <\/p>\n<p>&#8211; Acheter un livre pas cher sur le sujet, \u00e7a vous fera l&#8217;occasion de conna\u00eetre un autre auteur <\/p>\n<p>ou  <\/p>\n<p>&#8211; Adh\u00e9rer au programme (certes plus cher) de l\u2019auteur qui vient de faire ses preuves, et qui selon toute logique, n&#8217;avait pas besoin de cette d\u00e9monstration, puisque voil\u00e0 3 ans qu&#8217;il op\u00e8re et que \u00e7a vous donne satisfaction.  <\/p>\n<p>Enfin, vous pouvez acheter un livre pas cher, ET adh\u00e9rer \u00e0 CROYANCES++&#8230; LES DEUX !  <\/p>\n<p><p style=\"text-align: center\"><a href=\"http:\/\/www.inscription-minute.fr\/solution.aspx?code=CR07RI91&amp;origine=baisseTarifs\" target=\"_blank\"><img decoding=\"async\" style=\"border-bottom-color: transparent; border-right-width: 0px; border-top-color: transparent; border-top-width: 0px; border-bottom-width: 0px; border-right-color: transparent; border-left-color: transparent; border-left-width: 0px\" src=\"http:\/\/www.inscription-minute.fr\/adherents\/bandeauCroyances.gif\"><br \/>Inscrivez-vous \u00e0 CROYANCES++<\/a><\/p>\n<p>A++  <\/p>\n<p><strong>St\u00e9phane SOLOMON<\/strong><\/p>\n<!--themify_builder_content-->\n<div id=\"themify_builder_content-959\" data-postid=\"959\" class=\"themify_builder_content themify_builder_content-959 themify_builder tf_clear\">\n    <\/div>\n<!--\/themify_builder_content-->\n","protected":false},"excerpt":{"rendered":"<p>On me dit souvent que mes programmes sont trop chers, et je me suis toujours obstin\u00e9, car je n&#8217;aime pas n\u00e9gocier sur ce point. Il faut pourtant que je fasse un effort. Les temps sont durs&#8230; C&#8217;est la crise ! La raison pour laquelle je ne pouvais pas comprendre ce fameux \u00abtrop cher !\u00bb, vient [&hellip;]<\/p>\n","protected":false},"author":1,"featured_media":0,"parent":0,"menu_order":0,"comment_status":"open","ping_status":"open","template":"","meta":[],"builder_content":"","_links":{"self":[{"href":"https:\/\/auto-coaching.fr\/index.php\/wp-json\/wp\/v2\/pages\/959"}],"collection":[{"href":"https:\/\/auto-coaching.fr\/index.php\/wp-json\/wp\/v2\/pages"}],"about":[{"href":"https:\/\/auto-coaching.fr\/index.php\/wp-json\/wp\/v2\/types\/page"}],"author":[{"embeddable":true,"href":"https:\/\/auto-coaching.fr\/index.php\/wp-json\/wp\/v2\/users\/1"}],"replies":[{"embeddable":true,"href":"https:\/\/auto-coaching.fr\/index.php\/wp-json\/wp\/v2\/comments?post=959"}],"version-history":[{"count":4,"href":"https:\/\/auto-coaching.fr\/index.php\/wp-json\/wp\/v2\/pages\/959\/revisions"}],"predecessor-version":[{"id":963,"href":"https:\/\/auto-coaching.fr\/index.php\/wp-json\/wp\/v2\/pages\/959\/revisions\/963"}],"wp:attachment":[{"href":"https:\/\/auto-coaching.fr\/index.php\/wp-json\/wp\/v2\/media?parent=959"}],"curies":[{"name":"wp","href":"https:\/\/api.w.org\/{rel}","templated":true}]}}