{"id":964,"date":"2013-10-25T17:57:48","date_gmt":"2013-10-25T15:57:48","guid":{"rendered":"http:\/\/www.auto-coaching.fr\/?page_id=964"},"modified":"2013-10-25T18:14:44","modified_gmt":"2013-10-25T16:14:44","slug":"maman-je-suis-fatiguee","status":"publish","type":"page","link":"https:\/\/auto-coaching.fr\/index.php\/maman-je-suis-fatiguee\/","title":{"rendered":"Maman, je suis fatigu&eacute;e"},"content":{"rendered":"<p>Dans son r\u00e9cit lors de la conf\u00e9rence TEDx Lyon (edition 2011), Claire BLONDEL partage une tranche de vie (c\u2019est le principe de ces conf\u00e9rences, qui se rapprochent davantage du coaching que de la formation). D\u00e8s la 4\u00e8me minute, Claire BLONDEL exprime avec \u00e9motion, le sentiment de sa fille, Julie, apr\u00e8s une journ\u00e9e de classe :  <\/p>\n<blockquote>\n<p>\u00abMaman, je suis fatigu\u00e9e d&#8217;avoir peur de me tromper&#8230;\u00bb<\/p>\n<\/blockquote>\n<p>J&#8217;ai \u00e9t\u00e9 boulevers\u00e9 par cette phrase, car elle me rappelle des exp\u00e9riences v\u00e9cues aupr\u00e8s de jeunes enfants que je coache pour qu&#8217;ils retrouvent leur Energie (coaching scolaire)&#8230; Mon secret de coach est simple : je leur donne le droit de se tromper ! Je vais m\u00eame plus loin : je sublime leurs erreurs&#8230;  <\/p>\n<p>Voici cette vid\u00e9o, \u00e0 partager, et \u00e0 diffuser autour de vous : <\/p>\n<div style=\"padding-bottom: 0px; margin: 0px; padding-left: 0px; padding-right: 0px; display: inline; float: none; padding-top: 0px\" id=\"scid:5737277B-5D6D-4f48-ABFC-DD9C333F4C5D:8463600b-d7aa-492b-8e0e-be8f19d1067f\" class=\"wlWriterEditableSmartContent\">\n<div><object width=\"565\" height=\"471\"><param name=\"movie\" value=\"http:\/\/www.youtube.com\/v\/aMLm6DPfvdc&amp;hl=en\"><\/param><\/object><\/div>\n<\/div>\n<p>Site original : <a href=\"http:\/\/www.tedxlyon.com\/talks-claire-blondel.php\">http:\/\/www.tedxlyon.com\/talks-claire-blondel.php<\/a>  <\/p>\n<h2>Promotion du prochain programme d\u2019auto-coaching :<\/h2>\n<p>La droit de se tromper est une croyance aidante. Vous pouvez faire un petit tour de la question avec moi. L\u2019analyse que je vous proposerai vous permettra de faire face \u00e0 une croyance limitante dont on a v\u00e9cu l\u2019exp\u00e9rience cette semaine :  <\/p>\n<p>Selon une lectrice le fait que je rebondisse suite \u00e0 une erreur n\u2019est possible que si l\u2019erreur \u00e9tait calcul\u00e9e d\u2019avance. J\u2019ai recadr\u00e9 cette croyance : <strong>ce qui est calcul\u00e9 d\u2019avance, c\u2019est la fa\u00e7on de rebondir en cas d\u2019erreur, mais pas l\u2019erreur.<\/strong>  <\/p>\n<p>Nous n\u2019avons pas appris \u00e7a \u00e0 l\u2019\u00e9cole, et \u00e7a ne s\u2019apprend toujours pas&#8230; Compl\u00e9tez ce manque en vous, puis aidez vos enfants \u00e0 \u00eatre moins fatigu\u00e9s :  <\/p>\n<p>\n<p style=\"text-align: center\"><a href=\"http:\/\/www.inscription-minute.fr\/solution.aspx?code=CR07RI91&amp;origine=mamanFatiguee\" target=\"_blank\"><img decoding=\"async\" style=\"border-bottom-color: transparent; border-right-width: 0px; border-top-color: transparent; border-top-width: 0px; border-bottom-width: 0px; border-right-color: transparent; border-left-color: transparent; border-left-width: 0px\" src=\"http:\/\/www.inscription-minute.fr\/adherents\/bandeauCroyances.gif\"><br \/>Inscrivez-vous \u00e0 CROYANCES++<\/a><\/p>\n<p>Bon week-end,  <\/p>\n<p><strong>St\u00e9phane SOLOMON<\/strong><\/p>\n<!--themify_builder_content-->\n<div id=\"themify_builder_content-964\" data-postid=\"964\" class=\"themify_builder_content themify_builder_content-964 themify_builder tf_clear\">\n    <\/div>\n<!--\/themify_builder_content-->\n","protected":false},"excerpt":{"rendered":"<p>Dans son r\u00e9cit lors de la conf\u00e9rence TEDx Lyon (edition 2011), Claire BLONDEL partage une tranche de vie (c\u2019est le principe de ces conf\u00e9rences, qui se rapprochent davantage du coaching que de la formation). D\u00e8s la 4\u00e8me minute, Claire BLONDEL exprime avec \u00e9motion, le sentiment de sa fille, Julie, apr\u00e8s une journ\u00e9e de classe : [&hellip;]<\/p>\n","protected":false},"author":1,"featured_media":0,"parent":0,"menu_order":0,"comment_status":"open","ping_status":"open","template":"","meta":[],"builder_content":"","_links":{"self":[{"href":"https:\/\/auto-coaching.fr\/index.php\/wp-json\/wp\/v2\/pages\/964"}],"collection":[{"href":"https:\/\/auto-coaching.fr\/index.php\/wp-json\/wp\/v2\/pages"}],"about":[{"href":"https:\/\/auto-coaching.fr\/index.php\/wp-json\/wp\/v2\/types\/page"}],"author":[{"embeddable":true,"href":"https:\/\/auto-coaching.fr\/index.php\/wp-json\/wp\/v2\/users\/1"}],"replies":[{"embeddable":true,"href":"https:\/\/auto-coaching.fr\/index.php\/wp-json\/wp\/v2\/comments?post=964"}],"version-history":[{"count":6,"href":"https:\/\/auto-coaching.fr\/index.php\/wp-json\/wp\/v2\/pages\/964\/revisions"}],"predecessor-version":[{"id":970,"href":"https:\/\/auto-coaching.fr\/index.php\/wp-json\/wp\/v2\/pages\/964\/revisions\/970"}],"wp:attachment":[{"href":"https:\/\/auto-coaching.fr\/index.php\/wp-json\/wp\/v2\/media?parent=964"}],"curies":[{"name":"wp","href":"https:\/\/api.w.org\/{rel}","templated":true}]}}