{"id":97,"date":"2012-04-20T11:12:00","date_gmt":"2012-04-20T11:12:00","guid":{"rendered":"http:\/\/www.auto-coaching.fr\/?page_id=97"},"modified":"2017-04-21T18:12:37","modified_gmt":"2017-04-21T16:12:37","slug":"pour-qui-voter-old","status":"publish","type":"page","link":"https:\/\/auto-coaching.fr\/index.php\/pour-qui-voter-old\/","title":{"rendered":"Pour qui voter ?"},"content":{"rendered":"<p>Le meilleur candidat, c\u2019est :<\/p>\n<p style=\"line-height: 100%; font-family: arial, sans-serif; font-size: 36pt;\">VOUS-MEME !<\/p>\n<ul>\n<li>Qui peut changer positivement votre vie ?<\/li>\n<li>Qui est assez motiv\u00e9 pour \u00e9tudier les meilleurs plans pour VOTRE avenir ?<\/li>\n<li>Qui peut d\u00e9cider, lorsque vous avez mal au dos, si vous devez opter pour le chiropracteur, l\u2019ost\u00e9opathe, le kin\u00e9 ou la derni\u00e8re pilule \u00e0 la mode ?<\/li>\n<li>Qui peut d\u00e9cider de vous d\u00e9lester des lois internes qui, de toute \u00e9vidence, ne vous r\u00e9ussissent pas, tout en gardant celles qui vous r\u00e9ussissent ?<\/li>\n<li>Qui peut vous cultiver, vous former, vous am\u00e9liorer \u00e0 volont\u00e9 en vous aidant \u00e0 poursuivre un BUT pr\u00e9cis et sublime : montrer la voie !<\/li>\n<li>Pour qui pourriez-vous voter chaque matin, sans jamais vous lasser, ni rater ce rendez-vous sacr\u00e9 ?<\/li>\n<\/ul>\n<p>Je ne vois qu\u2019une seule personne qui peut s\u2019occuper aussi bien de vous : vous-m\u00eame !<\/p>\n<p>Aucun des candidats en liste ne pourrait vous apporter en 5 ans, ce que vous pourriez vous apporter \u00e0 vous-m\u00eame, en une seule journ\u00e9e !<\/p>\n<p>Alors ce dimanche, apr\u00e8s avoir fait votre \u00abdevoir de citoyen\u00bb pour \u00e9lire l\u2019un des grands de notre monde, je vous propose un petit exercice :<\/p>\n<p>Au moment o\u00f9 vous d\u00e9poserez le bulletin dans l\u2019urne, faites un saut quantique dans votre monde int\u00e9rieur, et d\u00e9posez en m\u00eame temps, un bulletin de vote pour vous ! Le Grand de VOTRE monde&#8230;<\/p>\n<p>Et en entendant \u201cA vot\u00e9 !\u201d, affichez votre plus large sourire, en envisageant d\u2019avance tout ce que vous pourrez entreprendre, ces 5 prochaines ann\u00e9es\u2026<\/p>\n<p>Bon vote !<\/p>\n<p><strong>St\u00e9phane SOLOMON<\/strong><\/p>\n<!--themify_builder_content-->\n<div id=\"themify_builder_content-97\" data-postid=\"97\" class=\"themify_builder_content themify_builder_content-97 themify_builder tf_clear\">\n    <\/div>\n<!--\/themify_builder_content-->\n","protected":false},"excerpt":{"rendered":"<p>Le meilleur candidat, c\u2019est : VOUS-MEME ! Qui peut changer positivement votre vie ? Qui est assez motiv\u00e9 pour \u00e9tudier les meilleurs plans pour VOTRE avenir ? Qui peut d\u00e9cider, lorsque vous avez mal au dos, si vous devez opter pour le chiropracteur, l\u2019ost\u00e9opathe, le kin\u00e9 ou la derni\u00e8re pilule \u00e0 la mode ? Qui [&hellip;]<\/p>\n","protected":false},"author":1,"featured_media":0,"parent":0,"menu_order":0,"comment_status":"open","ping_status":"open","template":"","meta":[],"builder_content":"","_links":{"self":[{"href":"https:\/\/auto-coaching.fr\/index.php\/wp-json\/wp\/v2\/pages\/97"}],"collection":[{"href":"https:\/\/auto-coaching.fr\/index.php\/wp-json\/wp\/v2\/pages"}],"about":[{"href":"https:\/\/auto-coaching.fr\/index.php\/wp-json\/wp\/v2\/types\/page"}],"author":[{"embeddable":true,"href":"https:\/\/auto-coaching.fr\/index.php\/wp-json\/wp\/v2\/users\/1"}],"replies":[{"embeddable":true,"href":"https:\/\/auto-coaching.fr\/index.php\/wp-json\/wp\/v2\/comments?post=97"}],"version-history":[{"count":3,"href":"https:\/\/auto-coaching.fr\/index.php\/wp-json\/wp\/v2\/pages\/97\/revisions"}],"predecessor-version":[{"id":3204,"href":"https:\/\/auto-coaching.fr\/index.php\/wp-json\/wp\/v2\/pages\/97\/revisions\/3204"}],"wp:attachment":[{"href":"https:\/\/auto-coaching.fr\/index.php\/wp-json\/wp\/v2\/media?parent=97"}],"curies":[{"name":"wp","href":"https:\/\/api.w.org\/{rel}","templated":true}]}}