{"id":991,"date":"2013-11-06T14:09:29","date_gmt":"2013-11-06T12:09:29","guid":{"rendered":"http:\/\/www.auto-coaching.fr\/?page_id=991"},"modified":"2013-11-06T16:40:02","modified_gmt":"2013-11-06T14:40:02","slug":"donnez-le-meilleur-de-vous-meme","status":"publish","type":"page","link":"https:\/\/auto-coaching.fr\/index.php\/donnez-le-meilleur-de-vous-meme\/","title":{"rendered":"Donnez le meilleur de vous-m&ecirc;me"},"content":{"rendered":"<p>Mon dernier article a fait son petit effet. Le nombre d&#8217;inscriptions \u00e0 CROYANCES++ a pratiquement doubl\u00e9, nous en sommes \u00e0 67 participants. Une nouvelle session commence la semaine prochaine. Vous pouvez encore vous inscrire:  <\/p>\n<p style=\"text-align: center\"><a href=\"http:\/\/www.inscription-minute.fr\/solution.aspx?code=CR07RI91&amp;origine=LeMeilleur\" target=\"_blank\"><img decoding=\"async\" style=\"border-bottom-color: transparent; border-right-width: 0px; border-top-color: transparent; border-top-width: 0px; border-bottom-width: 0px; border-right-color: transparent; border-left-color: transparent; border-left-width: 0px\" src=\"http:\/\/www.inscription-minute.fr\/adherents\/bandeauCroyances.gif\"><br \/>Inscrivez-vous \u00e0 CROYANCES++<\/a><\/p>\n<p>Avez-vous remarqu\u00e9 une diff\u00e9rence entre l&#8217;ancien visuel et le nouveau ? <\/p>\n<p>L&#8217;ancien sous-titre \u00e9tait : <\/p>\n<p><strong>REPROGRAMMEZ VOS CROYANCES LIMITANTES<\/strong> <\/p>\n<p>Je l&#8217;ai chang\u00e9 en <\/p>\n<p><strong>DONNEZ LE MEILLEUR DE VOUS-MEME !<\/strong> <\/p>\n<h2>Pourquoi ?<\/h2>\n<p>A lire certains commentaires, il semble que la reprogrammation des croyances fasse peur ! Une croyance c&#8217;est intime&#8230; Il n&#8217;est pas question que quelqu&#8217;un y touche ou tente d&#8217;y toucher. Par ailleurs, le mot CROYANCES peut faire penser \u00e0 des croyances religieuses, ce qui accentue la crainte. Pourquoi St\u00e9phane SOLOMON veut-il toucher \u00e0 ma foi ??? <\/p>\n<p>C&#8217;est dr\u00f4le parce que je vous invite \u00e0 reprogrammer vos croyances limitantes depuis le d\u00e9but de TIME-COACH. Il s&#8217;agit de croyances qui vous m\u00e8nent vers la procrastination. Il n&#8217;est pas question de religion, et encore moins de programmation forc\u00e9e : VOUS CHOISSEZ ce que vous voulez am\u00e9liorer, et VOUS reprogrammez ce que vous souhaitez : c&#8217;est un auto-coaching, pas un lavage de cerveau&#8230;  <\/p>\n<p>CROYANCES++ vous propose une m\u00e9thode plus g\u00e9n\u00e9raliste, autour de diff\u00e9rentes th\u00e9matiques <\/p>\n<p>Je rappelle aussi, m\u00eame si \u00e7a peut faire sourire beaucoup de lecteurs, que le terme CROYANCE, en coaching, ne d\u00e9signe pas obligatoirement une croyance religieuse. Ce terme d\u00e9signe tout processus mental d&#8217;adh\u00e9sion \u00e0 une th\u00e8se ou une hypoth\u00e8se, qu&#8217;elle soit dogmatique, philosophique, politique ou populaire. <\/p>\n<p> Par exemple : <\/p>\n<blockquote>\n<p>Les enfants virtuoses doivent s&#8217;entrainer des heures durant, chaque jour. C&#8217;est une souffrance que leurs parents leur infligent !<\/p>\n<\/blockquote>\n<p>C\u2019est une croyance exprim\u00e9e sous forme d&#8217;indignation. En r\u00e9alit\u00e9, on constate qu&#8217;il n&#8217;y a pas de r\u00e8gle absolue. Certains parents tyrannisent effectivement leurs enfants, d&#8217;autres les encouragent sans les forcer, et certains enfants doivent s&#8217;isoler pour ne pas d\u00e9ranger leurs parents qui ne sont pas m\u00e9lomanes. Parfois les enfants s\u2019entrainent en cachette pour \u00e9viter leur jugement (avez-vous vu le film Billy ELIOTT ? Sinon, c&#8217;est \u00e0 voir !). <\/p>\n<p>Cette croyance peut \u00eatre tr\u00e8s limitante. Voici 3 exemples de limites :  <\/p>\n<ul>\n<li>Vous n&#8217;appr\u00e9cierez pas la musique des virtuoses&#8230; En imaginant leur enfance meurtrie, vous ne verrez qu&#8217;un pov&#8217;gosse !\n<li>Quel que soit le talent ou la motivation de votre enfant, vous pourriez l&#8217;emp\u00eacher de l&#8217;exprimer, de peur qu&#8217;on juge le parent que vous \u00eates.\n<li>Ou alors, vous devrez vous justifier \u00e0 chaque repr\u00e9sentation :<\/li>\n<\/ul>\n<p>&#8211; Il \u00e9tait vraiment passionn\u00e9, il y passait des journ\u00e9es enti\u00e8res ! Je ne l&#8217;ai jamais forc\u00e9, je vous assure !  <\/p>\n<p>Si bien qu\u2019on se demandera pourquoi vous insistez tant\u2026  <\/p>\n<p>Ce n&#8217;est qu&#8217;un exemple parmi des milliers d&#8217;autres. Mais d&#8217;o\u00f9 viennent ces croyances ? On sait que les traumatismes personnels peuvent \u00eatre \u00e0 l&#8217;origine d&#8217;un ancrage n\u00e9gatif. Mais l&#8217;exp\u00e9rience n&#8217;est pas le seul \u00e9l\u00e9ment de programmation. Vous en saurez plus en suivant le programme CROYANCES++  <\/p>\n<p align=\"center\"><a href=\"http:\/\/www.inscription-minute.fr\/solution.aspx?code=CR07RI91&amp;origine=LeMeilleur\" target=\"_blank\"><img decoding=\"async\" style=\"border-bottom-color: transparent; border-right-width: 0px; border-top-color: transparent; border-top-width: 0px; border-bottom-width: 0px; border-right-color: transparent; border-left-color: transparent; border-left-width: 0px\" src=\"http:\/\/www.inscription-minute.fr\/adherents\/bandeauCroyances.gif\"><br \/>Inscrivez-vous \u00e0 CROYANCES++<\/a><\/p>\n<p>A++  <\/p>\n<p><b>St\u00e9phane SOLOMON<\/b><\/p>\n<!--themify_builder_content-->\n<div id=\"themify_builder_content-991\" data-postid=\"991\" class=\"themify_builder_content themify_builder_content-991 themify_builder tf_clear\">\n    <\/div>\n<!--\/themify_builder_content-->\n","protected":false},"excerpt":{"rendered":"<p>Mon dernier article a fait son petit effet. Le nombre d&#8217;inscriptions \u00e0 CROYANCES++ a pratiquement doubl\u00e9, nous en sommes \u00e0 67 participants. Une nouvelle session commence la semaine prochaine. Vous pouvez encore vous inscrire: Inscrivez-vous \u00e0 CROYANCES++ Avez-vous remarqu\u00e9 une diff\u00e9rence entre l&#8217;ancien visuel et le nouveau ? L&#8217;ancien sous-titre \u00e9tait : REPROGRAMMEZ VOS CROYANCES [&hellip;]<\/p>\n","protected":false},"author":1,"featured_media":0,"parent":0,"menu_order":0,"comment_status":"open","ping_status":"open","template":"","meta":[],"builder_content":"","_links":{"self":[{"href":"https:\/\/auto-coaching.fr\/index.php\/wp-json\/wp\/v2\/pages\/991"}],"collection":[{"href":"https:\/\/auto-coaching.fr\/index.php\/wp-json\/wp\/v2\/pages"}],"about":[{"href":"https:\/\/auto-coaching.fr\/index.php\/wp-json\/wp\/v2\/types\/page"}],"author":[{"embeddable":true,"href":"https:\/\/auto-coaching.fr\/index.php\/wp-json\/wp\/v2\/users\/1"}],"replies":[{"embeddable":true,"href":"https:\/\/auto-coaching.fr\/index.php\/wp-json\/wp\/v2\/comments?post=991"}],"version-history":[{"count":5,"href":"https:\/\/auto-coaching.fr\/index.php\/wp-json\/wp\/v2\/pages\/991\/revisions"}],"predecessor-version":[{"id":996,"href":"https:\/\/auto-coaching.fr\/index.php\/wp-json\/wp\/v2\/pages\/991\/revisions\/996"}],"wp:attachment":[{"href":"https:\/\/auto-coaching.fr\/index.php\/wp-json\/wp\/v2\/media?parent=991"}],"curies":[{"name":"wp","href":"https:\/\/api.w.org\/{rel}","templated":true}]}}