{"id":997,"date":"2013-11-06T18:50:39","date_gmt":"2013-11-06T16:50:39","guid":{"rendered":"http:\/\/www.auto-coaching.fr\/?page_id=997"},"modified":"2013-11-07T15:38:29","modified_gmt":"2013-11-07T13:38:29","slug":"les-croyances-limitantes-1-2","status":"publish","type":"page","link":"https:\/\/auto-coaching.fr\/index.php\/les-croyances-limitantes-1-2\/","title":{"rendered":"Les croyances limitantes 1\/2"},"content":{"rendered":"<p>Ma fille (8 ans) a des copains sadiques ! Durant tout le mois de d\u00e9cembre dernier, ils l&#8217;ont endoctrin\u00e9e avec une d\u00e9couverte fraichement acquise :  <\/p>\n<p>Le P\u00e8re-No\u00ebl n&#8217;existe pas ! Ce sont les parents qui offrent les cadeaux !  <\/p>\n<p>Et ils n&#8217;y allaient pas avec le dos de la cuill\u00e8re :  <\/p>\n<ul>\n<li>Tu crois vraiment que le P\u00e8re No\u00ebl peut faire le tour du monde en une nuit ?\n<li>Tu n&#8217;as pas vu que dans les magasins, le rayon cadeaux \u00e9tait 10 fois plus grand ?\n<li>Regarde la t\u00eate de tes parents lorsqu&#8217;ils lisent la liste des cadeaux, tu comprendras !\n<li>L&#8217;ann\u00e9e derni\u00e8re le P\u00e8re-No\u00ebl a utilis\u00e9 le m\u00eame papier cadeau que mes parents \u00e0 mon anniversaire&#8230;\n<li>D\u00e8s que tu vois un P\u00e8re-No\u00ebl avant le 25 d\u00e9cembre, ils te disent que c&#8217;est un faux ! Et le 25 au matin ils te disent que tu as manqu\u00e9 le vrai&#8230;\n<li>Et bein chez moi, m\u00eame qu&#8217;on le voit le P\u00e8re-No\u00ebl \u00e0 minuit pile ! Il nous offre les cadeaux en mains propres ! Sauf qu&#8217;il a une barbe qui pousse \u00e0 partir des sourcils, qu&#8217;il ne parle pas, et qu&#8217;il a les chaussures et les poils aux doigts de mon toton, si tu vois ce que je veux dire !<\/li>\n<\/ul>\n<p>Un vrai racket mental ! Que faire ?  <\/p>\n<p>Nous avons l\u00e2ch\u00e9 le morceau&#8230; Elle ne croit plus au P\u00e8re-No\u00ebl, depuis l\u2019ann\u00e9e derni\u00e8re.  <\/p>\n<p>Cependant, je lui ai demand\u00e9 de faire une liste, comme ses s\u0153urs, lui pr\u00e9cisant que \u00e7a ne changeait rien&#8230; Et vous savez ce qui s\u2019est pass\u00e9 ?  <\/p>\n<p>La liste a \u00e9t\u00e9 r\u00e9duite de moiti\u00e9 : elle est devenue raisonnable&#8230;  <\/p>\n<p>Chouette, me direz-vous ! J\u2019ai trouv\u00e9 le moyen de faire des \u00e9conomies cette ann\u00e9e. Ce n\u2019est plus TIME-COACH, c\u2019est MONEY-COACH\u2026  <\/p>\n<h4>Les croyances limitantes<\/h4>\n<p>Une croyance limitante est une croyance, qui au lieu de confirmer vos valeurs, stimuler votre imagination, mobiliser vos \u00e9nergies, etc. va soutenir vos doutes, inhiber vos initiatives, saboter vos actions&#8230; Une croyance limitante s&#8217;exprime haut et fort, au point d&#8217;influencer le comportement de l&#8217;entourage.  <\/p>\n<p>Pour notre exemple, l&#8217;enfant qui d\u00e9couvre \u00abla v\u00e9rit\u00e9\u00bb sur le P\u00e8re-No\u00ebl pourrait croire que \u00ables adultes le prennent pour un b\u00e9b\u00e9\u00bb. Il pourrait r\u00e9agir en \u00abgar\u00e7on responsable\u00bb, en limitant sa liste \u00e0 des cadeaux raisonnables. La logique prend les \u00abrennes\u00bb&#8230;  <\/p>\n<p>Non seulement l&#8217;enfant r\u00e9duit ses ambitions, mais son entourage devient \u00abcoh\u00e9rent\u00bb, soit en confirmant la croyance (tu n&#8217;es plus un b\u00e9b\u00e9, tu sais que j&#8217;ai un portefeuille limit\u00e9 , soit en s&#8217;interdisant l&#8217;enthousiasme de l&#8217;ann\u00e9e pr\u00e9c\u00e9dente, de peur de provoquer un trouble chez l\u2019enfant.  <\/p>\n<p>Je tiens \u00e0 rappeler qu&#8217;une croyance n&#8217;est pas limitante par nature. L&#8217;enfant qui se dit <em>\u00ab je crois que les adultes me prennent pour un b\u00e9b\u00e9 \u00bb<\/em> pourrait utiliser cette croyance \u00e0 son avantage pour en jouer. Il est donc difficile de dresser une liste de croyances limitantes, car elles d\u00e9pendent du contexte et de chaque individu.  <\/p>\n<h2>Un autre exemple<\/h2>\n<p>Une personne qui croit que \u00ab la culture devrait \u00eatre gratuite \u00bb boudera toute proposition culturelle payante. Elle passera \u00e0 c\u00f4t\u00e9 de tr\u00e8s belles manifestations. De plus, elle ne pourra vivre d&#8217;une activit\u00e9 culturelle, par coh\u00e9rence avec la loi qu\u2019elle s\u2019est fix\u00e9e. Ici, nous voyons l\u2019aspect limitant de la croyance.  <\/p>\n<p>Mais si elle atteint un poste gouvernemental, elle pourra d\u00e9bloquer des fonds publics, pour donner acc\u00e8s \u00e0 la culture aux plus d\u00e9munis, gratuitement, toujours en d\u00e9fendant sa croyance (et ses valeurs). Sa croyance la rendra convaincante et lib\u00e9rera de nombreuses ressources. La m\u00eame croyance est stimulante, tout d\u00e9pend de l\u2019objectif fix\u00e9.  <\/p>\n<p>Se lib\u00e9rer de ses croyances limitantes est \u00e9videmment recommand\u00e9 pour mieux g\u00e9rer son temps (et pour une vie \u00e9panouie, en g\u00e9n\u00e9ral). La premi\u00e8re d\u00e9marche consiste \u00e0 les identifier, car elles sont subliminales et n\u00e9cessitent quelques technique pour les reconna\u00eetre.  <\/p>\n<p>Dans mon prochain article, je vous livrerai quelques clefs. Ce sera le dernier de la s\u00e9rie. Ensuite, nous passerons \u00e0 autre chose. Mais si vous voulez approfondir le sujet, vous pouvez vous inscrire \u00e0 CROYANCES++. Vous recevrez chaque matin, pendant 2 semaines, un courrier \u00e9lectronique. Vous connaissez le principe, vous l\u2019avez v\u00e9cu avec TIME-COACH. Voici les diff\u00e9rences majeures avec TIME-COACH :  <\/p>\n<ul>\n<li>Le th\u00e8me (c\u2019est un programme sur les croyances en g\u00e9n\u00e9ral, pas uniquement sur le temps)\n<li>Le prix (25 euros TTC, payable par CB ou par ch\u00e8que)\n<li>La possibilit\u00e9 de poser des questions \u00e0 l\u2019auteur, et d\u2019interagir avec les autres participant gr\u00e2ce au forum d\u00e9di\u00e9 \u00e0 ce programme.\n<li>La possibilit\u00e9 d\u2019imprimer les articles au format PDF\n<li>Et quelques surprises&#8230;<\/li>\n<\/ul>\n<p>Ce programme est garanti SATISAFIT OU REMBOURSE. Vous avez tout \u00e0 gagner en tentant l\u2019exp\u00e9rience.  <\/p>\n<p style=\"text-align: center\"><a href=\"http:\/\/www.inscription-minute.fr\/solution.aspx?code=CR07RI91&amp;origine=LeMeilleur\" target=\"_blank\"><img decoding=\"async\" style=\"border-bottom-color: transparent; border-right-width: 0px; border-top-color: transparent; border-top-width: 0px; border-bottom-width: 0px; border-right-color: transparent; border-left-color: transparent; border-left-width: 0px\" src=\"http:\/\/www.inscription-minute.fr\/adherents\/bandeauCroyances.gif\"><br \/>Inscrivez-vous \u00e0 CROYANCES++<\/a><\/p>\n<p>TIME-COACH continue de toute fa\u00e7on. Le fait d\u2019adh\u00e9rer \u00e0 CROYANCES++ ne remplace pas cette Newsletter gratuite, c\u2019est en plus !  <\/p>\n<p>A bient\u00f4t,  <\/p>\n<p><strong>St\u00e9phane SOLOMON<\/strong><\/p>\n<!--themify_builder_content-->\n<div id=\"themify_builder_content-997\" data-postid=\"997\" class=\"themify_builder_content themify_builder_content-997 themify_builder tf_clear\">\n    <\/div>\n<!--\/themify_builder_content-->\n","protected":false},"excerpt":{"rendered":"<p>Ma fille (8 ans) a des copains sadiques ! Durant tout le mois de d\u00e9cembre dernier, ils l&#8217;ont endoctrin\u00e9e avec une d\u00e9couverte fraichement acquise : Le P\u00e8re-No\u00ebl n&#8217;existe pas ! Ce sont les parents qui offrent les cadeaux ! Et ils n&#8217;y allaient pas avec le dos de la cuill\u00e8re : Tu crois vraiment que [&hellip;]<\/p>\n","protected":false},"author":1,"featured_media":0,"parent":0,"menu_order":0,"comment_status":"open","ping_status":"open","template":"","meta":[],"builder_content":"","_links":{"self":[{"href":"https:\/\/auto-coaching.fr\/index.php\/wp-json\/wp\/v2\/pages\/997"}],"collection":[{"href":"https:\/\/auto-coaching.fr\/index.php\/wp-json\/wp\/v2\/pages"}],"about":[{"href":"https:\/\/auto-coaching.fr\/index.php\/wp-json\/wp\/v2\/types\/page"}],"author":[{"embeddable":true,"href":"https:\/\/auto-coaching.fr\/index.php\/wp-json\/wp\/v2\/users\/1"}],"replies":[{"embeddable":true,"href":"https:\/\/auto-coaching.fr\/index.php\/wp-json\/wp\/v2\/comments?post=997"}],"version-history":[{"count":4,"href":"https:\/\/auto-coaching.fr\/index.php\/wp-json\/wp\/v2\/pages\/997\/revisions"}],"predecessor-version":[{"id":1001,"href":"https:\/\/auto-coaching.fr\/index.php\/wp-json\/wp\/v2\/pages\/997\/revisions\/1001"}],"wp:attachment":[{"href":"https:\/\/auto-coaching.fr\/index.php\/wp-json\/wp\/v2\/media?parent=997"}],"curies":[{"name":"wp","href":"https:\/\/api.w.org\/{rel}","templated":true}]}}