{"id":44,"date":"2013-06-23T18:20:52","date_gmt":"2013-06-23T18:20:52","guid":{"rendered":"http:\/\/auto-coaching.fr\/la-peau-de-banane\/?page_id=44"},"modified":"2015-06-17T19:56:13","modified_gmt":"2015-06-17T17:56:13","slug":"accueil","status":"publish","type":"page","link":"https:\/\/auto-coaching.fr\/la-peau-de-banane\/","title":{"rendered":"La peau de banane"},"content":{"rendered":"<p>L\u2019histoire se passe en 1972. Je viens d&rsquo;avoir 5 ans, et mon p\u00e8re me donne une r\u00e8gle de conduite :<\/p>\n<blockquote><p>Si tu vois une peau de banane par terre, ramasse-la et jette-la dans une poubelle !<\/p><\/blockquote>\n<p>Je n&rsquo;avais pas besoin d&rsquo;analyser le pourquoi du comment pour ob\u00e9ir. Le fait que mon p\u00e8re me le demande \u00e9tait suffisant. Je crois que tous les enfants ont envie de plaire \u00e0 leurs parents et d&rsquo;exister \u00e0 travers leur regard.<\/p>\n<p>Il y avait beaucoup de peaux de bananes qui tra\u00eenaient \u00e0 l&rsquo;\u00e9poque. Lorsque je me promenais avec mon p\u00e8re, j&rsquo;\u00e9tais content de lui l\u00e2cher la main quelques secondes, le temps de ramasser une peau de banane puis de revenir vers lui une fois ma mission accomplie. Il me caressait alors le bout des doigts avec son pouce pour exprimer sa fiert\u00e9. Il m&rsquo;aimait, et comme je voulais lui ressembler, je m&rsquo;aimais aussi&#8230;<\/p>\n<p>A priori, ramasser une peau de banane fait penser \u00e0 une action civique. Mais \u00e0 5 ans je n\u2019avais pas conscience de cette port\u00e9e l\u00e0. La seule chose qui comptait, c\u2019\u00e9tait de faire la fiert\u00e9 de mon p\u00e8re. Savait-il, en me donnant cette loi qu\u2019il venait de m\u2019offrir une technique mentale pratique, rapide, facile, sublime&#8230; pour me sentir aim\u00e9 instantan\u00e9ment ?<\/p>\n<p>C\u2019est possible&#8230; Il \u00e9tait fort en Amour, mon p\u00e8re !<\/p>\n<p>Parfois, je me promenais tout seul dans le centre commercial \u00e0 ciel ouvert o\u00f9 il avait son atelier d&rsquo;imprimerie, et d\u00e8s qu\u2019une peau de banane apparaissait, je la ramassais pour la d\u00e9poser dans l&rsquo;une des cinq poubelles qui d\u00e9coraient le lieu. Je me demande si quelqu&rsquo;un d&rsquo;autre que moi se souvient qu&rsquo;\u00e0 l&rsquo;\u00e9poque, il y avait cinq poubelles l\u00e0-bas.<\/p>\n<p>Apr\u00e8s mon action je jetais un coup d&rsquo;\u0153il furtif vers le petit local&#8230; On ne sait jamais : peut-\u00eatre mon p\u00e8re me surveillait-il en prenant sa pause&#8230; Mais m\u00eame si je ne le voyais pas, m\u00eame s&rsquo;il ne me voyait pas, je ressentais une aura d\u2019Amour se former autour de moi, \u00e0 chaque fois que j\u2019accomplissais ce petit geste&#8230;<\/p>\n<p>Lorsque je sortais de son cadre d&rsquo;influence, par exemple en allant au centre ville avec ma m\u00e8re, mon grand fr\u00e8re ou mes grands-parents, j&rsquo;ob\u00e9issais toujours \u00e0 cette loi&#8230; J&rsquo;\u00e9tais connect\u00e9 \u00e0 mon p\u00e8re. M\u00eame \u00e0 distance et hors de son champ de vision, je ressentais toujours le m\u00eame b\u00e9n\u00e9fice int\u00e9rieur.<\/p>\n<h2>Naissance d&rsquo;un paradigme<\/h2>\n<p>Avec mon regard de coach, je sais aujourd\u2019hui que mon p\u00e8re a fait na\u00eetre en moi <strong>un paradigme<\/strong> : une loi personnelle, intime, qui n\u2019est pas obligatoire (surtout hors de sa pr\u00e9sence), mais dans mon petit monde de gar\u00e7on de 5 ans, elle est vite devenue incontournable. J\u2019allais donc grandir avec ce principe&#8230;<\/p>\n<p>Un jour, quelques mois avant mes 6 ans, une vieille dame me f\u00e9licita pour mon geste, me disant que si je n\u2019avais pas ramass\u00e9 cette peau de banane, elle aurait probablement gliss\u00e9 dessus. Je fus tr\u00e8s \u00e9tonn\u00e9 de voir une inconnue exprimer sa Gratitude face \u00e0 cet acte. Ce qui m\u2019a amen\u00e9 \u00e0 me poser des questions d\u2019enfant :<\/p>\n<p>&#8211; Tiens ! Il y a une utilit\u00e9 dans ce geste ? Il y a d\u2019autres personnes qui m\u2019appr\u00e9cient en m&rsquo;observant, donc \u00e7a ne se passe pas uniquement entre mon p\u00e8re et moi&#8230; ?<\/p>\n<p>A partir de ce jour l\u00e0, quelque chose de nouveau est apparu dans ma vie : \u00e0 chaque fois que je ramassais une peau de banane, il y avait un adulte qui me souriait avec un regard approbateur. Pensez-vous que tous ces gens me souriaient avant ce jour, et que je ne les voyais pas ? Je me pose encore la question&#8230; Remarquez : le r\u00e9sultat est le m\u00eame. Si on ne voit pas une chose, m\u00eame si elle se r\u00e9p\u00e8te chaque jour plusieurs fois, c\u2019est comme si elle n\u2019existait pas !<\/p>\n<p>Le monde des adultes, qui repr\u00e9sentait un vrai myst\u00e8re pour moi venait donc de m\u2019ouvrir une porte : j\u2019ai fait connaissance avec l\u2019<strong>estime de soi<\/strong>. Quel cadeau ! Mon p\u00e8re savait-il que j\u2019allais en avoir tellement besoin ? En a-t-il b\u00e9n\u00e9fici\u00e9 pendant son enfance ou a-t-il d\u00e9cid\u00e9 d\u2019\u00eatre l\u2019acteur de cette gen\u00e8se ?<\/p>\n<p>Aujourd&rsquo;hui, je transmets \u00e0 mes enfants cette capacit\u00e9 de s&rsquo;aimer. C&rsquo;est tellement simple : il leur suffit de me faire plaisir \u00e0 travers un acte transcendant. Un acte qui les d\u00e9passe et qui me d\u00e9passe aussi&#8230; Une multitude de choses magiques et inexplicables apparaissent et font le reste. Elles nous caressent et nous prot\u00e8gent : tout devient doux, souriant, rassurant&#8230;<\/p>\n<p>La peau de banane a continu\u00e9 \u00e0 me surprendre d&rsquo;ann\u00e9e en ann\u00e9e. A chaque \u00e9tape de ma vie elle m&rsquo;a apport\u00e9 de nouvelles sensations. A l&rsquo;\u00e2ge de 7 ans, 10 ans, 14 ans, 25 ans, 40 ans&#8230; elle a chang\u00e9 de signification, de lieu, de forme, de port\u00e9e&#8230; Et lorsque la douleur de perdre mon p\u00e8re fut \u00e0 son apog\u00e9e, c&rsquo;est encore ce paradigme qui m&rsquo;a donn\u00e9 la force de me relever. C&rsquo;est une force qui m&rsquo;habite et qui m&rsquo;anime.<\/p>\n<h2>Et si nous allions plus loin ?<\/h2>\n<p>Chaque ann\u00e9e en comm\u00e9morant le d\u00e9c\u00e8s de mon p\u00e8re, l&rsquo;histoire de la peau de banane me revient en m\u00e9moire et me livre encore ses secrets. J&rsquo;ai \u00e9crit cette histoire en 2013, 6 ans apr\u00e8s son Grand D\u00e9part. J&rsquo;ai pris conscience que j&rsquo;\u00e9tais capable de partager cette exp\u00e9rience, et j&rsquo;ai eu envie de partager cette exp\u00e9rience avec un maximum de personnes. Si la suite vous int\u00e9resse, vous pouvez la recevoir \u00e0 raison d\u2019un petit article par jour, pendant 5 jours. Une semaine sympathique s\u2019annonce, faite de d\u00e9couvertes, d\u2019\u00e9motions, de partage&#8230; Il vous suffit de vous inscrire gratuitement en cliquant ci-dessous :<\/p>\n<p style=\"text-align: center;\"><a class=\"buttonize blue\" href=\"http:\/\/www.inscription-minute.fr\/solution.aspx?code=PB07RI91&#038;bao=[urlparam param=\"bao\" default=\"\" \/]\">Inscrivez-vous pour recevoir la suite<\/a><br \/>\n<span style=\"font-size: 9pt;\">(inscription gratuite et sans engagement)<\/span><\/p>\n<p>C&rsquo;est un programme d\u2019auto-coaching d\u2019\u00e9veil d&rsquo;une semaine (un article chaque matin). Si ce que vous venez de lire vous a apport\u00e9 quelque chose, quoi que ce soit, je suis s\u00fbr que la suite vous donnera de multiples satisfactions. A travers diff\u00e9rentes approches, sous le regard du coach, parfois adulte parfois enfant, j\u2019explorerai avec vous les facettes de cette mission, qui d\u2019ann\u00e9e en ann\u00e9e m\u2019a permis de Devenir.<\/p>\n<p>Et surtout, ce sera pour moi l&rsquo;occasion de rendre hommage \u00e0 mon p\u00e8re, mon rep\u00e8re&#8230;<\/p>\n<p>Vous pouvez y inviter vos amis, en prenant soin de ne pas leur forcer la main (ne les inscrivez pas sans leur consentement). Envoyez-leur juste un courrier \u00e9lectronique avec un lien vers cette page. Ils prendront ensuite leur d\u00e9cision librement.<\/p>\n<p>Vous pouvez \u00e9galement partager cette ressource sur facebook.<\/p>\n<p>Au plaisir,<\/p>\n<p><strong>St\u00e9phane SOLOMON<\/strong><\/p>\n<div class=\"sharedaddy sd-sharing-enabled\"><div class=\"robots-nocontent sd-block sd-social sd-social-icon sd-sharing\"><h3 class=\"sd-title\">Partager\u00a0:<\/h3><div class=\"sd-content\"><ul><li class=\"share-print\"><a rel=\"nofollow\" data-shared=\"\" class=\"share-print sd-button share-icon no-text\" href=\"https:\/\/auto-coaching.fr\/la-peau-de-banane\/\" target=\"_blank\" title=\"Cliquer pour imprimer\"><span><\/span><span class=\"sharing-screen-reader-text\">Cliquer pour imprimer(ouvre dans une nouvelle fen\u00eatre)<\/span><\/a><\/li><li class=\"share-email\"><a rel=\"nofollow\" data-shared=\"\" class=\"share-email sd-button share-icon no-text\" href=\"https:\/\/auto-coaching.fr\/la-peau-de-banane\/?share=email\" target=\"_blank\" title=\"Cliquez pour envoyer par e-mail \u00e0 un ami\"><span><\/span><span class=\"sharing-screen-reader-text\">Cliquez pour envoyer par e-mail \u00e0 un ami(ouvre dans une nouvelle fen\u00eatre)<\/span><\/a><\/li><li class=\"share-facebook\"><a rel=\"nofollow\" data-shared=\"sharing-facebook-44\" class=\"share-facebook sd-button share-icon no-text\" href=\"https:\/\/auto-coaching.fr\/la-peau-de-banane\/?share=facebook\" target=\"_blank\" title=\"Partager sur Facebook\"><span><\/span><span class=\"sharing-screen-reader-text\">Partager sur Facebook(ouvre dans une nouvelle fen\u00eatre)<\/span><\/a><\/li><li class=\"share-linkedin\"><a rel=\"nofollow\" data-shared=\"sharing-linkedin-44\" class=\"share-linkedin sd-button share-icon no-text\" href=\"https:\/\/auto-coaching.fr\/la-peau-de-banane\/?share=linkedin\" target=\"_blank\" title=\"Cliquez pour partager sur LinkedIn\"><span><\/span><span class=\"sharing-screen-reader-text\">Cliquez pour partager sur LinkedIn(ouvre dans une nouvelle fen\u00eatre)<\/span><\/a><\/li><li class=\"share-twitter\"><a rel=\"nofollow\" data-shared=\"sharing-twitter-44\" class=\"share-twitter sd-button share-icon no-text\" href=\"https:\/\/auto-coaching.fr\/la-peau-de-banane\/?share=twitter\" target=\"_blank\" title=\"Partager sur Twitter\"><span><\/span><span class=\"sharing-screen-reader-text\">Partager sur Twitter(ouvre dans une nouvelle fen\u00eatre)<\/span><\/a><\/li><li class=\"share-google-plus-1\"><a rel=\"nofollow\" data-shared=\"sharing-google-44\" class=\"share-google-plus-1 sd-button share-icon no-text\" href=\"https:\/\/auto-coaching.fr\/la-peau-de-banane\/?share=google-plus-1\" target=\"_blank\" title=\"Cliquez pour partager sur Google+\"><span><\/span><span class=\"sharing-screen-reader-text\">Cliquez pour partager sur Google+(ouvre dans une nouvelle fen\u00eatre)<\/span><\/a><\/li><li class=\"share-end\"><\/li><\/ul><\/div><\/div><\/div>","protected":false},"excerpt":{"rendered":"<p>L\u2019histoire se passe en 1972. Je viens d&rsquo;avoir 5 ans, et mon p\u00e8re me donne une r\u00e8gle de conduite : Si tu vois une peau de banane par terre, ramasse-la et jette-la dans une poubelle ! Je n&rsquo;avais pas besoin &hellip; <a href=\"https:\/\/auto-coaching.fr\/la-peau-de-banane\/\">Lire la suite <span class=\"meta-nav\">&rarr;<\/span><\/a><\/p>\n<div class=\"sharedaddy sd-sharing-enabled\"><div class=\"robots-nocontent sd-block sd-social sd-social-icon sd-sharing\"><h3 class=\"sd-title\">Partager\u00a0:<\/h3><div class=\"sd-content\"><ul><li class=\"share-print\"><a rel=\"nofollow\" data-shared=\"\" class=\"share-print sd-button share-icon no-text\" href=\"https:\/\/auto-coaching.fr\/la-peau-de-banane\/\" target=\"_blank\" title=\"Cliquer pour imprimer\"><span><\/span><span class=\"sharing-screen-reader-text\">Cliquer pour imprimer(ouvre dans une nouvelle fen\u00eatre)<\/span><\/a><\/li><li class=\"share-email\"><a rel=\"nofollow\" data-shared=\"\" class=\"share-email sd-button share-icon no-text\" href=\"https:\/\/auto-coaching.fr\/la-peau-de-banane\/?share=email\" target=\"_blank\" title=\"Cliquez pour envoyer par e-mail \u00e0 un ami\"><span><\/span><span class=\"sharing-screen-reader-text\">Cliquez pour envoyer par e-mail \u00e0 un ami(ouvre dans une nouvelle fen\u00eatre)<\/span><\/a><\/li><li class=\"share-facebook\"><a rel=\"nofollow\" data-shared=\"sharing-facebook-44\" class=\"share-facebook sd-button share-icon no-text\" href=\"https:\/\/auto-coaching.fr\/la-peau-de-banane\/?share=facebook\" target=\"_blank\" title=\"Partager sur Facebook\"><span><\/span><span class=\"sharing-screen-reader-text\">Partager sur Facebook(ouvre dans une nouvelle fen\u00eatre)<\/span><\/a><\/li><li class=\"share-linkedin\"><a rel=\"nofollow\" data-shared=\"sharing-linkedin-44\" class=\"share-linkedin sd-button share-icon no-text\" href=\"https:\/\/auto-coaching.fr\/la-peau-de-banane\/?share=linkedin\" target=\"_blank\" title=\"Cliquez pour partager sur LinkedIn\"><span><\/span><span class=\"sharing-screen-reader-text\">Cliquez pour partager sur LinkedIn(ouvre dans une nouvelle fen\u00eatre)<\/span><\/a><\/li><li class=\"share-twitter\"><a rel=\"nofollow\" data-shared=\"sharing-twitter-44\" class=\"share-twitter sd-button share-icon no-text\" href=\"https:\/\/auto-coaching.fr\/la-peau-de-banane\/?share=twitter\" target=\"_blank\" title=\"Partager sur Twitter\"><span><\/span><span class=\"sharing-screen-reader-text\">Partager sur Twitter(ouvre dans une nouvelle fen\u00eatre)<\/span><\/a><\/li><li class=\"share-google-plus-1\"><a rel=\"nofollow\" data-shared=\"sharing-google-44\" class=\"share-google-plus-1 sd-button share-icon no-text\" href=\"https:\/\/auto-coaching.fr\/la-peau-de-banane\/?share=google-plus-1\" target=\"_blank\" title=\"Cliquez pour partager sur Google+\"><span><\/span><span class=\"sharing-screen-reader-text\">Cliquez pour partager sur Google+(ouvre dans une nouvelle fen\u00eatre)<\/span><\/a><\/li><li class=\"share-end\"><\/li><\/ul><\/div><\/div><\/div>","protected":false},"author":1,"featured_media":0,"parent":0,"menu_order":0,"comment_status":"open","ping_status":"open","template":"","meta":[],"_links":{"self":[{"href":"https:\/\/auto-coaching.fr\/la-peau-de-banane\/index.php\/wp-json\/wp\/v2\/pages\/44"}],"collection":[{"href":"https:\/\/auto-coaching.fr\/la-peau-de-banane\/index.php\/wp-json\/wp\/v2\/pages"}],"about":[{"href":"https:\/\/auto-coaching.fr\/la-peau-de-banane\/index.php\/wp-json\/wp\/v2\/types\/page"}],"author":[{"embeddable":true,"href":"https:\/\/auto-coaching.fr\/la-peau-de-banane\/index.php\/wp-json\/wp\/v2\/users\/1"}],"replies":[{"embeddable":true,"href":"https:\/\/auto-coaching.fr\/la-peau-de-banane\/index.php\/wp-json\/wp\/v2\/comments?post=44"}],"version-history":[{"count":71,"href":"https:\/\/auto-coaching.fr\/la-peau-de-banane\/index.php\/wp-json\/wp\/v2\/pages\/44\/revisions"}],"predecessor-version":[{"id":214,"href":"https:\/\/auto-coaching.fr\/la-peau-de-banane\/index.php\/wp-json\/wp\/v2\/pages\/44\/revisions\/214"}],"wp:attachment":[{"href":"https:\/\/auto-coaching.fr\/la-peau-de-banane\/index.php\/wp-json\/wp\/v2\/media?parent=44"}],"curies":[{"name":"wp","href":"https:\/\/api.w.org\/{rel}","templated":true}]}}