{"id":49,"date":"2013-06-23T18:43:56","date_gmt":"2013-06-23T18:43:56","guid":{"rendered":"http:\/\/auto-coaching.fr\/la-peau-de-banane\/?page_id=49"},"modified":"2015-06-07T00:33:30","modified_gmt":"2015-06-06T22:33:30","slug":"qu-est-ce-qu-un-auto-coaching","status":"publish","type":"page","link":"https:\/\/auto-coaching.fr\/la-peau-de-banane\/index.php\/qu-est-ce-qu-un-auto-coaching\/","title":{"rendered":"Qu&rsquo;est-ce qu&rsquo;un auto-coaching"},"content":{"rendered":"<p>Bienvenue dans ce programme d&rsquo;auto-coaching sur la proactivit\u00e9.  <\/p>\n<p>Pour tout vous avouer, le premier but de cette s\u00e9rie d&rsquo;articles \u00e9tait de rendre hommage \u00e0 mon p\u00e8re, qui a quitt\u00e9 ce monde il y a 6 ans. Mais mon sentiment d&rsquo;utilit\u00e9 m&rsquo;a amen\u00e9 \u00e0 le transformer en auto-coaching d&rsquo;\u00e9veil.  <\/p>\n<h2>Qu&rsquo;est-ce qu&rsquo;un coaching ?<\/h2>\n<p>Le coaching est un processus qui permet d&rsquo;approfondir ses connaissances et d&rsquo;am\u00e9liorer ses performances. Il peut s&rsquo;agir de performances sportives, commerciales, intellectuelles, spirituelles, \u00e9ducatives, etc. Tout d\u00e9pend de vos objectifs. Le coach apporte son savoir-faire m\u00e9thodologique pour d\u00e9clencher et acc\u00e9l\u00e9rer les changements, en l&rsquo;accompagnant le \u00abcoach\u00e9\u00bb vers la performance, en le guidant, et en lui permettant de mesurer ses r\u00e9sultats gr\u00e2ce \u00e0 des techniques et des outils sp\u00e9cifiques au m\u00e9tier du coaching.  <\/p>\n<h2>Qu&rsquo;est-ce qu&rsquo;un auto-coaching ?<\/h2>\n<p>L&rsquo;auto-coaching part du principe que la personne en qu\u00eate de changements peut se coacher elle-m\u00eame gr\u00e2ce \u00e0 quelques outils et techniques livr\u00e9s sous forme de guide. L&rsquo;\u00e9crit est le support le plus utilis\u00e9, mais avec l&rsquo;av\u00e8nement d&rsquo;Internet les supports audio et vid\u00e9o, ainsi que les logiciels interactifs appel\u00e9s \u00abserious games\u00bb (jeux s\u00e9rieux) sont de plus en plus utilis\u00e9s.  <\/p>\n<p>Il existe diff\u00e9rents types de coaching, et donc d&rsquo;auto-coaching :  <\/p>\n<ul>\n<li>Coaching d&rsquo;\u00e9veil\n<li>Coaching d\u00e9cisionnel\n<li>Coaching manag\u00e9rial\n<li>Coaching strat\u00e9gique\n<li>Coaching d&rsquo;orientation\n<li>Coaching d&rsquo;\u00e9panouissement personnel\n<li>Etc. <\/li>\n<\/ul>\n<p>Le coaching le plus agr\u00e9able \u00e0 mener en solitaire est le \u00abcoaching d&rsquo;\u00e9veil\u00bb. Il permet de prendre conscience de son potentiel afin d&rsquo;ouvrir la voie vers de nouvelles comp\u00e9tences. Il est particuli\u00e8rement recommand\u00e9 aux personnes qui ont l&rsquo;impression d&rsquo;avoir rat\u00e9 ou perdu une partie de leur vie ou qui doutent de leur orientation personnelle ou professionnelle.  <\/p>\n<p>L&rsquo;usage de la m\u00e9taphore via des anecdotes (parfois des contes)&nbsp; ou des \u00abbiographies express\u00bb permet d&rsquo;adopter de nouvelles attitudes. Le coach\u00e9 prend conscience du SENS de chaque \u00e9tape de sa vie, quel que soit son parcours, ce qui lui permet d&rsquo;aborder de nouveaux projets en se servant de la face cach\u00e9e de ses exp\u00e9riences, ses incidents, ses ressentis&#8230;  <\/p>\n<p>L&rsquo;auto-coaching est un processus plus lent qu&rsquo;un coaching accompagn\u00e9, mais il s\u00e9duit de plus en plus de personnes, car il est accessible m\u00eame \u00e0 ceux qui \u00abmanquent\u00bb de <strong>Temps<\/strong>, d&rsquo;<strong>Argent<\/strong> ou de <strong>Confiance<\/strong>. C&rsquo;est une alternative qui permet de d\u00e9couvrir les vertus du coaching et d&rsquo;obtenir les premiers r\u00e9sultats.  <\/p>\n<p>Je vous souhaite la bienvenue dans cet auto-coaching d&rsquo;\u00e9veil sp\u00e9cialement d\u00e9di\u00e9 \u00e0 un public qui souhaite acc\u00e9der \u00e0 la performance de fa\u00e7on autonome et responsable.  <\/p>\n<p>Votre d\u00e9vou\u00e9,  <\/p>\n<p><strong>St\u00e9phane SOLOMON<\/strong><\/p>\n","protected":false},"excerpt":{"rendered":"<p>Bienvenue dans ce programme d&rsquo;auto-coaching sur la proactivit\u00e9. Pour tout vous avouer, le premier but de cette s\u00e9rie d&rsquo;articles \u00e9tait de rendre hommage \u00e0 mon p\u00e8re, qui a quitt\u00e9 ce monde il y a 6 ans. Mais mon sentiment d&rsquo;utilit\u00e9 &hellip; <a href=\"https:\/\/auto-coaching.fr\/la-peau-de-banane\/index.php\/qu-est-ce-qu-un-auto-coaching\/\">Lire la suite <span class=\"meta-nav\">&rarr;<\/span><\/a><\/p>\n","protected":false},"author":1,"featured_media":0,"parent":0,"menu_order":0,"comment_status":"open","ping_status":"open","template":"","meta":[],"_links":{"self":[{"href":"https:\/\/auto-coaching.fr\/la-peau-de-banane\/index.php\/wp-json\/wp\/v2\/pages\/49"}],"collection":[{"href":"https:\/\/auto-coaching.fr\/la-peau-de-banane\/index.php\/wp-json\/wp\/v2\/pages"}],"about":[{"href":"https:\/\/auto-coaching.fr\/la-peau-de-banane\/index.php\/wp-json\/wp\/v2\/types\/page"}],"author":[{"embeddable":true,"href":"https:\/\/auto-coaching.fr\/la-peau-de-banane\/index.php\/wp-json\/wp\/v2\/users\/1"}],"replies":[{"embeddable":true,"href":"https:\/\/auto-coaching.fr\/la-peau-de-banane\/index.php\/wp-json\/wp\/v2\/comments?post=49"}],"version-history":[{"count":4,"href":"https:\/\/auto-coaching.fr\/la-peau-de-banane\/index.php\/wp-json\/wp\/v2\/pages\/49\/revisions"}],"predecessor-version":[{"id":190,"href":"https:\/\/auto-coaching.fr\/la-peau-de-banane\/index.php\/wp-json\/wp\/v2\/pages\/49\/revisions\/190"}],"wp:attachment":[{"href":"https:\/\/auto-coaching.fr\/la-peau-de-banane\/index.php\/wp-json\/wp\/v2\/media?parent=49"}],"curies":[{"name":"wp","href":"https:\/\/api.w.org\/{rel}","templated":true}]}}