{"id":556,"date":"2013-07-29T16:09:21","date_gmt":"2013-07-29T14:09:21","guid":{"rendered":"http:\/\/auto-coaching.fr\/timeplus\/?page_id=556"},"modified":"2013-07-29T16:09:44","modified_gmt":"2013-07-29T14:09:44","slug":"time-coach-plus","status":"publish","type":"page","link":"https:\/\/auto-coaching.fr\/timeplus\/","title":{"rendered":"TIME-COACH PLUS"},"content":{"rendered":"<p>Bravo ! Vous venez de prendre une d\u00e9cision, celle de vous inscrire \u00e0 ce programme ! Et vous avez m\u00eame entrepris les actions coh\u00e9rentes qui s&rsquo;en suivent&#8230; J&rsquo;en viens \u00e0 me demander si vous avez vraiment besoin de TIME-COACH PLUS ! <\/p>\n<p>Je plaisante&#8230; Mais cette entr\u00e9e en mati\u00e8re n&rsquo;est pas anodine, car elle d\u00e9crit bien tout ce qu&rsquo;il faut entreprendre pour atteindre un objectif. Et si celui-ci a abouti, c&rsquo;est qu&rsquo;il y a une raison simple : la d\u00e9cision et l&rsquo;action se suivent, et tout se passe de fa\u00e7on fluide et rapide. Il n&rsquo;y a ni temporisation, ni blocage, ni actions correctives. C&rsquo;est facile et c&rsquo;est automatique ! <\/p>\n<p>Le moindre probl\u00e8me technique fait reculer 8 personnes sur 10, m\u00eame lorsque le dysfonctionnement est d\u00fb \u00e0 leur utilisation ou leur mat\u00e9riel. Ce qui signifie que l&rsquo;action maladroite ou le dysfonctionnement (m\u00eame temporaire), annule la d\u00e9cision ! <\/p>\n<p>Nous explorerons d&rsquo;autres cas tr\u00e8s \u00e9vocateurs qui d\u00e9crivent les deux syst\u00e8mes (d\u00e9cisions et actions) et leurs interactions. Nous d\u00e9couvrirons de nouveaux mod\u00e8les plus coh\u00e9rents, et nous vivrons des exp\u00e9riences int\u00e9ressantes \u00e0 explorer et analyser. <\/p>\n<h2>Comment se d\u00e9roulera cet auto-coaching ?<\/h2>\n<p>Tout d&rsquo;abord, j&rsquo;aimerais situer mon r\u00f4le et le v\u00f4tre : dans ce processus, je ne suis pas votre coach, mais l&rsquo;auteur du programme TIME-COACH PLUS. <\/p>\n<p>Le coach, c&rsquo;est vous ! Vous avez \u00absign\u00e9 un contrat\u00bb avec vous-m\u00eame afin de d\u00e9velopper vos comp\u00e9tences dans le domaine de la prise de d\u00e9cision et des actions quotidiennes qui accompagnent ces d\u00e9cisions. <\/p>\n<p>TIME-COACH PLUS est donc un guide, une r\u00e9f\u00e9rence qui vous permettra de pratiquer cet auto-coaching au quotidien. Si vous souhaitez communiquer avec moi, je vous invite \u00e0 le faire (en r\u00e9pondant simplement au message du jour), tout en acceptant votre posture : vous \u00eates le coach, et je suis l&rsquo;auteur de ce guide. <\/p>\n<p>Si vous souhaitez que je devienne votre coach, ce sera dans un cadre compl\u00e8tement diff\u00e9rent. <\/p>\n<h4>TIME-COACH PLUS est bien plus qu&rsquo;une formation<\/h4>\n<p>Le programme se base sur plusieurs principes : <\/p>\n<ul>\n<li>L&rsquo;\u00e9veil (de la simple id\u00e9e \u00e0 la r\u00e9v\u00e9lation)<\/li>\n<li>La d\u00e9couverte (A travers des informations issues de diff\u00e9rentes sources)<\/li>\n<li>L&rsquo;exp\u00e9rimentation de la simple curiosit\u00e9 au rituel quotidien)<\/li>\n<li>L&rsquo;introspection personnelle (A travers des anecdotes, des questionnements et des mises en situation)<\/li>\n<li>La perception (et l&rsquo;expression &#8211; souvent \u00e9crite &#8211; de celle-ci).<\/li>\n<\/ul>\n<p>Si vous avez l&rsquo;impression d&rsquo;apprendre quelque chose de nouveau, c&rsquo;est certainement parce que vous avez l&rsquo;habitude de vivre des \u00abFormations\u00bb depuis l&rsquo;\u00e9cole, et qu&rsquo;il est rassurant de se rattacher \u00e0 un syst\u00e8me connu. Or il y a une diff\u00e9rence majeure entre Apprendre et Red\u00e9couvrir (ce que l&rsquo;on sait d\u00e9j\u00e0). <\/p>\n<p>Une formation vous transmet un nouveau savoir, vous impose des r\u00e8gles, des lois, des proc\u00e9dures&#8230; <\/p>\n<p>Un coaching vous propose de redonner la place m\u00e9rit\u00e9e \u00e0 une comp\u00e9tence refrein\u00e9e, une pratique d\u00e9laiss\u00e9e&#8230; \u00e0 recadrer une croyance en fonction d&rsquo;un contexte, \u00e0 \u00e9valuer vos peurs et envisager de nouveaux possibles, en utilisant votre potentiel acquis depuis des ann\u00e9es&#8230; C&rsquo;est pour cette raison que les progr\u00e8s sont rapides : ce que vous allez mettre en place, se fera gr\u00e2ce \u00e0 des connaissances (ou un bon sens) acquis depuis longtemps. Vous allez donner un sens nouveau \u00e0 certaines choses : celles qui vous permettront d&rsquo;avancer vers vos aspirations profondes. <\/p>\n<h2>Utilisez TIME-COACH PLUS pour gagner du temps le jour m\u00eame<\/h2>\n<p>Agissez imm\u00e9diatement, d\u00e8s la fin de votre lecture. <\/p>\n<p>Les modules que vous recevrez chaque jour ne sont pas des le\u00e7ons \u00e0 apprendre, et les exp\u00e9riences ne sont pas des devoirs \u00e0 faire \u00ab\u00e0 t\u00eate repos\u00e9e\u00bb. <\/p>\n<p>Ce programme est \u00e9tudi\u00e9 pour s&rsquo;int\u00e9grer dans votre quotidien afin de vous faire gagner du temps imm\u00e9diatement. <\/p>\n<p>Vous devez mettre TIME-COACH PLUS \u00e0 votre service, et en faire un outil instantan\u00e9ment efficace. Je suis souvent d\u00e9\u00e7u lorsqu&rsquo;on me dit : <\/p>\n<p>\u00ab\u00a0j&rsquo;aimerais suivre votre formation, mais je ne trouverai pas le temps de m&rsquo;y consacrer\u00a0\u00bb <\/p>\n<p>car je me rends compte que cette personne a besoin de TIME-COACH PLUS pour acc\u00e9l\u00e9rer ses projets mais n&rsquo;envisage pas un effet imm\u00e9diat. Or la premi\u00e8re condition pour que cela fonctionne, c&rsquo;est de suivre ce programme dans la perspective d&rsquo;en tirer avantage, le jour m\u00eame. <\/p>\n<p>La seconde condition, non loin derri\u00e8re la premi\u00e8re, est d&rsquo;accepter les id\u00e9es de bon sens et de s&rsquo;enthousiasmer face aux techniques simples. <\/p>\n<p>Ne vous dites pas : \u00abce que je viens de lire est logique, je suis d&rsquo;accord, vivement demain pour la suite&#8230;\u00bb <\/p>\n<p>Dites-vous plut\u00f4t : je vais exp\u00e9rimenter imm\u00e9diatement ce qui est propos\u00e9 dans mes projets en cours, m\u00eame si \u00e7a a l&rsquo;air simple. Tant mieux&#8230; J&rsquo;aime les choses simples ! <\/p>\n<p>Si vous consid\u00e9rez que vos techniques sont meilleures ou plus pointues que celles qui sont expos\u00e9es. Acceptez de red\u00e9couvrir la simplicit\u00e9. D\u00e9lestez-vous de vos \u00absupers outils\u00bb le temps d&rsquo;\u00e9valuer la proposition du jour. Vous pourrez toujours revenir vers vos m\u00e9thodes, si elles s&rsquo;av\u00e8rent vraiment plus efficaces pour vous. <\/p>\n<p>Apr\u00e8s quelques exp\u00e9rimentations, vous pourrez personnaliser les techniques de TIME-COACH PLUS, pour les adapter \u00e0 votre situation particuli\u00e8re. <\/p>\n<p>D&rsquo;ailleurs, tout retour d&rsquo;exp\u00e9rience sera le bienvenu. <\/p>\n<p>A bient\u00f4t, <\/p>\n<p>St\u00e9phane SOLOMON<\/p>\n","protected":false},"excerpt":{"rendered":"<p>Bravo ! Vous venez de prendre une d\u00e9cision, celle de vous inscrire \u00e0 ce programme ! Et vous avez m\u00eame entrepris les actions coh\u00e9rentes qui s&rsquo;en suivent&#8230; J&rsquo;en viens \u00e0 me demander si vous avez vraiment besoin de TIME-COACH PLUS &hellip; <a href=\"https:\/\/auto-coaching.fr\/timeplus\/\">Lire la suite <span class=\"meta-nav\">&rarr;<\/span><\/a><\/p>\n","protected":false},"author":1,"featured_media":0,"parent":0,"menu_order":0,"comment_status":"closed","ping_status":"open","template":"","meta":[],"_links":{"self":[{"href":"https:\/\/auto-coaching.fr\/timeplus\/index.php\/wp-json\/wp\/v2\/pages\/556"}],"collection":[{"href":"https:\/\/auto-coaching.fr\/timeplus\/index.php\/wp-json\/wp\/v2\/pages"}],"about":[{"href":"https:\/\/auto-coaching.fr\/timeplus\/index.php\/wp-json\/wp\/v2\/types\/page"}],"author":[{"embeddable":true,"href":"https:\/\/auto-coaching.fr\/timeplus\/index.php\/wp-json\/wp\/v2\/users\/1"}],"replies":[{"embeddable":true,"href":"https:\/\/auto-coaching.fr\/timeplus\/index.php\/wp-json\/wp\/v2\/comments?post=556"}],"version-history":[{"count":1,"href":"https:\/\/auto-coaching.fr\/timeplus\/index.php\/wp-json\/wp\/v2\/pages\/556\/revisions"}],"predecessor-version":[{"id":557,"href":"https:\/\/auto-coaching.fr\/timeplus\/index.php\/wp-json\/wp\/v2\/pages\/556\/revisions\/557"}],"wp:attachment":[{"href":"https:\/\/auto-coaching.fr\/timeplus\/index.php\/wp-json\/wp\/v2\/media?parent=556"}],"curies":[{"name":"wp","href":"https:\/\/api.w.org\/{rel}","templated":true}]}}