{"id":654,"date":"2013-08-05T12:58:41","date_gmt":"2013-08-05T10:58:41","guid":{"rendered":"http:\/\/auto-coaching.fr\/timeplus\/?page_id=654"},"modified":"2013-08-05T13:34:39","modified_gmt":"2013-08-05T11:34:39","slug":"reprogrammez-vos-paradigmes","status":"publish","type":"page","link":"https:\/\/auto-coaching.fr\/timeplus\/index.php\/reprogrammez-vos-paradigmes\/","title":{"rendered":"Reprogrammez vos paradigmes"},"content":{"rendered":"<h2>Comment les habitudes apparaissent ?<\/h2>\n<p>Pensez \u00e0 l&rsquo;une de vos habitudes. Ne choisissez pas forc\u00e9ment une habitude que vous voulez changer, il peut s&rsquo;agir d&rsquo;une habitude qui vous convient. Pensez \u00e0 votre fa\u00e7on de vous habiller, \u00e0 l&rsquo;ordre dans lequel vous faites les choses le matin ou le soir, aux postures que vous adoptez lorsque vous \u00eates au travail, dans les transports, le lieu que vous choisissez pour lire, etc. <\/p>\n<p>Essayez \u00e0 pr\u00e9sent de vous souvenir du moment o\u00f9 cette habitude est apparue. Pourquoi et comment s&rsquo;est-elle ins\u00e9r\u00e9e dans votre vie ? <\/p>\n<p>Par exemple, si vous buvez un caf\u00e9 d\u00e8s votre arriv\u00e9e au bureau le matin, remontez \u00e0 une \u00e9poque o\u00f9 vous ne le faisiez pas, et essayez de vous souvenir du moment charni\u00e8re o\u00f9 cette pratique est devenue une habitude. <\/p>\n<p>A moins qu&rsquo;elle ne soit un due \u00e0 une exp\u00e9rience marquante que vous pouvez dater, il vous sera difficile de retrouver une date pr\u00e9cise, ni m\u00eame une p\u00e9riode. C&rsquo;est une particularit\u00e9 de la plupart des habitudes : <\/p>\n<ul>\n<li>Soit vous ne vous souvenez pas du tout \u00e0 quel moment vous les avez adopt\u00e9es<\/li>\n<li>Soit vous vous en souvenez parfaitement, et vous pouvez raconter votre histoire avec pr\u00e9cision, car elle a \u00e9t\u00e9 cr\u00e9\u00e9e par un <b>incident sp\u00e9cifique<\/b> : il s&rsquo;agit d&rsquo;un \u00e9v\u00e8nement heureux (la naissance d&rsquo;un enfant, la rencontre avec une personne, votre premier emploi, etc.) ou malheureux (par exemple, un traumatisme).<\/li>\n<\/ul>\n<p>Le traitement \u00e0 r\u00e9server \u00e0 ces deux types d&rsquo;habitudes n&rsquo;est \u00e9videmment pas le m\u00eame. Car ce qui est conscient et qui peut se raconter peut plus facilement accepter un recadrage. <\/p>\n<h2>Les habitudes dues \u00e0 un incident sp\u00e9cifique<\/h2>\n<p>Si vous pouvez raconter l&rsquo;histoire de la gen\u00e8se d&rsquo;une habitude, prenez une feuille et un crayon, et \u00e9crivez cette histoire. Racontez-la comme vous le souhaitez. Vous pouvez faire un simple descriptif ou y ajouter votre humour ou des \u00e9motions fortes (tristes ou dr\u00f4les) qui vous ram\u00e8nent \u00e0 l&rsquo;\u00e9v\u00e8nement. Racontez cette histoire, et au final, \u00e9crivez : <\/p>\n<blockquote>\n<p>Voil\u00e0 pourquoi, depuis (datez l&rsquo;\u00e9v\u00e8nement), je fais ceci. Par exemple :<\/p>\n<\/blockquote>\n<ul>\n<li>Voil\u00e0 pourquoi, depuis le 11\/06\/2002, je dors la t\u00e9l\u00e9 allum\u00e9e<\/li>\n<li>Voil\u00e0 pourquoi, depuis que j&rsquo;utilise la messagerie \u00e9lectronique, j&rsquo;ai tendance \u00e0 communiquer par \u00e9crit, m\u00eame lorsque je peux le faire oralement.<\/li>\n<li>Voil\u00e0 pourquoi, depuis que j&rsquo;ai eu cette peur, je pr\u00e9f\u00e8re passer par un chemin plus long, mais plus rassurant<\/li>\n<li>Etc.<\/li>\n<\/ul>\n<p>Il est vraiment important d&rsquo;\u00e9crire et non seulement d&rsquo;imaginer l&rsquo;histoire : gravez votre retour d&rsquo;exp\u00e9rience sur papier, de fa\u00e7on \u00e0 pouvoir l&rsquo;avoir sous les yeux. <\/p>\n<p>La technique qui permet de changer ce genre d&rsquo;habitude est appel\u00e9e RECADRAGE. Le principe est de reconsid\u00e9rer votre raison, ce fameux \u00abvoil\u00e0 pourquoi\u00bb pour l&rsquo;envisager sous un autre angle de prise de vue : <\/p>\n<p>Le premier angle dans le quel vous pouvez vous placer facilement est celui de la personne plus mure, qui est capable de raisonner autrement aujourd&rsquo;hui. Dans ce cas, le \u00abvoil\u00e0 pourquoi\u00bb que vous avez \u00e9crit va vous para\u00eetre \u00e9trange : il va perdre de sa logique. Vous pourriez m\u00eame vous demander comment vous avez pu faire pour \u00e9crire une chose pareille. Et pourtant, \u00e0 l&rsquo;\u00e9poque, c&rsquo;\u00e9tait bien votre raison. Vous avez donc cr\u00e9\u00e9 une habitude qui avait du sens \u00e0 un moment de votre histoire, mais qui n&rsquo;a plus de raison d&rsquo;exister aujourd&rsquo;hui parce que vous avez \u00e9volu\u00e9. Reprenez votre feuille, et \u00e9crivez : <\/p>\n<blockquote>\n<p>Mais aujourd&rsquo;hui, les choses ont chang\u00e9 : d\u00e9sormais&#8230;<\/p>\n<\/blockquote>\n<p>Et compl\u00e9tez ce d\u00e9but de paragraphe avec votre nouvelle vision du monde. Testez ! C&rsquo;est \u00e9tonnant ce qu&rsquo;une personne \u00abautrement intelligente\u00bb est capable de faire avec une habitude. <\/p>\n<p>Par exemple : <\/p>\n<p><em>Ma messagerie est r\u00e9gl\u00e9e pour afficher un message d&rsquo;erreur lorsque j&rsquo;envois ou lorsque je dois recevoir des pi\u00e8ces-jointes de plus de 2 Mo. Je fais ce r\u00e9glage sans y penser d\u00e8s que je me cr\u00e9e une nouvelle adresse, et lorsqu&rsquo;une personne essaye de m&rsquo;envoyer un fichier plus gros, je lui explique comment le faire avec yousendit.com, et plus r\u00e9cemment avec Dropbox. Ce param\u00e9trage de ma messagerie date de 1995. A l&rsquo;\u00e9poque, il fallait plus d&rsquo;un quart d&rsquo;heure pour faire circuler des fichiers de cette taille, ce qui bloquait l&rsquo;envoi ou l&rsquo;arriv\u00e9e de messages plus urgents. De plus, on payait \u00e0 la consommation&#8230; <b>Voil\u00e0 pourquoi<\/b> depuis 1995, je param\u00e8tre syst\u00e9matiquement la taille maximum des pi\u00e8ces-jointes \u00e0 2 Mo. <b>Mais aujourd&rsquo;hui, les choses ont chang\u00e9<\/b> : d\u00e9sormais mon d\u00e9bit d&rsquo;Internet est 50 fois plus rapide. Je peux donc accepter des fichiers de 10Mo sans perdre de temps ni d&rsquo;argent, puisque l&rsquo;abonnement est un forfait mensuel qui ne d\u00e9pend plus de la quantit\u00e9 d&rsquo;informations \u00e9mises ou re\u00e7ues.<\/em> <\/p>\n<p>Vous remarquerez l&rsquo;utilisation de chiffres. M\u00eame lorsqu&rsquo;ils sont approximatifs, ils permettent de <b>faire intervenir la logique<\/b> dans les nouvelles pratiques. Bien que la plupart de nos agissements soient irrationnels, ils se justifient souvent par la logique, ou du moins, une certaine coh\u00e9rence. Nous avons donc besoin de la logique pour cr\u00e9er de nouvelles habitudes, aussi irrationnelle soient-elles ! <\/p>\n<p>Beaucoup de gens ne comprennent pas l&rsquo;int\u00e9r\u00eat d&rsquo;\u00e9crire l&rsquo;histoire. Il suffirait de s&rsquo;en souvenir, de raisonner, et d&rsquo;agir, pensent-ils&#8230; C&rsquo;est possible dans certains cas et pour certaines personnes. Mais si vous n&rsquo;y parvenez pas, ECRIVEZ ! Et faites comme si vous racontiez cette histoire \u00e0 un journaliste qui \u00e9crit votre biographie : donnez des d\u00e9tails de fa\u00e7on \u00e0 ce qu&rsquo;une personne qui ne conna\u00eet pas le contexte, ni les raisons qui vous animent, puisse comprendre les raisons de votre habitude, et du changement que vous op\u00e9rez. <\/p>\n<p>Remarquez que dans mon exemple, il y a aussi un recadrage d&rsquo;\u00e9poque. Ma fa\u00e7on de penser a chang\u00e9 parce que les technologies ont \u00e9volu\u00e9 : je m&rsquo;adapte \u00e0 mon \u00e9poque (il \u00e9tait temps !). De plus, mon ancienne pratique \u00e9tait une contrainte. J&rsquo;accueille ce changement avec un sentiment de lib\u00e9ration. Aussi curieux que cela puisse para\u00eetre, c&rsquo;est tr\u00e8s courant : nos habitudes sont souvent des contraintes qui n&rsquo;ont plus cours au bout de quelques ann\u00e9es (parfois quelques mois). <\/p>\n<p>Vous constaterez \u00e9galement en exp\u00e9rimentant cette technique, que certaines habitudes ont \u00e9t\u00e9 ancr\u00e9es, non \u00e0 cause d&rsquo;un \u00e9v\u00e8nement que vous avez v\u00e9cu, mais \u00e0 cause d&rsquo;un \u00e9v\u00e8nement racont\u00e9 par quelqu&rsquo;un d&rsquo;autre. Il est m\u00eame possible que certains films aient cr\u00e9\u00e9 des habitudes, si vous vous \u00eates fortement identifi\u00e9 au personnage. On appelle \u00e7a l&rsquo;effet catharsis : le but de l&rsquo;art th\u00e9\u00e2trale et cin\u00e9matographique est de se purger l&rsquo;esprit gr\u00e2ce au ph\u00e9nom\u00e8ne d&rsquo;identification. Regarder un film d&rsquo;action peut aider \u00e0 se lib\u00e9rer de la violence qui est en nous. Un film d&rsquo;horreur peut nous lib\u00e9rer de nos peurs, etc. Mais il arrive parfois que le film soit si \u00abprenant\u00bb, que la fa\u00e7on de penser (voix off), de parler (dialogue) ou d&rsquo;agir (image) du h\u00e9ros soit mod\u00e9lis\u00e9e au point d&#8217;emprunter une part de son identit\u00e9. <\/p>\n<p>J&rsquo;ai un ami qui parle comme Ma\u00eetre Yoda d\u00e8s qu&rsquo;il veut exprimer une pens\u00e9e profonde. Il s&rsquo;est identifi\u00e9 au h\u00e9ros, ce sage extra-terrestre de la guerre des \u00e9toiles qui organise le sujet, le compl\u00e9ment d&rsquo;objet et le verbe \u00e0 sa fa\u00e7on : \u00abDe la Force, besoin tu auras&#8230;\u00bb. Pourtant, mon ami ne vit pas dans une galaxie lointaine, il n&rsquo;est pas vert, ne mesure pas 66cm, et n&rsquo;a pas de poils aux oreilles. Ceci dit, je pr\u00e9f\u00e8re l&rsquo;entendre parler que mon neveu, qui a \u00e9t\u00e9 fortement marqu\u00e9 par un h\u00e9ros d&rsquo;une t\u00e9l\u00e9r\u00e9alit\u00e9 (dont le nom m&rsquo;\u00e9chappe). <\/p>\n<h2>Les habitudes aux origines floues<\/h2>\n<p>Les autres habitudes, celles dont les origines vous \u00e9chappent ou que vous avez l&rsquo;impression de faire depuis toujours, ont \u00e9t\u00e9 ancr\u00e9es de deux fa\u00e7ons : <\/p>\n<ul>\n<li>Soit elles vous ont \u00e9t\u00e9 transmises par vos mod\u00e8les (parents, professeurs, amis, \u00e9missions de t\u00e9l\u00e9vision r\u00e9currentes, journalistes, auteurs, leaders politiques, guide spirituel, etc.).<\/li>\n<li>Soit elles ont \u00e9t\u00e9 ancr\u00e9es par des proverbes, des citations, des fables, des contes, des textes religieux, etc.<\/li>\n<\/ul>\n<p>Bien s\u00fbr les choses ne sont pas toujours aussi simples. Il est possible que vous ayez d\u00e9cid\u00e9 de faire l&rsquo;inverse de ce que l&rsquo;un de vos \u00e9ducateurs faisait. Comme il est possible que vous trouviez une citation ou un proverbe d\u00e9pass\u00e9 ou illogique. Certaines personnes ont un ath\u00e9isme revendicateur qui les pousse \u00e0 faire le contraire de ce qui est prodigu\u00e9 dans les saintes \u00e9critures. Quoi qu&rsquo;il arrive, nous r\u00e9agissons \u00e0 ce que nous avons entendu, vu ou v\u00e9cu dans notre parcours, parfois sous forme d&rsquo;approbateurs, d&rsquo;autres fois en reniant le mod\u00e8le. <\/p>\n<p>Ces habitudes ont \u00e9t\u00e9 cr\u00e9\u00e9es par la r\u00e9p\u00e9tition. Vous est-il arriv\u00e9 de ne pas appr\u00e9cier une chanson, mais de finir par l&rsquo;appr\u00e9cier \u00e0 force de l&rsquo;\u00e9couter ? Il est m\u00eame possible que vous ne l&rsquo;appr\u00e9ciez pas, tout en la connaissant par-c\u0153ur : mieux qu&rsquo;une chanson que vous aimez, car vous l&rsquo;entendez tout le temps sur les ondes&#8230; ! <\/p>\n<p>C&rsquo;et pareil avec les pens\u00e9es. Si vous compl\u00e9tez sans trop r\u00e9fl\u00e9chir les phrases suivantes : <\/p>\n<ul>\n<li>Rien ne sert de courir&#8230;<\/li>\n<li>Tout flatteur&#8230;<\/li>\n<li>La raison du plus fort&#8230;<\/li>\n<li>Qui va \u00e0 la chasse&#8230;<\/li>\n<li>L&rsquo;argent ne fait pas&#8230;<\/li>\n<li>Aide-toi&#8230;<\/li>\n<li>\u0152il pour \u0153il&#8230;<\/li>\n<\/ul>\n<p>C&rsquo;est parce que vous les avez r\u00e9p\u00e9t\u00e9es et qu&rsquo;on vous les a r\u00e9p\u00e9t\u00e9es \u00e0 longueur de vie. Vous avez donc des habitudes de pens\u00e9e automatiques, des r\u00e9flexes mentaux (les fameux paradigmes), qui vous font penser d&rsquo;une certaine fa\u00e7on, vient ensuite l\u2019\u00e9motion imm\u00e9diate, puis la r\u00e9action quasi-automatiquement. C&rsquo;est le processus de manifestation, d\u00e9j\u00e0 \u00e9tudi\u00e9 : <\/p>\n<p><b>Paradigme-&gt;Pens\u00e9e-&gt;Emotion-&gt;Action-&gt;R\u00e9sultat<\/b> <\/p>\n<p>Mais en cas d\u2019habitude, tout se passe \u00e0 tr\u00e8s grande vitesse dans votre esprit. Vous n&rsquo;avez pas le temps de r\u00e9fl\u00e9chir : c&rsquo;est tout r\u00e9fl\u00e9chi ! L&rsquo;analyse est absente, car la r\u00e9flexion a d\u00e9j\u00e0 eu lieu par le pass\u00e9, et elle a ancr\u00e9 en vous un sentiment imm\u00e9diat. Cette phase \u00e9motionnelle est \u00e0 peine consciente, et vous r\u00e9agissez (passage \u00e0 l&rsquo;action) imm\u00e9diatement. C&rsquo;est int\u00e9ressant de savoir \u00e7a, car cela permet de surveiller certaines expressions comme : <\/p>\n<ul>\n<li>Mes mots ont d\u00e9pass\u00e9 ma pens\u00e9e&#8230;<\/li>\n<li>Je ne sais pas ce qu&rsquo;il m&rsquo;a pris&#8230;<\/li>\n<li>Ma main est partie toute seule !<\/li>\n<li>Ca me d\u00e9passe !<\/li>\n<li>C&rsquo;est comme \u00e7a ! Je n&rsquo;y peux rien&#8230;<\/li>\n<\/ul>\n<p>Ce sont vos principes ou vos aprioris qui laissent le processus suivre son cours sans approbation de votre intellect, car vous avez d\u00e9j\u00e0 approuv\u00e9 l&rsquo;id\u00e9e des mois ou des ann\u00e9es plus t\u00f4t. C&rsquo;est un \u00abmode de fonctionnement\u00bb normal, car sans ces r\u00e9flexes vous perdrez un temps fou \u00e0 revalider vos convictions \u00e0 chaque fois que vous devrez passer \u00e0 l&rsquo;action. <\/p>\n<p>Donc vous agissez de cette mani\u00e8re, parce que vous CROYEZ que c&rsquo;est comme \u00e7a qu&rsquo;on fait. Vous ne choisissez plus vos actions, parce que vous les avez d\u00e9j\u00e0 choisies. Cela vous permet d\u2019\u00eatre plus rapide, mais une question se pose :  <\/p>\n<blockquote>\n<p>Est-ce que cette fa\u00e7on d&rsquo;agir vous fait du bien ? Est-ce que vous consid\u00e9rez que le r\u00e9sultat est une r\u00e9ussite ? Si ce n&rsquo;est pas le cas, vous pouvez changer vos automatismes, en enrichissant votre esprit avec des id\u00e9es nouvelles ou en vous int\u00e9ressant \u00e0 d&rsquo;autres mod\u00e8les, qui deviendront vos \u00e9ducateurs d\u2019adulte (des mentors).<\/p>\n<\/blockquote>\n<p>Lorsque vos habitudes n&rsquo;en sont pas au stade pathologique (addictions, phobies, etc.), il est tout \u00e0 fait possible de les reprogrammer en douceur en contr\u00f4lant consciemment vos pens\u00e9es. De nouvelles pens\u00e9es auront pour effet de provoquer de nouvelles \u00e9motions, puis des actions diff\u00e9rentes, et des r\u00e9sultats inhabituels qui cr\u00e9eront un <b>incident sp\u00e9cifique<\/b>. Vous vous souviendrez de l&rsquo;exp\u00e9rience : elle va vous marquer. <\/p>\n<p>Comme nous l&rsquo;avons vu plus haut, <b>l&rsquo;incident sp\u00e9cifique<\/b> peut cr\u00e9er de nouvelles habitudes. Le tout est de reconna\u00eetre que cette r\u00e9v\u00e9lation ou cette d\u00e9couverte (due \u00e0 l&rsquo;action) a puis\u00e9 sa force dans votre nouvelle fa\u00e7on de PENSER. J\u2019insiste, car beaucoup de gens ont une <strong>attitude ingrate<\/strong> avec leurs pens\u00e9es. Ils pensent autrement, et de fil en aiguille parviennent \u00e0 de meilleurs r\u00e9sultats. Mais au moment de faire le bilan, ils se disent que ce ne sont pas leurs pens\u00e9es qui sont \u00e0 l\u2019origine de cette r\u00e9ussite, mais que le march\u00e9 a chang\u00e9 ou que les nouveaux partenaires sont efficaces, etc. <\/p>\n<p>Le march\u00e9 peut changer 10 fois par an ! Si vos pens\u00e9es ne s\u2019y adaptent pas, il restera un myst\u00e8re. Les partenaires peuvent \u00eatre sacr\u00e9ment efficaces. Si vos pens\u00e9es ne concordent pas avec leurs actions, vous ne vous associerez pas avec eux&#8230; Il est m\u00eame possible que vous ne le rencontriez m\u00eame pas. <\/p>\n<h2>Canalisez votre pens\u00e9e<\/h2>\n<p>La fa\u00e7on la plus simple de canaliser vos pens\u00e9es est la LECTURE. Par exemple, si vous lisez un livre sur \u00abla dictature fiscale\u00bb, il est \u00e9vident que vous en ressortirez avec un certain nombre de col\u00e8res et de d\u00e9nis. La s\u00e9lection qui y est faite par l&rsquo;auteur est volontairement bas\u00e9e sur le g\u00e2chis de l&rsquo;argent public et les plus grosses incoh\u00e9rences. Il ne va pas \u00e9voquer les belles initiatives, car cela lui para\u00eet normal. L&rsquo;auteur a des convictions et il m\u00e8ne un combat : il cherche des partenaires qui adh\u00e9reront \u00e0 sa cause. Plus son livre fera du bruit, plus il gagnera du terrain face au monde injuste qu&rsquo;il d\u00e9crit. <\/p>\n<p>Mais si vous lisez un livre de Louise L. Hay sur la pens\u00e9e positive, la Gratitude, la C\u00e9l\u00e9bration, l&rsquo;auto-gu\u00e9rison, l&rsquo;intuition, la Conscience d&rsquo;Etre, etc., vous en sortirez avec une toute autre vision du monde. Beaucoup de gens pensent qu&rsquo;ils ne peuvent pas contr\u00f4ler leurs pens\u00e9es. Heureusement ! Car un contr\u00f4le total serait d\u00e9sastreux pour notre cr\u00e9ativit\u00e9. Mais il vous est tout \u00e0 fait possible de vous lib\u00e9rer de certaines pens\u00e9es, en changeant vos habitudes de lectures. En d&rsquo;autres termes, si vous voulez changer d&rsquo;habitudes, LISEZ des \u0153uvres (y compris des citations tr\u00e8s courtes) qui vont dans le sens de vos nouvelles aspirations. <\/p>\n<p>Vous pouvez adh\u00e9rer \u00e0 des infolettres (Newsletter) qui se focalisent sur un centre d&rsquo;int\u00e9r\u00eat pr\u00e9cis. De m\u00eame qu&rsquo;un sportif sera plus enclin \u00e0 lire \u00abL&rsquo;Equipe\u00bb que \u00abMarianne\u00bb, vous pouvez diriger vos lectures vers le D\u00e9veloppement Personnel, la confiance en soi, la pens\u00e9e positive, la cr\u00e9ativit\u00e9, la communication, l\u2019innovation,&nbsp; etc. Certains m\u00e9dias sont gratuits, d&rsquo;autres sont payants. Rappelez-vous aussi que le choix entre le gratuit et le payant r\u00e9v\u00e8le l&rsquo;IMPORTANCE que vous accordez aux choses. Par ailleurs, si l&rsquo;auteur vous propose de contribuer (soit par un don, soit en achetant quelque chose de plus), il y a deux pens\u00e9es possibles : <\/p>\n<ul>\n<li>Certaines personnes pensent que la gratuit\u00e9 initiale est un moyen sournois de cr\u00e9er un faux besoin afin de vider le portefeuille d&rsquo;honn\u00eates gens en vendant du vent.<\/li>\n<li>D&rsquo;autres pensent que c&rsquo;est un moyen de pr\u00e9senter un \u00e9chantillon pour que l&rsquo;acheteur potentiel puisse prendre une d\u00e9cision \u00e9clair\u00e9e au moment de la proposition d&rsquo;achat.<\/li>\n<\/ul>\n<p>Il est \u00e9vident que vous d\u00e9couvrirez davantage de techniques et de solutions si vous adh\u00e9rez \u00e0 la deuxi\u00e8me \u00e9cole de pens\u00e9e. <\/p>\n<h2>Une techniques d&rsquo;excellence<\/h2>\n<p>Vous voulez changer votre fa\u00e7on de penser pour aller vers des \u00e9motions positives, davantage d\u2019actions coh\u00e9rentes et des r\u00e9sultats probants ? Commencez par mieux choisir vos dictons ! Apprenez-en de nouveaux par-c\u0153ur, et r\u00e9p\u00e9tez-les : d\u00e9clarez-les le plus souvent possible, autant que vous le faisiez avec les anciens\u2026 <\/p>\n<p>C\u2019est un bon d\u00e9but de reprogrammation volontaire. Le site <a href=\"http:\/\/www.evene.fr\/\" target=\"_blank\">EVENE.FR<\/a> vous propose des dictons et des citations par th\u00e8mes, sans parti-pris. Faites VOTRE choix. Il y a tant \u00e0 prendre et \u00e0 laisser&#8230; <\/p>\n<p>Un conseil : \u00e9vitez les citations tristes, revendicatrices, cynique, totalitaires, etc. Pr\u00e9f\u00e9rez les r\u00e9flexions philosophiques, humoristiques, ouvertes&#8230; Par ailleurs, ne vous dirigez pas automatiquement vers ce qui correspond \u00e0 vos croyances actuelles. Essayez de d\u00e9couvrir des \u00ab\u00e0 c\u00f4t\u00e9s\u00bb qui vous permettront de changer votre vision des choses. Surtout si vous savez que c&rsquo;est cette vision qui vous emp\u00eache d&rsquo;aller vers la performance. <\/p>\n<p><strong>Faites-le VRAIMENT !<\/strong> Ne vous dites pas que c\u2019est trop facile pour avoir un effet sur vous. C\u2019est un mauvais programme qui vous pousse \u00e0 penser \u00e7a ! Pour quelles raisons les choses compliqu\u00e9es auraient-elles plus d\u2019impact ? Et imaginez tout ce qui a \u00e9t\u00e9 mis en place en amont pour que vous puissiez aller \u00e0 la p\u00eache aux citations&#8230; Alors ? Est-ce toujours aussi facile ? <\/p>\n<h2>Un bonne pratique concernant ce site<br \/> (et le surf internet en g\u00e9n\u00e9ral)<\/h2>\n<p>Pour \u00e9viter de vous perdre dans la richesse de ce site (et donc de perdre du temps), observez une r\u00e8gle simple : choisissez une nouvelle citation par jour. Une seule citation ! R\u00e9\u00e9crivez-la dans un carnet ou faites un copier-coller dans un document informatique, puis refermez imm\u00e9diatement la fen\u00eatre du site. Il est possible de passer 3 minutes sur un site, aussi attirant soit-il, si vous avez un objectif pr\u00e9cis. Dans notre cas, l\u2019objectif est de choisir une citation et une seule par jour. C\u2019est une pratique simple que vous pouvez reporter dans votre TODO-List, chaque jour. <\/p>\n<p>Si ce site vous plait et vous avez envie d\u2019y passer une heure ou deux (comme pour une grille de mots crois\u00e9s, une s\u00e9ance de cin\u00e9ma, un bon resto\u2026) prenez votre agenda, et planifiez le moment o\u00f9 vous l\u2019explorerez en d\u00e9tails, avec une heure de d\u00e9but et une heure de fin d\u2019action. Prenez rendez-vous avec EVENE.FR, comme si il s&rsquo;agissait d&rsquo;une personne (et tenez votre engagement !). <\/p>\n<h2>Reprogrammation<\/h2>\n<p>Vous pensez que les nouvelles technologies peuvent vous faire gagner du temps, ou qu&rsquo;elles sont plut\u00f4t chronophages (bouffe-temps) ? La r\u00e9ponse est simple : <\/p>\n<ul>\n<li>Si vous CROYEZ que les nouvelles technologies vous font perdre du temps, plus vous vous \u00e9quiperez, plus vous en perdrez ! Vous choisirez mal vos outils et vos formations, et vous en prendrez l&rsquo;habitude !<\/li>\n<li>Si vous CROYEZ que les nouvelles technologies peuvent vous aider \u00e0 gagner du temps, vous d\u00e9couvrirez des outils simples comme des outils prodigieux qui vont vous faire gagner des heures par semaine !<\/li>\n<\/ul>\n<p>Un petit exemple : <\/p>\n<p>Connaissez-vous <a href=\"http:\/\/captvty.fr\/\">CAPTVTY<\/a> ? <\/p>\n<p>Gr\u00e2ce \u00e0 cet outil je peux r\u00e9cup\u00e9rer les REPLAY des chaines fran\u00e7aises (y compris la TNT) sous forme de fichier. Je peux donc visionner ce qui m\u2019int\u00e9resse \u00e0 post\u00e9riori, m\u00eame si je n\u2019ai pas pens\u00e9 \u00e0 enregistrer l\u2019\u00e9mission. Seuls les films \u00e0 gros budget en sont pas encore r\u00e9cup\u00e9rable. Mais les infos, les \u00e9missions-d\u00e9bat, les t\u00e9l\u00e9films, les jeux, etc. sont disponibles. <\/p>\n<p>Si vous avez l\u2019habitude de regarder le JT de 20h, vous savez que certains reportages ne vous int\u00e9ressent pas. C\u2019est le cas de la moiti\u00e9 des infos. Grace \u00e0 CAPTVTY ou au replays propos\u00e9s sur les diff\u00e9rentes chaines, vous pouvez gagner 15 minutes en sautant les s\u00e9quences qui ne vous int\u00e9ressent pas. Vous pouvez les convertir en 15 minutes pour planifier la journ\u00e9e du lendemain, par exemple. <\/p>\n<p>Ainsi, en changeant d\u2019habitude autour d\u2019une action pr\u00e9cise (le JT du soir), vous pourrez cr\u00e9er de nouvelles habitudes qui iront dans le sens de la gestion de votre temps. <\/p>\n<p>De plus, vous d\u00e9couvrirez le plaisir de diner avec les enfants, t\u00e9l\u00e9 \u00e9teinte, car vous savez que vous ne ratez pas d\u2019informations importantes. <\/p>\n<p>CAPTVTY est gratuit. Vous payez ce que vous voulez, quand vous voulez. Il vous appartient d\u2019estimer COMBIEN vaut ce confort, \u00e9ventuellement en le comparant \u00e0 d\u2019autres conforts (location d\u2019un film, appareil enregistreur, etc.) et de contribuer \u00e0 la vie du projet une fois que le b\u00e9n\u00e9fice est constat\u00e9 dans votre vie. Vous pouvez aussi d\u00e9cider qu\u2019il n\u2019y a aucune raison de payer quelque chose que vous pouvez avoir gratuitement, car vous n\u2019\u00eates pas <strong>habitu\u00e9<\/strong> \u00e0 ce mode de consommation. Vos paradigmes vous emp\u00eache de l\u2019accepter.&nbsp; <\/p>\n<p>Mais si CAPTVTY disparait de votre univers, vous saurez, en PENSEUR avis\u00e9, que c\u2019est l\u2019IMPORTANCE que vous accordez au syst\u00e8me (\u00e0 l\u2019outil et \u00e0 son mod\u00e8le \u00e9conomique) qui en est \u00e0 l\u2019origine. <\/p>\n<p>PENSEZ-y&#8230; <\/p>\n<p>A tr\u00e8s bient\u00f4t ! <\/p>\n<p>St\u00e9phane SOLOMON<\/p>\n","protected":false},"excerpt":{"rendered":"<p>Comment les habitudes apparaissent ? Pensez \u00e0 l&rsquo;une de vos habitudes. Ne choisissez pas forc\u00e9ment une habitude que vous voulez changer, il peut s&rsquo;agir d&rsquo;une habitude qui vous convient. Pensez \u00e0 votre fa\u00e7on de vous habiller, \u00e0 l&rsquo;ordre dans lequel &hellip; <a href=\"https:\/\/auto-coaching.fr\/timeplus\/index.php\/reprogrammez-vos-paradigmes\/\">Lire la suite <span class=\"meta-nav\">&rarr;<\/span><\/a><\/p>\n","protected":false},"author":1,"featured_media":0,"parent":0,"menu_order":0,"comment_status":"open","ping_status":"open","template":"","meta":[],"_links":{"self":[{"href":"https:\/\/auto-coaching.fr\/timeplus\/index.php\/wp-json\/wp\/v2\/pages\/654"}],"collection":[{"href":"https:\/\/auto-coaching.fr\/timeplus\/index.php\/wp-json\/wp\/v2\/pages"}],"about":[{"href":"https:\/\/auto-coaching.fr\/timeplus\/index.php\/wp-json\/wp\/v2\/types\/page"}],"author":[{"embeddable":true,"href":"https:\/\/auto-coaching.fr\/timeplus\/index.php\/wp-json\/wp\/v2\/users\/1"}],"replies":[{"embeddable":true,"href":"https:\/\/auto-coaching.fr\/timeplus\/index.php\/wp-json\/wp\/v2\/comments?post=654"}],"version-history":[{"count":21,"href":"https:\/\/auto-coaching.fr\/timeplus\/index.php\/wp-json\/wp\/v2\/pages\/654\/revisions"}],"predecessor-version":[{"id":675,"href":"https:\/\/auto-coaching.fr\/timeplus\/index.php\/wp-json\/wp\/v2\/pages\/654\/revisions\/675"}],"wp:attachment":[{"href":"https:\/\/auto-coaching.fr\/timeplus\/index.php\/wp-json\/wp\/v2\/media?parent=654"}],"curies":[{"name":"wp","href":"https:\/\/api.w.org\/{rel}","templated":true}]}}