{"id":708,"date":"2013-08-07T09:08:34","date_gmt":"2013-08-07T07:08:34","guid":{"rendered":"http:\/\/auto-coaching.fr\/timeplus\/?page_id=708"},"modified":"2013-08-07T13:57:12","modified_gmt":"2013-08-07T11:57:12","slug":"les-3-piliers-de-la-motivation","status":"publish","type":"page","link":"https:\/\/auto-coaching.fr\/timeplus\/index.php\/les-3-piliers-de-la-motivation\/","title":{"rendered":"Les 3 piliers de la motivation"},"content":{"rendered":"<p>L\u2019Energie humaine provoque des d\u00e9bats \u00e9pineux. Entre l\u2019approche purement \u00e9sot\u00e9rique, l\u2019approche purement scientifique et l\u2019approche perceptive (cognitive), il est difficile de trouver un accord. Les croyances sont nombreuses, il y a beaucoup de recoupements, mais aussi des d\u00e9saccords. La science reconna\u00eet la manifestation chimique d\u2019un surcroit d\u2019\u00e9nergie, mais elle reconna\u00eet aussi qu\u2019elle est loin d\u2019avoir fait le tour des causes, des effets, du r\u00f4le des organes et des zones inexplor\u00e9es.<\/p>\n<p>Finalement, l\u2019approche la plus sereine est celle de la perception :<\/p>\n<p>Lorsque vous dites \u00abJe me sens motiv\u00e9(e) ! \u00bb, vous ne savez pas quels Chakras sont ouverts ou ferm\u00e9s, et vous ne pouvez mesurer la quantit\u00e9 d\u2019adr\u00e9naline, de s\u00e9rotonine, ou d\u2019autres hormones que vous lib\u00e9rez. Vous n\u2019avez pas conscience des organes qui entrent en fonction, mais vous sentez qu\u2019une certaine Energie vous anime. Dans ce programme, c\u2019est de cette Energie-l\u00e0 que nous allons parler : celle que vous ressentez. Ajoutez-y vos croyance pendant la lecture : si vous avez envie d\u2019y m\u00ealer vos Chakras, ce que je propose ci-dessous est tout \u00e0 fait compatible avec cette croyance. Idem, si vous pr\u00e9f\u00e9rez l\u2019approche du syst\u00e8me nerveux sympathique. L\u2019essentiel est que vous reconnaissiez que parfois vous d\u00e9bordez d\u2019Energie, et que malgr\u00e9 les myst\u00e8res qui entourent les croyances, et les inconnues qui entourent la science, il y a moyen de l\u2019utiliser, l\u2019\u00e9conomiser, la manipuler, la diffuser&#8230;<\/p>\n<p>L\u2019Energie la plus facile \u00e0 reconnaitre est la forme physique, le bien-\u00eatre. Une personne fatigu\u00e9e dispose de moins &lsquo;d\u2019Energie qu\u2019une personne en pleine forme. Le sommeil et le repos sont des sources d\u2019Energie. Il s\u2019agit d\u2019une \u00e9nergies globale qui n\u2019a pas de direction pr\u00e9cise, elle est diffuse, et permet la motricit\u00e9 du corps. On peut la comparer \u00e0 un halo de lumi\u00e8re.<\/p>\n<p>La motivation est un regain d\u2019Energie vers une direction pr\u00e9cise. Elle a de nombreuses sources, parmi lesquelles, la \u00abbonne nouvelle\u00bb, la \u00absoif d\u2019apprendre\u00bb, les premiers signes d\u2019un succ\u00e8s, etc. Elle a une direction pr\u00e9cise : vous pourriez ressentir une motivation sans limite pour vous occuper de votre potager, et vous sentir compl\u00e8tement amorphe s\u2019il faut nettoyer votre cave (et inversement). C\u2019est donc une Energie canalis\u00e9e qu\u2019on peut comparer \u00e0 un faisceau laser.<\/p>\n<p>Pour que votre semaine soit \u00e9quilibr\u00e9e, la gestion de vos Energies m\u00e9rite un petit tour d\u2019horizon. Certaines personnes ne parviennent pas \u00e0 classer leurs documents administratifs \u00e0 cause du GROS TRAVAIL que cela repr\u00e9sente. Du point de vue du \u00abSYSTEME D\u2019IMPORTANCE\u00bb on peut dire qu\u2019ils n\u2019accordent pas d\u2019importance \u00e0 la paperasse. Du point de vue Energ\u00e9tique, on peut dire qu\u2019ils ne sont pas motiv\u00e9s POUR CA. Ces concepts se rejoignent, mais observer cette t\u00e2che sous diff\u00e9rents angles de prise de vue, permet d\u2019exprimer les sentiments vis \u00e0 vis de ce travail. Et les sentiments, de par les \u00e9motions qu\u2019ils d\u00e9gagent, sont les garants de l\u2019action.<\/p>\n<h2>Les 3 piliers de la motivation<\/h2>\n<p>Commencez par cliquer sur ce lien et imprimez ce document :<\/p>\n<p><a title=\"L'Equilibre PAS &agrave; PAS\" href=\"http:\/\/auto-coaching.fr\/timeplus\/wp-content\/uploads\/2013\/08\/Equilibre.pdf\" target=\"_blank\">L&rsquo;Equilibre PAS \u00e0 PAS<\/a><\/p>\n<p>Pendant un processus de changement, une d\u00e9marche \u00e9quilibr\u00e9e fait partie des pr\u00e9cautions \u00e0 prendre, \u00e0 l&rsquo;image d&rsquo;un b\u00e9b\u00e9 qui apprend \u00e0 marcher, il est probable qu&rsquo;un pas vous m\u00e8ne vers un l\u00e9ger d\u00e9s\u00e9quilibre. C&rsquo;est le pas suivant, voire le 2 ou 3 pas suivants, qui vous permettront de r\u00e9tablir l&rsquo;\u00e9quilibre afin d&rsquo;\u00e9viter la chute.<\/p>\n<blockquote>\n<p>Pendant ce temps, vous avancez !<\/p>\n<\/blockquote>\n<p>Vous pourriez partir l\u00e9g\u00e8rement sur le c\u00f4t\u00e9, puis vous r\u00e9tablirez la trajectoire. Il y aura un \u00e9cart entre le parcours pr\u00e9vu et le parcours r\u00e9el. L&rsquo;important n&rsquo;est pas tant de marcher vite, mais d&rsquo;\u00e9viter de tomber, de reculer, etc. Comment faire ?<\/p>\n<p><strong>Planifier sa semaine<\/strong> d&rsquo;avance fait partie des pratiques d\u2019excellence. La diff\u00e9rence d\u2019efficacit\u00e9 et de motivation entre ceux qui le font et ceux qui ne le font pas est \u00e9norme !<\/p>\n<p>(Il y a aussi la planification quotidienne que nous aborderons dans quelques jours).<\/p>\n<p>L\u2019outil que vous avez imprim\u00e9 est int\u00e9ressant \u00e0 utiliser lorsque vous ressentez une chute de motivation, d\u2019efficacit\u00e9, d\u2019Energie&#8230; Cela signifie que vos semaines contiennent peu d\u2019actions valorisantes, ou que leur \u00e9quilibre est mal g\u00e9r\u00e9. Dans ce cas, vous pouvez utiliser un outil de contr\u00f4le : le principe est d&rsquo;\u00e9valuer les attentes en mati\u00e8re de <strong>Performance<\/strong>, <strong>Apprentissage<\/strong> et <strong>Satisfaction<\/strong> avec une note de 0 \u00e0 3.<\/p>\n<p>Si vous observez les initiales de ces trois axes, elle forment le mot \u00abPAS\u00bb qui peut vous faire penser au fait d\u2019enclencher le mouvement (premier pas), et aussi \u00e0 l\u2019\u00e9quilibriste qui avance pas \u00e0 pas.<\/p>\n<p>Voici une exemple de dialogue interne concernant cette notation :<\/p>\n<p><strong>Performance<\/strong> :<\/p>\n<ul>\n<li>0 = C\u2019est vraiment une activit\u00e9 inintelligente, improductive, inutile. Je ne vois aucune performance possible.<\/li>\n<li>1 = Bon&#8230; si je m\u2019organise bien, je vais certainement trouver des solutions r\u00e9utilisables, qui me permettront d\u2019aller de plus en plus vite les prochaines fois. Soyons curieux.<\/li>\n<li>2 = C\u2019est le moment d\u2019agir ! 1, 2, 3 partez !<\/li>\n<li>3 = Je vais aller plus vite, plus haut, plus fort. Je vais exploser les compteurs ! Une fois que ce sera termin\u00e9, je serai un champion !<\/li>\n<\/ul>\n<p><strong>Apprentissage<\/strong> : <\/p>\n<ul>\n<li>0 = Bof&#8230; Je n\u2019apprendrai rien&#8230; Quel ennui !<\/li>\n<li>1 = Il y a bien quelque chose \u00e0 en tirer&#8230; Mais quoi ?<\/li>\n<li>2 = Je vais apprendre plein de choses, c\u2019est s\u00fbr !<\/li>\n<li>3 = Je vais vivre une r\u00e9v\u00e9lation !<\/li>\n<\/ul>\n<p><strong>Satisfaction<\/strong> :<\/p>\n<ul>\n<li>0 = Je vais perdre mon temps. Si j\u2019y passe 3 minutes, je perdrai 3 minutes, si j\u2019y passe 3 jours je perdrai 3 jours !<\/li>\n<li>1 = Ce qui est fait n\u2019est plus \u00e0 faire. Comment je vais me sentir apr\u00e8s \u00e7a ?<\/li>\n<li>2 = Ca me donne vraiment envie, c\u2019est fait pour moi !<\/li>\n<li>3 = C\u2019est ma raison de vivre, Ma mission, mon Bonheur. Je me sens \u00e0 ma place !<\/li>\n<\/ul>\n<p>Prenons un exemple de choses \u00e0 faire cette semaine :<\/p>\n<table style=\"width: 100%\" border=\"1\">\n<tbody>\n<tr>\n<th style=\"width: 380px\">T\u00e2che<\/th>\n<th style=\"text-align: center; width: 40px\">P<\/th>\n<th style=\"text-align: center; width: 40px\">A<\/th>\n<th style=\"text-align: center; width: 40px\">S<\/th>\n<th style=\"text-align: center\">Total<\/th>\n<\/tr>\n<tr>\n<td style=\"width: 380px\">Pr\u00e9parer ma premi\u00e8re tarte aux pommes \u00ab\u00a0light\u00a0\u00bb<\/td>\n<td style=\"text-align: center; width: 40px\">2<\/td>\n<td style=\"text-align: center; width: 40px\">2<\/td>\n<td style=\"text-align: center; width: 40px\">3<\/td>\n<td style=\"text-align: center\">7<\/td>\n<\/tr>\n<tr>\n<td style=\"width: 380px\">Acqu\u00e9rir un nouveau t\u00e9l\u00e9phone portable<\/td>\n<td style=\"text-align: center; width: 40px\">2<\/td>\n<td style=\"text-align: center; width: 40px\">1<\/td>\n<td style=\"text-align: center; width: 40px\">3<\/td>\n<td style=\"text-align: center\">6<\/td>\n<\/tr>\n<tr>\n<td style=\"width: 380px\">Rendez-vous avec la banque pour un cr\u00e9dit<\/td>\n<td style=\"text-align: center; width: 40px\">1<\/td>\n<td style=\"text-align: center; width: 40px\">0<\/td>\n<td style=\"text-align: center; width: 40px\">0<\/td>\n<td style=\"text-align: center\">1<\/td>\n<\/tr>\n<tr>\n<td style=\"width: 380px\">Tester des logiciels d\u2019archivage de photos<\/td>\n<td style=\"text-align: center; width: 40px\">1<\/td>\n<td style=\"text-align: center; width: 40px\">2<\/td>\n<td style=\"text-align: center; width: 40px\">2<\/td>\n<td style=\"text-align: center\">5<\/td>\n<\/tr>\n<tr>\n<td style=\"width: 380px\">Acheter un nouveau meuble de rangement<\/td>\n<td style=\"text-align: center; width: 40px\">1<\/td>\n<td style=\"text-align: center; width: 40px\">0<\/td>\n<td style=\"text-align: center; width: 40px\">1<\/td>\n<td style=\"text-align: center\">2<\/td>\n<\/tr>\n<tr>\n<td style=\"width: 380px\">Emmener la voiture au garage pour la courroie de distribution<\/td>\n<td style=\"text-align: center; width: 40px\">1<\/td>\n<td style=\"text-align: center; width: 40px\">0<\/td>\n<td style=\"text-align: center; width: 40px\">1<\/td>\n<td style=\"text-align: center\">2<\/td>\n<\/tr>\n<tr>\n<td style=\"width: 380px\">Donner un cours de piano \u00e0 Mathilde<\/td>\n<td style=\"text-align: center; width: 40px\">2<\/td>\n<td style=\"text-align: center; width: 40px\">2<\/td>\n<td style=\"text-align: center; width: 40px\">2<\/td>\n<td style=\"text-align: center\">6<\/td>\n<\/tr>\n<tr>\n<td style=\"width: 380px\"><strong>Total<\/strong><\/td>\n<td style=\"text-align: center; width: 40px\"><strong>10<\/strong><\/td>\n<td style=\"text-align: center; width: 40px\"><strong>7<\/strong><\/td>\n<td style=\"text-align: center; width: 40px\"><strong>12<\/strong><\/td>\n<td style=\"text-align: center\"><strong>29<\/strong><\/td>\n<\/tr>\n<tr>\n<td style=\"width: 380px\"><strong>Equilibre<\/strong><\/td>\n<td style=\"text-align: center; width: 40px\"><strong>35%<\/strong><\/td>\n<td style=\"text-align: center; width: 40px\"><strong>24%<\/strong><\/td>\n<td style=\"text-align: center; width: 40px\"><strong>41%<\/strong><\/td>\n<td style=\"text-align: center\"><strong>100%<\/strong><\/td>\n<\/tr>\n<\/tbody>\n<\/table>\n<p>La note que vous donnez doit correspondre \u00e0 votre PERCEPTION au moment de la planification. Ce qui signifie qu\u2019une autre personne pourrait donner une toute autre note sans que cela soir surprenant. Au contraire ! Cela rappelle que chaque personne est unique.<\/p>\n<p>Il y a forc\u00e9ment une diff\u00e9rence entre et pr\u00e9vu et le r\u00e9el. Par exemple, je pourrais \u00e9prouver une grande satisfaction en sortant de mon rendez-vous \u00e0 la banque, parce que \u00ab c&rsquo;est fait \u00bb. Mais ce que je dois noter d&rsquo;avance (au moment de planifier), c&rsquo;est mon envie d&rsquo;y aller. Et elle est proche de z\u00e9ro, m\u00eame si je sais qu&rsquo;il est possible que je sois satisfait apr\u00e8s.<\/p>\n<p>Interpr\u00e9tons un peu, sous l\u2019angle de l\u2019auto-coach :<\/p>\n<ul>\n<li>Sur le total de la colonne de droite, je peux observer ma motivation. Visiblement, le rendez-vous \u00e0 la banque est une contrainte, alors que la p\u00e2tisserie me r\u00e9jouit d&rsquo;avance.\n<li>Sur la derni\u00e8re ligne j&rsquo;observe l&rsquo;\u00e9quilibre de ma semaine : j&rsquo;ai un gros \u00e9cart entre mes attentes en Satisfaction et en Apprentissage. Je devrais \u00e9quilibrer \u00e7a en ajoutant des t\u00e2ches d\u2019apprentissage cette semaine.\n<li>Le nombre de z\u00e9ros est relativement faible. Ca va ! La semaine s\u2019annonce bien.\n<li>Visiblement la note 3 n\u2019appara\u00eet qu\u2019au niveau de la Satisfaction. Est-il possible que j\u2019accorde trop d\u2019importance \u00e0 ce sentiment, au d\u00e9triment de l\u2019Apprentissage et de la Performance ? Ou alors, c\u2019est mon esprit positif !\n<li>Donner un cours \u00e0 Mathilde est une activit\u00e9 parfaitement \u00e9quilibr\u00e9e&#8230; La seule de la semaine. Ca m\u00e9rite r\u00e9flexion : lorsque je partage ou que je transmets, je suis bien&#8230;\n<li>2 z\u00e9ros \u00e0 l\u2019id\u00e9e de rencontrer mon banquier ! C\u2019est trop&#8230; Est-ce que je pourrais envoyer quelqu\u2019un d\u2019autre \u00e0 ma place ? Je signerai juste les papiers ! Sinon, existe-t-il une banque qui permet de le faire \u00e0 distance ? C\u2019est peut-\u00eatre le moment de changer de m\u00e9thode, et donc de banque&#8230;<\/li>\n<\/ul>\n<p>Attention \u00e0 un pi\u00e8ge courant : lorsque les les totaux affichent un d\u00e9s\u00e9quilibre important, certaines personnes ont tendance \u00e0 rajouter des points. Elles revoient leur jugement en fonction du r\u00e9sultat. Ce n\u2019est pas une bonne pratique. Voici 3 fa\u00e7ons efficaces d\u2019\u00e9quilibrer une semaine :<\/p>\n<ul>\n<li>La premi\u00e8re fa\u00e7on consiste \u00e0 ajouter ou supprimer des t\u00e2ches. Il suffirait que j\u2019ajoute la lecture d\u2019un livre pour augmenter mon score d\u2019Apprentissage. Je peux aussi r\u00e9viser mes le\u00e7ons de lecture rapide. Ce qui aura pour avantage d\u2019augmenter aussi la Performance. Je peux aussi d\u00e9cider d\u2019acheter mon t\u00e9l\u00e9phone dans deux semaines. Ce n\u2019est pas une priorit\u00e9, et ma semaine restera satisfaisante.<\/li>\n<li>La deuxi\u00e8me technique d\u2019\u00e9quilibrage consiste \u00e0 transformer les t\u00e2che, de fa\u00e7on \u00e0 ce qu\u2019elles soient faites, mais que l\u2019effort soit diff\u00e9rent. En d\u00e9cidant de changer de banque \u00e0 l\u2019occasion d\u2019un cr\u00e9dit, ma notation pourrait \u00eatre diff\u00e9rente. En demandant \u00e0 ma compagne de s\u2019occuper de cette t\u00e2che (je d\u00e9l\u00e8gue), mon effort de communication ne concerne plus un fournisseur, mais une personne que j\u2019aime. Les notes seront compl\u00e8tement diff\u00e9rentes.<\/li>\n<li>La troisi\u00e8me technique consiste \u00e0 d\u00e9couper la t\u00e2che d\u00e9s\u00e9quilibrante, et d\u2019en cr\u00e9er 2 ou 3 \u00e0 r\u00e9partir sur les semaines \u00e0 venir. Dans un travail, il y a toujours des parties plus ou moins plaisantes. Il suffirait de le faire en deux fois pour que la premi\u00e8re partie \u00e9quilibre cette semaine, et la seconde \u00e9quilibre la semaine prochaine. Mais il peut aussi arriver (c\u2019est l\u2019un des myst\u00e8res de la perception humaine), qu\u2019un travail coup\u00e9 en 2 ou en 3 obtienne une meilleure moyenne que ce m\u00eame travail exprim\u00e9 en une seule fois. Ca, c\u2019est tout un art !<\/li>\n<\/ul>\n<h5>Il n\u2019est pas toujours n\u00e9cessaire d\u2019\u00e9quilibrer votre motivation. il y a des exceptions :<\/h5>\n<ul>\n<li>Si je suis en p\u00e9riode sensible (stress, fatigue&#8230;), je peux volontairement planifier davantage de Satisfaction, sachant que je n&rsquo;avancerai pas sur les autres plans. Ceci correspond \u00e0 une p\u00e9riode que j&rsquo;ai clairement identifi\u00e9e. Je tiens compte de mon biorythme, c&rsquo;est VOLONTAIRE, c&rsquo;est CONSCIENT.\n<li>Je peux aussi appr\u00e9hender le fait de commencer par 2 t\u00e2ches tr\u00e8s satisfaisantes, car elles pourraient provoquer l&rsquo;envie de continuer sur cette lanc\u00e9e. Ce tableau est donc un outil d&rsquo;\u00e9valuation, de recadrage et de contr\u00f4le : en planifiant mes activit\u00e9s hebdomadaires d&rsquo;avance au lieu de r\u00e9pondre \u00e0 mes \u00e9motions, jour apr\u00e8s jour, je vais pouvoir fixer l&rsquo;achat du portable en fin de semaine, VOLONTAIREMENT pour \u00e9viter de faire fausse route.\n<li>Je fais partie des personnes sensibles aux saisons. Je suis particuli\u00e8rement endurant au Printemps, mais l&rsquo;Hiver j&rsquo;ai besoin de plus d&rsquo;Apprentissage, et de moins de Performance. Si je ne planifie pas cet apport, il risque de surgir au cours de la semaine (achat compulsif de livres que je ne lirai pas). <\/li>\n<\/ul>\n<p>Une fois de plus, je vous propose de VOUS \u00e9couter et de VOUS d\u00e9couvrir. Si vous \u00eates en qu\u00eate de Performance en Hiver, vous r\u00e9agirez de fa\u00e7on diff\u00e9rente, et si nous sommes amen\u00e9s \u00e0 travailler ensemble, je vais m&rsquo;appuyer sur vous en Hiver, et vous vous appuierez sur moi au Printemps.<\/p>\n<h2>21 jours d&rsquo;\u00e9quilibre<\/h2>\n<p>Bien que cet outil soit recommand\u00e9 pour \u00e9quilibrer une semaine, vous pouvez ritualiser cette pratique quotidiennement au moment de dresser votre TODO-LIST afin de vous entrainer. En ajoutant cette option \u00e0 votre rituel matinal, vous n\u2019aurez plus que 7 t\u00e2ches \u00e0 jauger chaque jour. Ceci vous permettra de vous sensibiliser. Au bout de 21 jours, vous vous rendrez compte que vous n\u2019avez plus besoin de fournir un effort. Vous pourriez m\u00eame ressentir instinctivement, d\u00e8s qu\u2019une t\u00e2che se pr\u00e9sentera, une \u00e9motion repr\u00e9sentative de votre \u00e9tat interne, et non plus une qualification num\u00e9rique de 0 \u00e0 3.<\/p>\n<ul>\n<li>0 = Ennui<\/li>\n<li>1 = Curiosit\u00e9<\/li>\n<li>2 = Enthousiasme<\/li>\n<li>3 = R\u00e9alisation de soi<\/li>\n<\/ul>\n<p>Vous n&rsquo;aurez plus besoin d&rsquo;\u00e9valuer vos t\u00e2ches sur papier, elles s&rsquo;organiseront et se disciplineront d&rsquo;elles-m\u00eames, sereinement.<\/p>\n<p>Beaucoup de gens me disent que le fait de dresser ce genre de tableau est une attitude de robot. Elle se sentiraient mal \u00e0 l&rsquo;aise en se comparant \u00e0 une machine ob\u00e9issant \u00e0 des r\u00e8gles de param\u00e9trage&#8230;<\/p>\n<p>Vous n&rsquo;en savez rien ! Vous pensez que la m\u00e9thode pourrait vous g\u00eaner, vous anticipez une id\u00e9e fausse bas\u00e9e sur une croyance limitante, et vous n&rsquo;essayez pas \u00e0 cause de cela. Cette technique fait partie de la zone que vous n&rsquo;avez pas encore \u00e9clair\u00e9e. Je vous donne une lampe-torche et je vous indique la direction \u00e0 suivre. Le reste vous appartient. Il est \u00e9vident que de nombreuses cl\u00e9s de gestion du temps se trouvent dans cette voie. Essayez !<\/p>\n<p>Aucun Etre-Humain (et surtout aucun robot) au monde ne dressera le m\u00eame tableau que vous et ne pourra faire cette analyse \u00e0 votre place. La technique est commune, mais vous \u00eates unique, et vos choix sont uniques. La m\u00e9thode ne change rien \u00e0 votre personnalit\u00e9. Elle l&rsquo;affirme et d\u00e9montre votre diff\u00e9rence ! <\/p>\n<p>Tout ce que vous entreprenez de nouveau dans votre vie, n\u00e9cessite un effort, un recadrage, un \u00e9quilibre&#8230; Puis vient le moment o\u00f9 votre \u00abpilote automatique\u00bb prend le relai, afin que vous puissiez d\u00e9ployer vos efforts par ailleurs. C&rsquo;est une r\u00e9guli\u00e8re, qui vous permet de vous renouveler.<\/p>\n<p>A demain,<\/p>\n<p><strong>St\u00e9phane SOLOMON<\/strong><\/p>\n","protected":false},"excerpt":{"rendered":"<p>L\u2019Energie humaine provoque des d\u00e9bats \u00e9pineux. Entre l\u2019approche purement \u00e9sot\u00e9rique, l\u2019approche purement scientifique et l\u2019approche perceptive (cognitive), il est difficile de trouver un accord. Les croyances sont nombreuses, il y a beaucoup de recoupements, mais aussi des d\u00e9saccords. La science &hellip; <a href=\"https:\/\/auto-coaching.fr\/timeplus\/index.php\/les-3-piliers-de-la-motivation\/\">Lire la suite <span class=\"meta-nav\">&rarr;<\/span><\/a><\/p>\n","protected":false},"author":1,"featured_media":0,"parent":0,"menu_order":0,"comment_status":"open","ping_status":"open","template":"","meta":[],"_links":{"self":[{"href":"https:\/\/auto-coaching.fr\/timeplus\/index.php\/wp-json\/wp\/v2\/pages\/708"}],"collection":[{"href":"https:\/\/auto-coaching.fr\/timeplus\/index.php\/wp-json\/wp\/v2\/pages"}],"about":[{"href":"https:\/\/auto-coaching.fr\/timeplus\/index.php\/wp-json\/wp\/v2\/types\/page"}],"author":[{"embeddable":true,"href":"https:\/\/auto-coaching.fr\/timeplus\/index.php\/wp-json\/wp\/v2\/users\/1"}],"replies":[{"embeddable":true,"href":"https:\/\/auto-coaching.fr\/timeplus\/index.php\/wp-json\/wp\/v2\/comments?post=708"}],"version-history":[{"count":18,"href":"https:\/\/auto-coaching.fr\/timeplus\/index.php\/wp-json\/wp\/v2\/pages\/708\/revisions"}],"predecessor-version":[{"id":728,"href":"https:\/\/auto-coaching.fr\/timeplus\/index.php\/wp-json\/wp\/v2\/pages\/708\/revisions\/728"}],"wp:attachment":[{"href":"https:\/\/auto-coaching.fr\/timeplus\/index.php\/wp-json\/wp\/v2\/media?parent=708"}],"curies":[{"name":"wp","href":"https:\/\/api.w.org\/{rel}","templated":true}]}}