{"id":729,"date":"2013-08-08T14:01:42","date_gmt":"2013-08-08T12:01:42","guid":{"rendered":"http:\/\/auto-coaching.fr\/timeplus\/?page_id=729"},"modified":"2013-09-22T20:28:07","modified_gmt":"2013-09-22T18:28:07","slug":"faites-le-poids","status":"publish","type":"page","link":"https:\/\/auto-coaching.fr\/timeplus\/index.php\/faites-le-poids\/","title":{"rendered":"Faites le POIDS"},"content":{"rendered":"<p>Les m\u00e9thodes et les techniques nous am\u00e8nent souvent \u00e0 utiliser des abr\u00e9viations qui ont du sens. Vous en avez vu une dans mon pr\u00e9c\u00e9dent article : PAS = Performance, Apprentissage et Satisfaction, qui sont 3 axes de motivation auxquels vous pouvez rattacher vos projets, vos objectifs et vos t\u00e2ches, pour avancer pas \u00e0 pas, tel un \u00e9quilibriste.  <\/p>\n<p>De m\u00eame, vous avez SMART = Sp\u00e9cifique, Mesurable, Atteignable, R\u00e9aliste, Temporellement d\u00e9fini&#8230; SMART est une m\u00e9thode qui vous permet de d\u00e9finir vos objectifs, de fa\u00e7on \u00e9l\u00e9gante et intelligente (avec finesse). <\/p>\n<p>Intelligent et plein de finesse, c&rsquo;est la d\u00e9finition du mot SMART en anglais&#8230;  <\/p>\n<p>Pour prendre une d\u00e9cision du TAC au TAC, posez-vous 3 questions, et vous pourrez dire OUI ou NON dans 80% des cas :  <\/p>\n<ul>\n<li>Ai-je du Temps \u00e0 consacrer aux cons\u00e9quences de cette d\u00e9cision ?\n<li>Ai-je assez d&rsquo;Argent pour faire face financi\u00e8rement aux cons\u00e9quences de cette d\u00e9cision ?\n<li>Ai-je assez Confiance en moi, et aussi aux autres acteurs impliqu\u00e9s dans cette d\u00e9cision ?<\/li>\n<\/ul>\n<p>TAC=<strong>T<\/strong>emps, <strong>A<\/strong>rgent et <strong>C<\/strong>onfiance. C&rsquo;est facile \u00e0 retenir, et \u00e7a donne du sens \u00e0 votre d\u00e9cision. C&rsquo;est aussi un moyen de vous demander si la chose est IMPORTANTE pour vous.  <\/p>\n<p>Aujourd&rsquo;hui, nous allons \u00e9valuer le POIDS de votre <strong>activit\u00e9 professionnelle<\/strong>. Si vous avez adh\u00e9r\u00e9 \u00e0 TIME-COACH PLUS dans un but personnel, vous pourrez \u00e9valuer le POIDS de votre activit\u00e9 personnelle, en reformulant les exemples. Mais je pars du principe que g\u00e9rer un foyer harmonieux est aussi une question de POIDS. <\/p>\n<p>POIDS = Production, Optimisation, Intendance, D\u00e9veloppement, Sens  <\/p>\n<p>Chacune de vos activit\u00e9s quotidiennes peut \u00eatre rattach\u00e9e a \u00e0 l&rsquo;une de ces th\u00e9matiques. Voyons de quoi il s&rsquo;agit :  <\/p>\n<h2>Production<\/h2>\n<p>Quelle que soit votre fonction, vous avez une activit\u00e9 principale qui investit l\u2019essentiel de vos journ\u00e9es. Pour faire simple : <strong>c&rsquo;est l&rsquo;activit\u00e9 qui vous r\u00e9mun\u00e8re<\/strong>.  <\/p>\n<p>Par exemple, si vous \u00eates \u00e0 votre compte, vous devrez faire un peu de comptabilit\u00e9. Ne serais-ce que r\u00e9unir les documents n\u00e9cessaires et les remettre \u00e0 votre comptable. Cette activit\u00e9 est importante (pour votre entreprise), mais elle n&rsquo;est pas productive. Pendant ce temps, vous ne gagnez pas d&rsquo;argent ! Ce n\u2019est pas votre activit\u00e9 de production. <\/p>\n<p>A noter que si vous \u00eates comptable, la comptabilit\u00e9 est votre activit\u00e9 de Production. Il n&rsquo;y a donc pas de r\u00e8gle absolue, mais relative \u00e0 chaque m\u00e9tier et \u00e0 chaque fonction. De m\u00eame, si votre fonction est de g\u00e9rer un catalogue de produits ou une \u00e9quipe de productifs, la comptabilit\u00e9 analytique est productive, car c&rsquo;est un outil qui vous permet de faire votre m\u00e9tier. Vous touchez un salaire pour \u00e9tablir ces tableaux, ces graphiques, ces comptes-rendus, etc. <\/p>\n<h2>Optimisation<\/h2>\n<p>Une activit\u00e9 d&rsquo;optimisation consiste \u00e0 am\u00e9liorer l&rsquo;environnement humain, mat\u00e9riel et logiciel qui optimisera votre productivit\u00e9. Par exemple, lorsque vous testez diff\u00e9rentes solutions logicielles qui vous permettront d&rsquo;aller plus vite, vous ne gagnez pas d&rsquo;argent. Mais vous le faites dans le but d&rsquo;acc\u00e9l\u00e9rer ou de simplifier votre travail de production. Il s&rsquo;agit de distinguer ces deux t\u00e2ches, car il est \u00e9vident que si vous passez votre temps \u00e0 optimiser vos outils, vous ne produirez pas ! Ce qui n&rsquo;a aucun sens. C&rsquo;est malheureusement l&rsquo;un des travers dans lequel tombent beaucoup d&rsquo;entrepreneurs (surtout les solo), car optimiser, c&rsquo;est tr\u00e8s motivant et utile. Mais il y a une condition : la production doit \u00eatre en vitesse de croisi\u00e8re.  <\/p>\n<h2>Intendance<\/h2>\n<p>Pour reprendre un exemple d\u00e9j\u00e0 cit\u00e9, si vous avez cr\u00e9\u00e9 votre entreprise dans le but d&rsquo;exercer votre m\u00e9tier, la comptabilit\u00e9 repr\u00e9sente une activit\u00e9 d&rsquo;intendance POUR VOUS : r\u00e9unir, classer, v\u00e9rifier, transf\u00e9rer au comptable&#8230; Ca prend du temps, c&rsquo;est important, mais \u00e7a n&rsquo;a rien \u00e0 voir avec votre objectif professionnel.  <\/p>\n<p>Faire le m\u00e9nage dans vos locaux est \u00e9galement une activit\u00e9 d&rsquo;intendance. Si vous le faites vous-m\u00eame, c&rsquo;est un choix relativement co\u00fbteux en temps. Si vous faites appel \u00e0 du personnel ext\u00e9rieur, le temps n\u00e9cessaire pour vous en occuper est moindre, et se rattache plut\u00f4t \u00e0 de la comptabilit\u00e9 d\u2019intendance (payer l\u2019entreprise de nettoyage, classer la facture, etc.) ou de la communication d&rsquo;intendance (n\u00e9gocier, expliquer, recadrer).  <\/p>\n<p>Il existe d&rsquo;autres activit\u00e9s d&rsquo;Intendance comme le montage d&rsquo;un meuble, le raccordement d&rsquo;un nouveau t\u00e9l\u00e9phone, l&rsquo;installation d&rsquo;un ordinateur&#8230;  <\/p>\n<p>Sur ce dernier point, ne confondez pas Optimisation et Intendance. L&rsquo;Optimisation consiste \u00e0 am\u00e9liorer votre production gr\u00e2ce \u00e0 des solutions mat\u00e9rielles et logicielles. Mais l&rsquo;installation des logiciels et le transfert des licences est de la pure intendance. Vous pouvez d\u00e9l\u00e9guer l&rsquo;installation de logiciels \u00e0 un informaticien en quelques mots, mais vous ne lui d\u00e9l\u00e9guerez pas les t\u00e2ches d&rsquo;Optimisation de votre production. Au mieux, vous travaillerez avec un informaticien-Conseil sur les diverses solutions (optimisation), mais lorsque la d\u00e9cision sera prise, l\u2019installation est de la pure intendance. <\/p>\n<h2>D\u00e9veloppement<\/h2>\n<p>Toute entreprise aspire \u00e0 se d\u00e9velopper. Cette cat\u00e9gorie contient toutes les activit\u00e9s qui ont pour vocation de la faire \u00e9voluer. Par exemple, r\u00e9diger une publicit\u00e9 est une t\u00e2che relative au D\u00e9veloppement de l&rsquo;entreprise. Ajouter de nouveaux produits au catalogue aussi. Trouver des partenaires, embaucher, participer \u00e0 des formations et de s\u00e9minaires, augmenter le nombre de membres de son r\u00e9seau, etc. sont \u00e9galement des activit\u00e9s de D\u00e9veloppement.  <\/p>\n<p>La confusion avec l&rsquo;Optimisation est possible, mais rappelez-vous que l&rsquo;Optimisation concerne l&rsquo;am\u00e9lioration de la Production (\u00eatre plus rapide et plus efficace), alors que le D\u00e9veloppement permet surtout de multiplier la production (cr\u00e9er plus de travail, ajouter de nouvelles activit\u00e9s).  <\/p>\n<h2>Sens<\/h2>\n<p>Est-il possible que votre activit\u00e9 professionnelle ne vous apporte rien personnellement ? J&rsquo;en doute ! Certes, il existe beaucoup de gens qui ne travaillent que pour payer leur loyer, et qui seraient pr\u00eat \u00e0 accepter n&rsquo;importe quel autre poste mieux r\u00e9mun\u00e9r\u00e9. Mais ce dont je suis s\u00fbr, c&rsquo;est qu&rsquo;ils ne s&rsquo;inscriront pas \u00e0 un programme tel que TIME-COACH PLUS. Je suis donc sur un terrain conquis&#8230; Ou presque, car parfois il y a des passages \u00e0 vide qui nous font croire que ce que nous faisons n&rsquo;a aucun sens&#8230; Il est donc important de maintenir nos SENS en \u00e9veil, pour rester dans la course.  <\/p>\n<p>Lorsque vous organisez une f\u00eates de fin d&rsquo;ann\u00e9e, que vous participez au pot d&rsquo;adieu d&rsquo;un employ\u00e9, que vous aidez un client \u00e0 prendre une d\u00e9cision (qui n&rsquo;est pas forc\u00e9ment en rapport avec votre activit\u00e9), que vous commandez de pr\u00e9f\u00e9rence chez un fournisseur qui vient d&rsquo;avoir un contr\u00f4le fiscal, que vous faites un cadeau (choisi) \u00e0 un client, que vous encouragez un coll\u00e8gue \u00e0 passer un concours, etc. vous donnez du SENS \u00e0 votre activit\u00e9. Tout ceci ne pourrait exister si vous n&rsquo;aviez pas une activit\u00e9 professionnelle. Et pour beaucoup de gens, le choix m\u00eame du m\u00e9tier est nourri par ce SENS.  <\/p>\n<p>Ces activit\u00e9s demandent du temps. C&rsquo;est parfois compliqu\u00e9 au point de perturber vos priorit\u00e9s et votre planning, mais \u00e7a vaut le coup ! Le feedback \u00e9motionnel que vous ressentez vous motive pour tout le reste. D&rsquo;une certaine mani\u00e8re, les activit\u00e9s qui donnent du SENS \u00e0 votre travail produisent de l&rsquo;Energie vitale aux 4 autres activit\u00e9s.  <\/p>\n<p>Le pi\u00e8ge est comme pour toute chose, dans le dosage. Car s&rsquo;il est \u00e9vident qu&rsquo;une action solidaire (par exemple) est riche de sens, elle peut, lorsqu&rsquo;elle est mal g\u00e9r\u00e9e, saboter l&rsquo;activit\u00e9 toute enti\u00e8re. Tant au niveau du temps qu&rsquo;elle prend aux activit\u00e9s productives, qu&rsquo;au niveau de l&rsquo;image qu&rsquo;elle donne de vous. Ca m\u00e9rite r\u00e9flexion, et le point de d\u00e9part consiste \u00e0 IDENTIFIER les activit\u00e9s de ce type qui donnent de l&rsquo;Energie, et celles qui en enl\u00e8vent. Sachant que la m\u00eame activit\u00e9 peut \u00eatre particuli\u00e8rement Energ\u00e9tique en janvier et devenir n\u00e9faste en avril&#8230; C&rsquo;est donc un sujet SENSible.  <\/p>\n<h2>Retour aux techniques de base<\/h2>\n<p>La liste des choses \u00e0 faire (TODO-LIST) que vous cr\u00e9ez chaque matin sera am\u00e9lior\u00e9e dans les jours \u00e0 venir, au point de devenir un outil de pointe ! Nous allons l&rsquo;affiner ensemble. Le premier affinage que je vous propose est de qualifier vos 7 t\u00e2ches du jour en \u00e9crivant simplement une lettre entre parenth\u00e8ses derri\u00e8re son \u00e9nonc\u00e9. Cette lettre correspondra \u00e0 l&rsquo;une des initiales repr\u00e9sent\u00e9es par le mot POIDS. Vous pouvez en faire autant sur votre carte hebdomadaire, et votre crapaud du matin (<a href=\"http:\/\/auto-coaching.fr\/timeplus\/index.php\/les-trois-techniques-de-base\/\" target=\"_blank\">relisez le module 1 si n\u00e9cessaire<\/a>). Et m\u00eame avec les engagements inscrits sur votre agenda (ou le plan hebdomadaire que je vous ai livr\u00e9 dans le <a href=\"http:\/\/auto-coaching.fr\/timeplus\/index.php\/planifiez-votre-semaine\/\" target=\"_blank\">module 5<\/a>).  <\/p>\n<p>Vous disposez d&rsquo;une liste tr\u00e8s riche d\u2019activit\u00e9s. Une petite qualification vous permettra de mesurer quel temps et quelle importance vous donnez \u00e0 chaque cat\u00e9gorie. Ceci pourra expliquer bien des choses concernant votre situation. Par exemple, si vous vous comportez en optimisateur au d\u00e9triment de la production, alors que votre tr\u00e9sorerie ne le permet pas, il est temps de changer de profil quelques temps. Vous avez une explication claire et nette de la raison pour laquelle l&rsquo;argent ne rentre pas : il est temps de donner priorit\u00e9 \u00e0 la PRODUCTION. Ce contr\u00f4le, m\u00eame s\u2019il para\u00eet l\u00e9ger, vous permet d\u2019avoir des indicateurs pr\u00e9cieux.  <\/p>\n<p>Lorsque j\u2019accompagne des chefs d\u2019entreprise, apr\u00e8s analyse du P.O.I.D.S., je leur soumet, un certain nombre d\u2019interpr\u00e9tations, et ils choisissent ce qui leur para\u00eet juste. En tant qu\u2019auto-coach, il vous appartient de vous poser des questions, et de remettre en question certaines activit\u00e9s qui sont finalement moins urgentes ou moins importantes qu\u2019il n\u2019y para\u00eet.  <\/p>\n<p>Il est \u00e9galement possible que certaines t\u00e2ches manque compl\u00e8tement \u00e0 l\u2019appel. Par exemple, les t\u00e2ches d\u2019Optimisation ou les t\u00e2ches de D\u00e9veloppement.  <\/p>\n<p>&#8211; Pourquoi ?  <\/p>\n<p>Si vous vous entendez dire : \u00abparce que je n\u2019ai pas le temps !\u00bb, remplacez cette expression populaire par \u00abparce que je ne veux pas me remettre en question !\u00bb. Ainsi, vous pourrez envisager un changement positif.<\/p>\n<p>Voici une piste :<\/p>\n<h2>La loi des 80\/20<\/h2>\n<p>La loi des 80\/20 est simple d&rsquo;apparence. Lorsqu&rsquo;on la voit passer, on se dit que c&rsquo;est \u00absympa\u00bb comme id\u00e9e, et bien vrai&#8230; Mais ceux qui l&rsquo;utilisent, ceux qui d\u00e9cident de se servir de cette loi dans leur quotidien, font des miracles. C&rsquo;est un peu comme la loi de la gravit\u00e9, certaines personnes se disent que c&rsquo;est int\u00e9ressant mais inutile en pratique, d&rsquo;autres envoient des fus\u00e9es dans l&rsquo;espace !  <\/p>\n<p>La loi des 80\/20 est \u00e9nonc\u00e9e comme suit :  <\/p>\n<ul>\n<li>Environ 80% des effets sont produits par 20% des causes. <\/li>\n<\/ul>\n<p>Vous pourrez le v\u00e9rifier dans votre activit\u00e9 :  <\/p>\n<ul>\n<li>Environ 80% de votre chiffre d&rsquo;affaires est r\u00e9alis\u00e9 gr\u00e2ce \u00e0 20% des clients\n<li>80% d&rsquo;accomplissement d&rsquo;un projet, a \u00e9t\u00e9 produite par 20% des efforts\n<li>80% de votre chiffres d&rsquo;affaires est d\u00fb \u00e0 la vente de 20% de produits (de votre catalogue)\n<li>Etc.<\/li>\n<\/ul>\n<p>Quoi que vous observiez, il y a toujours une loi de 80\/20 qui peut vous sauter aux yeux !  <\/p>\n<p>Les applications commerciales sont nombreuses (par exemple : profiler les meilleurs clients pour cr\u00e9er des messages publicitaires qui les motivent sp\u00e9cifiquement,&nbsp; au lieu de cr\u00e9er des messages publicitaires qui tentent de convaincre les petits clients d\u2019acheter plus). En \u00e9conomie, cette loi apporte \u00e9galement des solutions. Mais ce qui va nous int\u00e9resser, c&rsquo;est ce qu&rsquo;elle apportera \u00e0 votre gestion du temps. Car :  <\/p>\n<blockquote>\n<p>80% des r\u00e9sultats que vous obtenez n\u00e9cessitent 20% de votre temps !<\/p>\n<\/blockquote>\n<p>Ce qui implique aussi que 80% de votre temps sert \u00e0 produire seulement 20% des r\u00e9sultats que vous obtenez&#8230; <\/p>\n<blockquote>\n<p>Dans chaque cat\u00e9gorie du POIDS, vous pourrez observer cette r\u00e8gle.<\/p>\n<\/blockquote>\n<p>Le proposition est alors la suivante :  <\/p>\n<p>Puisque vous disposez d\u2019un outil de mesure et de qualification de votre temps, et \u00e9galement un loi qui vous permet d\u2019aller plus loin, plus vite, plus haut ! Qu\u2019allez-vous pouvoir faire de tout \u00e7a ?  <\/p>\n<p>Planifiez-vous une s\u00e9ance pour y r\u00e9fl\u00e9chir ! Un vrai rendez-vous avec vous-m\u00eame, la semaine prochaine ou dans deux semaines (ne vous lancez pas tout de suite, car il est important de laisser les id\u00e9es appara\u00eetre). Continuez \u00e0 qualifier vos activit\u00e9s chaque matin avec l\u2019une des cinq initiales, et vous trouverez des moyens de consacrer davantage de temps aux activit\u00e9s qui produisent le plus de r\u00e9sultats cat\u00e9gorie par cat\u00e9gorie.  <\/p>\n<ul>\n<li>Encore plus de Production\n<li>Encore plus d\u2019Optimisation\n<li>Encore plus d\u2019Intendance\n<li>Encore plus de D\u00e9veloppement\n<li>Encore plus de SENS<\/li>\n<\/ul>\n<p>Certains clients me disent par fois :  <\/p>\n<p>&#8211; Ah non St\u00e9phane ! Surtout pas plus d\u2019Intendance. J\u2019en ai d\u00e9j\u00e0 assez comme \u00e7a&#8230; Voil\u00e0 qui est int\u00e9ressant : tr\u00e8s int\u00e9ressant ! Ca me fait penser au gens qui ne veulent pas gagner plus d\u2019argent parce qu\u2019ils ne veulent pas payer plus d\u2019imp\u00f4ts. La plupart du temps, c\u2019est parce qu\u2019ils ne savent pas optimiser leur argent, qui risque effectivement de partir vers cette contribution impos\u00e9e par l\u2019Etat, s\u2019ils ne contribuent pas autrement (et volontairement) \u00e0 mesure qu\u2019ils s\u2019enrichissent.  <\/p>\n<p>Un exemple de r\u00e9flexion simple : si vous faites vous m\u00eame votre m\u00e9nage et qu\u2019il ne s\u2019agit pas (POUR VOUS) d\u2019une activit\u00e9 pleine de SENS, qu\u2019il s\u2019agit d\u2019une contrainte obligatoire parce que vous n\u2019avez pas les moyens de faire autrement&#8230; Il vous sera plus facile de d\u00e9l\u00e9guer le m\u00e9nage \u00e0 du personnel qualifi\u00e9, lorsque votre entreprise sera plus productive. le (P), c\u2019est la source financi\u00e8re ! N\u2019en cherchez pas d\u2019autres&#8230; La solution est l\u00e0 : quelles sont les actions qui vous rapportent 80% du CA ? A quelles autres actions pouvez-vous renoncer ? Lesquelles pourriez-vous sous-traiter ? Voil\u00e0 des questions qui vous am\u00e8neront vers des activit\u00e9s de type (D). Si vous les choisissez judicieusement, quelques petits changements produiront de grands r\u00e9sultats. C\u2019est le principe des 80\/20 !  <\/p>\n<p>Conclusion du dilemme : ce n\u2019est pas parce que vous \u00eates en saturation de t\u00e2ches \u00abingrates\u00bb que vous n\u2019avez pas le temps de produire plus, mais parce que vous ne consacrez pas assez de temps \u00e0 la Production, que vous en \u00eates r\u00e9duit \u00e0 faire des t\u00e2ches \u00abingrates\u00bb.  <\/p>\n<p>A++  <\/p>\n<p><strong>St\u00e9phane SOLOMON<\/strong><\/p>\n","protected":false},"excerpt":{"rendered":"<p>Les m\u00e9thodes et les techniques nous am\u00e8nent souvent \u00e0 utiliser des abr\u00e9viations qui ont du sens. Vous en avez vu une dans mon pr\u00e9c\u00e9dent article : PAS = Performance, Apprentissage et Satisfaction, qui sont 3 axes de motivation auxquels vous &hellip; <a href=\"https:\/\/auto-coaching.fr\/timeplus\/index.php\/faites-le-poids\/\">Lire la suite <span class=\"meta-nav\">&rarr;<\/span><\/a><\/p>\n","protected":false},"author":1,"featured_media":0,"parent":0,"menu_order":0,"comment_status":"open","ping_status":"open","template":"","meta":[],"_links":{"self":[{"href":"https:\/\/auto-coaching.fr\/timeplus\/index.php\/wp-json\/wp\/v2\/pages\/729"}],"collection":[{"href":"https:\/\/auto-coaching.fr\/timeplus\/index.php\/wp-json\/wp\/v2\/pages"}],"about":[{"href":"https:\/\/auto-coaching.fr\/timeplus\/index.php\/wp-json\/wp\/v2\/types\/page"}],"author":[{"embeddable":true,"href":"https:\/\/auto-coaching.fr\/timeplus\/index.php\/wp-json\/wp\/v2\/users\/1"}],"replies":[{"embeddable":true,"href":"https:\/\/auto-coaching.fr\/timeplus\/index.php\/wp-json\/wp\/v2\/comments?post=729"}],"version-history":[{"count":24,"href":"https:\/\/auto-coaching.fr\/timeplus\/index.php\/wp-json\/wp\/v2\/pages\/729\/revisions"}],"predecessor-version":[{"id":812,"href":"https:\/\/auto-coaching.fr\/timeplus\/index.php\/wp-json\/wp\/v2\/pages\/729\/revisions\/812"}],"wp:attachment":[{"href":"https:\/\/auto-coaching.fr\/timeplus\/index.php\/wp-json\/wp\/v2\/media?parent=729"}],"curies":[{"name":"wp","href":"https:\/\/api.w.org\/{rel}","templated":true}]}}